{"id":27853,"date":"2018-12-04T12:59:40","date_gmt":"2018-12-04T11:59:40","guid":{"rendered":"https:\/\/staging.sportstarz-aquatics.com\/?page_id=27853"},"modified":"2025-06-10T15:02:05","modified_gmt":"2025-06-10T13:02:05","slug":"standorte","status":"publish","type":"page","link":"https:\/\/staging.sportstarz-aquatics.com\/de\/standorte\/","title":{"rendered":"Standorte: SportstarZ steht f\u00fcr Qualit\u00e4t."},"content":{"rendered":"<div class=\"wpb-content-wrapper\"><p>[vc_section][vc_row][vc_column]<div class=\"dt-fancy-separator h1-size style-disabled\" style=\"width: 100%;\"><div class=\"dt-fancy-title\" style=\"color: #2389bc;\"><span class=\"separator-holder separator-left\"><\/span>Standorte<span class=\"separator-holder separator-right\"><\/span><\/div><\/div><div class=\"ult-spacer spacer-69ddcadabc54d\" data-id=\"69ddcadabc54d\" data-height=\"50\" data-height-mobile=\"25\" data-height-tab=\"50\" data-height-tab-portrait=\"50\" data-height-mobile-landscape=\"25\" style=\"clear:both;display:block;\"><\/div>[vc_column_text]<\/p>\n<p class=\"normal\"><span lang=\"UZ-CYR\">Standorte. SportstarZ steht f\u00fcr Qualit\u00e4t. Deshalb w\u00e4hlen wir sorgf\u00e4ltig nur die besten Standorte f\u00fcr ein unvergessliches Sportcamp aus. Unsere Sportst\u00e4tten geh\u00f6ren zu den besten des Landes, vorzugsweise von olympischer Gr\u00f6\u00dfe, und sind stets mit den neuesten (Sport-) Techniken ausgestattet. <\/span><\/p>\n<p class=\"normal\"><span lang=\"UZ-CYR\">Auch in unserer Unterkunft w\u00e4hlen wir das gewisse Extra, keine Hektik mit Krankentragen oder Zelten, sondern tolle Atmosph\u00e4re und eine komfortable und sportliche Umgebung. Zusammen mit gen\u00fcgend Freizeitm\u00f6glichkeiten und bequemen echten Betten ist dies eine gro\u00dfartige M\u00f6glichkeit, bei uns zu bleiben. Egal f\u00fcr welchen Ort Sie sich entscheiden, SportstarZ stellt sicher, dass Sie sich voll und ganz auf das Wichtigste konzentrieren k\u00f6nnen; eine unvergessliche uns sportliche Zeit mit SportstarZ zu erleben. <\/span><\/p>\n<p>[\/vc_column_text]<div class=\"ult-spacer spacer-69ddcadabc58f\" data-id=\"69ddcadabc58f\" data-height=\"50\" data-height-mobile=\"25\" data-height-tab=\"50\" data-height-tab-portrait=\"50\" data-height-mobile-landscape=\"25\" style=\"clear:both;display:block;\"><\/div>[\/vc_column][\/vc_row][\/vc_section][vc_row type=&#8220;vc_default&#8220;][vc_column width=&#8220;1\/3&#8243;]<div class=\"dt-fancy-separator h1-size style-disabled\" style=\"width: 100%;\"><div class=\"dt-fancy-title\" style=\"color: #2389bc;\"><span class=\"separator-holder separator-left\"><\/span>W\u00fcrzburg<span class=\"separator-holder separator-right\"><\/span><\/div><\/div><div class=\"dt-fancy-separator h1-size style-disabled\" style=\"width: 100%;\"><div class=\"dt-fancy-title\" style=\"color: #2389bc;\"><span class=\"separator-holder separator-left\"><\/span>(D)<span class=\"separator-holder separator-right\"><\/span><\/div><\/div><div class=\"ult-spacer spacer-69ddcadabc645\" data-id=\"69ddcadabc645\" data-height=\"15\" data-height-mobile=\"5\" data-height-tab=\"15\" data-height-tab-portrait=\"15\" data-height-mobile-landscape=\"5\" style=\"clear:both;display:block;\"><\/div>[vc_single_image image=&#8220;45889&#8243; img_size=&#8220;400&#215;260&#8243; alignment=&#8220;center&#8220;]<div class=\"ult-spacer spacer-69ddcadabc67a\" data-id=\"69ddcadabc67a\" data-height=\"15\" data-height-mobile=\"5\" data-height-tab=\"15\" data-height-tab-portrait=\"15\" data-height-mobile-landscape=\"5\" style=\"clear:both;display:block;\"><\/div>[vc_column_text]Das Training in W\u00fcrzburg wird auf Deutsch gegeben.<\/p>\n<p class=\"normal\">W\u00fcrzburg liegt in der Mitte Deutschlands zwischen Frankfurt, Neuherberg und Stuttgart. \u00a0SportstarZ nutzt in den Sommermonaten das \u00fcberdachte Schwimmbad mit 50-Meter-Becken (Wolfgang Adami Bad) exklusiv. Dieses moderne Schwimmbad ist voll ausgestattet und entspricht den hohen Anforderungen von SportstarZ. Unsere Jugendherberge ist nur 10 Minuten vom Schwimmbad entfernt.<\/p>\n<p>[\/vc_column_text]<div class=\"ult-spacer spacer-69ddcadabc6ac\" data-id=\"69ddcadabc6ac\" data-height=\"5\" data-height-mobile=\"3\" data-height-tab=\"5\" data-height-tab-portrait=\"5\" data-height-mobile-landscape=\"3\" style=\"clear:both;display:block;\"><\/div>[\/vc_column][vc_column width=&#8220;1\/3&#8243;]<div class=\"dt-fancy-separator h1-size style-disabled\" style=\"width: 100%;\"><div class=\"dt-fancy-title\" style=\"color: #2389bc;\"><span class=\"separator-holder separator-left\"><\/span>Eindhoven<span class=\"separator-holder separator-right\"><\/span><\/div><\/div><div class=\"dt-fancy-separator h1-size style-disabled\" style=\"width: 100%;\"><div class=\"dt-fancy-title\" style=\"color: #2389bc;\"><span class=\"separator-holder separator-left\"><\/span>(NL)<span class=\"separator-holder separator-right\"><\/span><\/div><\/div><div class=\"ult-spacer spacer-69ddcadabc770\" data-id=\"69ddcadabc770\" data-height=\"15\" data-height-mobile=\"5\" data-height-tab=\"15\" data-height-tab-portrait=\"15\" data-height-mobile-landscape=\"5\" style=\"clear:both;display:block;\"><\/div>[vc_single_image image=&#8220;28776&#8243; img_size=&#8220;400&#215;260&#8243; alignment=&#8220;center&#8220; css=&#8220;&#8220;]<div class=\"ult-spacer spacer-69ddcadabc7cc\" data-id=\"69ddcadabc7cc\" data-height=\"15\" data-height-mobile=\"5\" data-height-tab=\"15\" data-height-tab-portrait=\"15\" data-height-mobile-landscape=\"5\" style=\"clear:both;display:block;\"><\/div>[vc_column_text]Das Training in Eindhoven wird auf Englisch und Niederl\u00e4ndisch gegeben.<\/p>\n<p class=\"normal\"><span lang=\"UZ-CYR\">Zweimal am Tag trainieren wir im gr\u00f6\u00dften und sch\u00f6nsten Schwimmbad Europas, dem \u201cPieter van de Hoogenband Schwimmstadion\u201d in Eindhoven. Dieser High-Tech-Schwimmkomplex ist die Heimatbasis f\u00fcr nationale Spitzensportler und zahlreiche Schwimmvereine. Wir nutzen das 50 Meter (10 Bahnen) gro\u00dfe Olympia-Schwimmbecken und das 4-Bahnen-Trainingsbecken auf dem neuesten Stand der Technik.\u00a0<\/span><\/p>\n<p>[\/vc_column_text]<div class=\"ult-spacer spacer-69ddcadabc7ff\" data-id=\"69ddcadabc7ff\" data-height=\"5\" data-height-mobile=\"3\" data-height-tab=\"5\" data-height-tab-portrait=\"5\" data-height-mobile-landscape=\"3\" style=\"clear:both;display:block;\"><\/div>[\/vc_column][vc_column width=&#8220;1\/3&#8243;]<div class=\"dt-fancy-separator h1-size style-disabled\" style=\"width: 100%;\"><div class=\"dt-fancy-title\" style=\"color: #2389bc;\"><span class=\"separator-holder separator-left\"><\/span>Londen<span class=\"separator-holder separator-right\"><\/span><\/div><\/div><div class=\"dt-fancy-separator h1-size style-disabled\" style=\"width: 100%;\"><div class=\"dt-fancy-title\" style=\"color: #2389bc;\"><span class=\"separator-holder separator-left\"><\/span>(GB)<span class=\"separator-holder separator-right\"><\/span><\/div><\/div><div class=\"ult-spacer spacer-69ddcadabc8ac\" data-id=\"69ddcadabc8ac\" data-height=\"15\" data-height-mobile=\"5\" data-height-tab=\"15\" data-height-tab-portrait=\"15\" data-height-mobile-landscape=\"5\" style=\"clear:both;display:block;\"><\/div>[vc_single_image image=&#8220;49239&#8243; img_size=&#8220;400&#215;260&#8243; alignment=&#8220;center&#8220;]<div class=\"ult-spacer spacer-69ddcadabc8da\" data-id=\"69ddcadabc8da\" data-height=\"15\" data-height-mobile=\"5\" data-height-tab=\"15\" data-height-tab-portrait=\"15\" data-height-mobile-landscape=\"5\" style=\"clear:both;display:block;\"><\/div>[vc_column_text]Das Training in London wird auf Englisch und Niederl\u00e4ndisch gegeben.<\/p>\n<p>SportstarZ TalentZ swimming camp in the pool of the 2012 Olympic Games.\u00a0Are you that swimmer who we\u2019ll find on national and international competition stages within a few years? Do you live and breath swimming, age 12 and up and hold at least a SportstarZ-TalentstarZ-limit* on one or more distances? In that case this TalentZ Camp will be definitely it for you![\/vc_column_text]<div class=\"ult-spacer spacer-69ddcadabc907\" data-id=\"69ddcadabc907\" data-height=\"5\" data-height-mobile=\"3\" data-height-tab=\"5\" data-height-tab-portrait=\"5\" data-height-mobile-landscape=\"3\" style=\"clear:both;display:block;\"><\/div>[\/vc_column][\/vc_row][vc_row][vc_column width=&#8220;1\/3&#8243;]<style type=\"text\/css\" data-type=\"the7_shortcodes-inline-css\">#default-btn-01bd3f1934b553456ba5fd535864ca57 {\n  border-radius: 0px;\n  font-size: 16px;\n  line-height: 18px;\n}\n.btn-shadow#default-btn-01bd3f1934b553456ba5fd535864ca57 {\n  box-shadow: 0 1px 6px rgba(0,0,0,0.12);\n  transition: box-shadow 0.2s ease-out, opacity 0.45s;\n}\n.btn-shadow#default-btn-01bd3f1934b553456ba5fd535864ca57:hover {\n  box-shadow: 0 5px 11px 0 rgba(0,0,0,0.18), 0 4px 15px 0 rgba(0,0,0,0.15);\n}\n.btn-3d#default-btn-01bd3f1934b553456ba5fd535864ca57 {\n  box-shadow: 0px 2px 0px 0px #2a5e78;\n}\n.btn-3d#default-btn-01bd3f1934b553456ba5fd535864ca57:hover {\n  box-shadow: 0px 2px 0px 0px #c28216;\n}\n.btn-flat#default-btn-01bd3f1934b553456ba5fd535864ca57 {\n  box-shadow: none;\n}\n.btn-flat#default-btn-01bd3f1934b553456ba5fd535864ca57:hover {\n  box-shadow: none;\n}\n#default-btn-01bd3f1934b553456ba5fd535864ca57.ico-right-side > i {\n  margin-right: 0px;\n  margin-left: 8px;\n}\n#default-btn-01bd3f1934b553456ba5fd535864ca57 > i {\n  margin-right: 8px;\n  font-size: 16px;\n}\n#default-btn-01bd3f1934b553456ba5fd535864ca57:not(:hover) {\n  border-width: 0px;\n  color: #ffffff;\n  background: #2389bc !important;\n  padding: 10px 18px 10px 16px;\n}\n#default-btn-01bd3f1934b553456ba5fd535864ca57:not(:hover) * {\n  color: #ffffff;\n}\n#default-btn-01bd3f1934b553456ba5fd535864ca57:hover {\n  border-width: 0px;\n  color: #ffffff;\n  background: #ffa916 !important;\n  padding: 10px 18px 10px 16px;\n}\n#default-btn-01bd3f1934b553456ba5fd535864ca57:hover * {\n  color: #ffffff;\n}\n#default-btn-01bd3f1934b553456ba5fd535864ca57.ico-right-side > i {\n  margin-right: 0px;\n  margin-left: 8px;\n}\n#default-btn-01bd3f1934b553456ba5fd535864ca57 > i {\n  margin-right: 8px;\n}\n<\/style><div class=\"btn-align-center\"><a href=\"https:\/\/staging.sportstarz-aquatics.com\/de\/wuerzburg-spitzenschwimmbad-mitten-in-deutschland\/\" class=\"default-btn-shortcode dt-btn link-hover-off anchor-link btn-flat \" id=\"default-btn-01bd3f1934b553456ba5fd535864ca57\" title=\"Lees meer\"><span>Mehr \u00fcber W\u00fcrzburg<\/span><\/a><\/div><div class=\"ult-spacer spacer-69ddcadabca41\" data-id=\"69ddcadabca41\" data-height=\"10\" data-height-mobile=\"5\" data-height-tab=\"10\" data-height-tab-portrait=\"10\" data-height-mobile-landscape=\"5\" style=\"clear:both;display:block;\"><\/div>[\/vc_column][vc_column width=&#8220;1\/3&#8243;]<style type=\"text\/css\" data-type=\"the7_shortcodes-inline-css\">#default-btn-e1ddf5270d9c55f9f5df5ef6156ffc88 {\n  border-radius: 0px;\n  font-size: 16px;\n  line-height: 18px;\n}\n.btn-shadow#default-btn-e1ddf5270d9c55f9f5df5ef6156ffc88 {\n  box-shadow: 0 1px 6px rgba(0,0,0,0.12);\n  transition: box-shadow 0.2s ease-out, opacity 0.45s;\n}\n.btn-shadow#default-btn-e1ddf5270d9c55f9f5df5ef6156ffc88:hover {\n  box-shadow: 0 5px 11px 0 rgba(0,0,0,0.18), 0 4px 15px 0 rgba(0,0,0,0.15);\n}\n.btn-3d#default-btn-e1ddf5270d9c55f9f5df5ef6156ffc88 {\n  box-shadow: 0px 2px 0px 0px #2a5e78;\n}\n.btn-3d#default-btn-e1ddf5270d9c55f9f5df5ef6156ffc88:hover {\n  box-shadow: 0px 2px 0px 0px #c28216;\n}\n.btn-flat#default-btn-e1ddf5270d9c55f9f5df5ef6156ffc88 {\n  box-shadow: none;\n}\n.btn-flat#default-btn-e1ddf5270d9c55f9f5df5ef6156ffc88:hover {\n  box-shadow: none;\n}\n#default-btn-e1ddf5270d9c55f9f5df5ef6156ffc88.ico-right-side > i {\n  margin-right: 0px;\n  margin-left: 8px;\n}\n#default-btn-e1ddf5270d9c55f9f5df5ef6156ffc88 > i {\n  margin-right: 8px;\n  font-size: 16px;\n}\n#default-btn-e1ddf5270d9c55f9f5df5ef6156ffc88:not(:hover) {\n  border-width: 0px;\n  color: #ffffff;\n  background: #2389bc !important;\n  padding: 10px 18px 10px 16px;\n}\n#default-btn-e1ddf5270d9c55f9f5df5ef6156ffc88:not(:hover) * {\n  color: #ffffff;\n}\n#default-btn-e1ddf5270d9c55f9f5df5ef6156ffc88:hover {\n  border-width: 0px;\n  color: #ffffff;\n  background: #ffa916 !important;\n  padding: 10px 18px 10px 16px;\n}\n#default-btn-e1ddf5270d9c55f9f5df5ef6156ffc88:hover * {\n  color: #ffffff;\n}\n#default-btn-e1ddf5270d9c55f9f5df5ef6156ffc88.ico-right-side > i {\n  margin-right: 0px;\n  margin-left: 8px;\n}\n#default-btn-e1ddf5270d9c55f9f5df5ef6156ffc88 > i {\n  margin-right: 8px;\n}\n<\/style><div class=\"btn-align-center\"><a href=\"https:\/\/staging.sportstarz-aquatics.com\/de\/standorte\/eindhoven\/\" class=\"default-btn-shortcode dt-btn link-hover-off anchor-link btn-flat \" id=\"default-btn-e1ddf5270d9c55f9f5df5ef6156ffc88\" title=\"Lees meer\"><span>Mehr \u00fcber Eindhoven<\/span><\/a><\/div><div class=\"ult-spacer spacer-69ddcadabcb21\" data-id=\"69ddcadabcb21\" data-height=\"10\" data-height-mobile=\"5\" data-height-tab=\"10\" data-height-tab-portrait=\"10\" data-height-mobile-landscape=\"5\" style=\"clear:both;display:block;\"><\/div>[\/vc_column][vc_column width=&#8220;1\/3&#8243;]<style type=\"text\/css\" data-type=\"the7_shortcodes-inline-css\">#default-btn-382794a9a2f42a43a3e3587d1a4fadcf {\n  border-radius: 0px;\n  font-size: 16px;\n  line-height: 18px;\n}\n.btn-shadow#default-btn-382794a9a2f42a43a3e3587d1a4fadcf {\n  box-shadow: 0 1px 6px rgba(0,0,0,0.12);\n  transition: box-shadow 0.2s ease-out, opacity 0.45s;\n}\n.btn-shadow#default-btn-382794a9a2f42a43a3e3587d1a4fadcf:hover {\n  box-shadow: 0 5px 11px 0 rgba(0,0,0,0.18), 0 4px 15px 0 rgba(0,0,0,0.15);\n}\n.btn-3d#default-btn-382794a9a2f42a43a3e3587d1a4fadcf {\n  box-shadow: 0px 2px 0px 0px #2a5e78;\n}\n.btn-3d#default-btn-382794a9a2f42a43a3e3587d1a4fadcf:hover {\n  box-shadow: 0px 2px 0px 0px #c28216;\n}\n.btn-flat#default-btn-382794a9a2f42a43a3e3587d1a4fadcf {\n  box-shadow: none;\n}\n.btn-flat#default-btn-382794a9a2f42a43a3e3587d1a4fadcf:hover {\n  box-shadow: none;\n}\n#default-btn-382794a9a2f42a43a3e3587d1a4fadcf.ico-right-side > i {\n  margin-right: 0px;\n  margin-left: 8px;\n}\n#default-btn-382794a9a2f42a43a3e3587d1a4fadcf > i {\n  margin-right: 8px;\n  font-size: 16px;\n}\n#default-btn-382794a9a2f42a43a3e3587d1a4fadcf:not(:hover) {\n  border-width: 0px;\n  color: #ffffff;\n  background: #2389bc !important;\n  padding: 10px 18px 10px 16px;\n}\n#default-btn-382794a9a2f42a43a3e3587d1a4fadcf:not(:hover) * {\n  color: #ffffff;\n}\n#default-btn-382794a9a2f42a43a3e3587d1a4fadcf:hover {\n  border-width: 0px;\n  color: #ffffff;\n  background: #ffa916 !important;\n  padding: 10px 18px 10px 16px;\n}\n#default-btn-382794a9a2f42a43a3e3587d1a4fadcf:hover * {\n  color: #ffffff;\n}\n#default-btn-382794a9a2f42a43a3e3587d1a4fadcf.ico-right-side > i {\n  margin-right: 0px;\n  margin-left: 8px;\n}\n#default-btn-382794a9a2f42a43a3e3587d1a4fadcf > i {\n  margin-right: 8px;\n}\n<\/style><div class=\"btn-align-center\"><a href=\"https:\/\/staging.sportstarz-aquatics.com\/de\/londen-uk\/\" class=\"default-btn-shortcode dt-btn link-hover-off anchor-link btn-flat \" id=\"default-btn-382794a9a2f42a43a3e3587d1a4fadcf\" title=\"Lees meer\"><span>Mehr \u00fcber Londen<\/span><\/a><\/div><div class=\"ult-spacer spacer-69ddcadabcc59\" data-id=\"69ddcadabcc59\" data-height=\"10\" data-height-mobile=\"5\" data-height-tab=\"10\" data-height-tab-portrait=\"10\" data-height-mobile-landscape=\"5\" style=\"clear:both;display:block;\"><\/div>[\/vc_column][\/vc_row][vc_row][vc_column]<div class=\"ult-spacer spacer-69ddcadabcc8c\" data-id=\"69ddcadabcc8c\" data-height=\"50\" data-height-mobile=\"25\" data-height-tab=\"50\" data-height-tab-portrait=\"50\" data-height-mobile-landscape=\"25\" style=\"clear:both;display:block;\"><\/div>[vc_column_text css=&#8220;&#8220;]<\/p>\n<h4>Programm 2025<\/h4>\n<p>[\/vc_column_text]<div class=\"standard-arrow list-divider bullet-top\"><ul>\n<li>\n<div class=\"flex-shrink-0 flex flex-col relative items-end\">\n<div>\n<div class=\"pt-0\">\n<h4 class=\"gizmo-bot-avatar flex h-8 w-8 items-center justify-center overflow-hidden rounded-full\">Winter<\/h4>\n<\/div>\n<\/div>\n<\/div>\n<div class=\"group\/conversation-turn relative flex w-full min-w-0 flex-col agent-turn\">\n<div class=\"flex-col gap-1 md:gap-3\">\n<div class=\"flex max-w-full flex-col flex-grow\">\n<div class=\"min-h-[20px] text-message flex w-full flex-col items-end gap-2 whitespace-normal break-words [.text-message+&amp;]:mt-5 overflow-x-auto\" dir=\"auto\" data-message-author-role=\"assistant\" data-message-id=\"3e19366c-38b3-4abf-8369-474b74d7f6ec\">\n<div class=\"flex w-full flex-col gap-1 empty:hidden first:pt-[3px]\">\n<div class=\"markdown prose w-full break-words dark:prose-invert dark\">\n<ul>\n<li>2. bis 4. Januar | Starts und Wende | Geldrop | \u00dcbernachtung Geldrop (NL)<\/li>\n<\/ul>\n<p>&nbsp;<\/p>\n<\/div>\n<h4>Sommer<\/h4>\n<div class=\"markdown prose w-full break-words dark:prose-invert dark\">\n<ul>\n<li>14. bis 18. Juli | YoungstarZ | Eindhoven | \u00dcbernachtung Geldrop (NL)<\/li>\n<li>21. bis 25. Juli | YoungstarZ | Eindhoven | \u00dcbernachtung Geldrop (NL)<\/li>\n<li>21. bis 25. Juli | TalentstarZ &amp; JuniorstarZ | Eindhoven | \u00dcbernachtung Lierop (NL)<\/li>\n<li>28. Juli bis 1. August | YoungstarZ | Eindhoven | \u00dcbernachtung Geldrop (NL)<\/li>\n<li>28. Juli bis 1. August | TalentstarZ | Eindhoven | \u00dcbernachtung Lierop (NL)<\/li>\n<li>4. bis 8. August | JuniorstarZ | Eindhoven | \u00dcbernachtung Geldrop (NL)<\/li>\n<li>4. bis 8. August | TalentstarZ | Eindhoven | \u00dcbernachtung Lierop (NL)<\/li>\n<li>11. bis 15. August | YoungstarZ | Eindhoven | \u00dcbernachtung Geldrop (NL)<\/li>\n<li>11. bis 15. August | TalentstarZ | Eindhoven | \u00dcbernachtung Lierop (NL)<\/li>\n<li>18. bis 22. August | TalentstarZ | Eindhoven | \u00dcbernachtung Lierop (NL)<\/li>\n<\/ul>\n<\/div>\n<\/div>\n<\/div>\n<\/div>\n<\/div>\n<\/div>\n<\/li>\n<\/ul>\n<\/div>[\/vc_column][\/vc_row][vc_row][vc_column width=&#8220;5\/6&#8243;][vc_single_image image=&#8220;38710&#8243;][vc_column_text]Liken Sie Unsere\u00a0<a href=\"https:\/\/www.facebook.com\/zwemkamp\/\" target=\"_blank\" rel=\"noopener noreferrer\">FacebookSeite<\/a> und bleiben Sie \u00fcber alle Entwicklungen im Bereich Schwimmen informiert. Standorte[\/vc_column_text][\/vc_column][\/vc_row]<\/p>\n<\/div>","protected":false},"excerpt":{"rendered":"<p>[vc_section][vc_row][vc_column][vc_column_text] Standorte. SportstarZ steht f\u00fcr Qualit\u00e4t. Deshalb w\u00e4hlen wir sorgf\u00e4ltig nur die besten Standorte f\u00fcr ein unvergessliches Sportcamp aus. Unsere Sportst\u00e4tten geh\u00f6ren zu den besten des Landes, vorzugsweise von olympischer Gr\u00f6\u00dfe, und sind stets mit den neuesten (Sport-) Techniken ausgestattet. Auch in unserer Unterkunft w\u00e4hlen wir das gewisse Extra, keine Hektik mit Krankentragen oder Zelten,&hellip;<\/p>\n","protected":false},"author":38,"featured_media":0,"parent":0,"menu_order":5,"comment_status":"closed","ping_status":"closed","template":"","meta":{"_acf_changed":false,"footnotes":""},"categories":[],"tags":[],"class_list":["post-27853","page","type-page","status-publish","hentry","description-off"],"acf":[],"yoast_head":"<!-- This site is optimized with the Yoast SEO plugin v25.3 - https:\/\/yoast.com\/wordpress\/plugins\/seo\/ -->\n<title>Standorte: SportstarZ steht f\u00fcr Qualit\u00e4t. - SportstarZ<\/title>\n<meta name=\"description\" content=\"Standorte: SportstarZ steht f\u00fcr Qualit\u00e4t. Deshalb w\u00e4hlen wir sorgf\u00e4ltig nur die besten Standorte f\u00fcr ein unvergessliches Sportcamp aus.\" \/>\n<meta name=\"robots\" content=\"noindex, follow, max-snippet:-1, max-image-preview:large, max-video-preview:-1\" \/>\n<meta property=\"og:locale\" content=\"de_DE\" \/>\n<meta property=\"og:type\" content=\"article\" \/>\n<meta property=\"og:title\" content=\"Standorte: SportstarZ steht f\u00fcr Qualit\u00e4t. - SportstarZ\" \/>\n<meta property=\"og:description\" content=\"Standorte: SportstarZ steht f\u00fcr Qualit\u00e4t. Deshalb w\u00e4hlen wir sorgf\u00e4ltig nur die besten Standorte f\u00fcr ein unvergessliches Sportcamp aus.\" \/>\n<meta property=\"og:url\" content=\"https:\/\/staging.sportstarz-aquatics.com\/de\/standorte\/\" \/>\n<meta property=\"og:site_name\" content=\"SportstarZ\" \/>\n<meta property=\"article:modified_time\" content=\"2025-06-10T13:02:05+00:00\" \/>\n<meta name=\"twitter:card\" content=\"summary_large_image\" \/>\n<meta name=\"twitter:label1\" content=\"Gesch\u00e4tzte Lesezeit\" \/>\n\t<meta name=\"twitter:data1\" content=\"4\u00a0Minuten\" \/>\n<script type=\"application\/ld+json\" class=\"yoast-schema-graph\">{\"@context\":\"https:\/\/schema.org\",\"@graph\":[{\"@type\":\"WebPage\",\"@id\":\"https:\/\/staging.sportstarz-aquatics.com\/de\/standorte\/\",\"url\":\"https:\/\/staging.sportstarz-aquatics.com\/de\/standorte\/\",\"name\":\"Standorte: SportstarZ steht f\u00fcr Qualit\u00e4t. - SportstarZ\",\"isPartOf\":{\"@id\":\"https:\/\/staging.sportstarz-aquatics.com\/#website\"},\"datePublished\":\"2018-12-04T11:59:40+00:00\",\"dateModified\":\"2025-06-10T13:02:05+00:00\",\"description\":\"Standorte: SportstarZ steht f\u00fcr Qualit\u00e4t. Deshalb w\u00e4hlen wir sorgf\u00e4ltig nur die besten Standorte f\u00fcr ein unvergessliches Sportcamp aus.\",\"breadcrumb\":{\"@id\":\"https:\/\/staging.sportstarz-aquatics.com\/de\/standorte\/#breadcrumb\"},\"inLanguage\":\"de\",\"potentialAction\":[{\"@type\":\"ReadAction\",\"target\":[\"https:\/\/staging.sportstarz-aquatics.com\/de\/standorte\/\"]}]},{\"@type\":\"BreadcrumbList\",\"@id\":\"https:\/\/staging.sportstarz-aquatics.com\/de\/standorte\/#breadcrumb\",\"itemListElement\":[{\"@type\":\"ListItem\",\"position\":1,\"name\":\"Home\",\"item\":\"https:\/\/staging.sportstarz-aquatics.com\/de\/\"},{\"@type\":\"ListItem\",\"position\":2,\"name\":\"Standorte: SportstarZ steht f\u00fcr Qualit\u00e4t.\"}]},{\"@type\":\"WebSite\",\"@id\":\"https:\/\/staging.sportstarz-aquatics.com\/#website\",\"url\":\"https:\/\/staging.sportstarz-aquatics.com\/\",\"name\":\"SportstarZ\",\"description\":\"Swim Camp \",\"potentialAction\":[{\"@type\":\"SearchAction\",\"target\":{\"@type\":\"EntryPoint\",\"urlTemplate\":\"https:\/\/staging.sportstarz-aquatics.com\/?s={search_term_string}\"},\"query-input\":{\"@type\":\"PropertyValueSpecification\",\"valueRequired\":true,\"valueName\":\"search_term_string\"}}],\"inLanguage\":\"de\"}]}<\/script>\n<!-- \/ Yoast SEO plugin. -->","yoast_head_json":{"title":"Standorte: SportstarZ steht f\u00fcr Qualit\u00e4t. - SportstarZ","description":"Standorte: SportstarZ steht f\u00fcr Qualit\u00e4t. Deshalb w\u00e4hlen wir sorgf\u00e4ltig nur die besten Standorte f\u00fcr ein unvergessliches Sportcamp aus.","robots":{"index":"noindex","follow":"follow","max-snippet":"max-snippet:-1","max-image-preview":"max-image-preview:large","max-video-preview":"max-video-preview:-1"},"og_locale":"de_DE","og_type":"article","og_title":"Standorte: SportstarZ steht f\u00fcr Qualit\u00e4t. - SportstarZ","og_description":"Standorte: SportstarZ steht f\u00fcr Qualit\u00e4t. Deshalb w\u00e4hlen wir sorgf\u00e4ltig nur die besten Standorte f\u00fcr ein unvergessliches Sportcamp aus.","og_url":"https:\/\/staging.sportstarz-aquatics.com\/de\/standorte\/","og_site_name":"SportstarZ","article_modified_time":"2025-06-10T13:02:05+00:00","twitter_card":"summary_large_image","twitter_misc":{"Gesch\u00e4tzte Lesezeit":"4\u00a0Minuten"},"schema":{"@context":"https:\/\/schema.org","@graph":[{"@type":"WebPage","@id":"https:\/\/staging.sportstarz-aquatics.com\/de\/standorte\/","url":"https:\/\/staging.sportstarz-aquatics.com\/de\/standorte\/","name":"Standorte: SportstarZ steht f\u00fcr Qualit\u00e4t. - SportstarZ","isPartOf":{"@id":"https:\/\/staging.sportstarz-aquatics.com\/#website"},"datePublished":"2018-12-04T11:59:40+00:00","dateModified":"2025-06-10T13:02:05+00:00","description":"Standorte: SportstarZ steht f\u00fcr Qualit\u00e4t. Deshalb w\u00e4hlen wir sorgf\u00e4ltig nur die besten Standorte f\u00fcr ein unvergessliches Sportcamp aus.","breadcrumb":{"@id":"https:\/\/staging.sportstarz-aquatics.com\/de\/standorte\/#breadcrumb"},"inLanguage":"de","potentialAction":[{"@type":"ReadAction","target":["https:\/\/staging.sportstarz-aquatics.com\/de\/standorte\/"]}]},{"@type":"BreadcrumbList","@id":"https:\/\/staging.sportstarz-aquatics.com\/de\/standorte\/#breadcrumb","itemListElement":[{"@type":"ListItem","position":1,"name":"Home","item":"https:\/\/staging.sportstarz-aquatics.com\/de\/"},{"@type":"ListItem","position":2,"name":"Standorte: SportstarZ steht f\u00fcr Qualit\u00e4t."}]},{"@type":"WebSite","@id":"https:\/\/staging.sportstarz-aquatics.com\/#website","url":"https:\/\/staging.sportstarz-aquatics.com\/","name":"SportstarZ","description":"Swim Camp ","potentialAction":[{"@type":"SearchAction","target":{"@type":"EntryPoint","urlTemplate":"https:\/\/staging.sportstarz-aquatics.com\/?s={search_term_string}"},"query-input":{"@type":"PropertyValueSpecification","valueRequired":true,"valueName":"search_term_string"}}],"inLanguage":"de"}]}},"_links":{"self":[{"href":"https:\/\/staging.sportstarz-aquatics.com\/de\/wp-json\/wp\/v2\/pages\/27853","targetHints":{"allow":["GET"]}}],"collection":[{"href":"https:\/\/staging.sportstarz-aquatics.com\/de\/wp-json\/wp\/v2\/pages"}],"about":[{"href":"https:\/\/staging.sportstarz-aquatics.com\/de\/wp-json\/wp\/v2\/types\/page"}],"author":[{"embeddable":true,"href":"https:\/\/staging.sportstarz-aquatics.com\/de\/wp-json\/wp\/v2\/users\/38"}],"replies":[{"embeddable":true,"href":"https:\/\/staging.sportstarz-aquatics.com\/de\/wp-json\/wp\/v2\/comments?post=27853"}],"version-history":[{"count":114,"href":"https:\/\/staging.sportstarz-aquatics.com\/de\/wp-json\/wp\/v2\/pages\/27853\/revisions"}],"predecessor-version":[{"id":52684,"href":"https:\/\/staging.sportstarz-aquatics.com\/de\/wp-json\/wp\/v2\/pages\/27853\/revisions\/52684"}],"wp:attachment":[{"href":"https:\/\/staging.sportstarz-aquatics.com\/de\/wp-json\/wp\/v2\/media?parent=27853"}],"wp:term":[{"taxonomy":"category","embeddable":true,"href":"https:\/\/staging.sportstarz-aquatics.com\/de\/wp-json\/wp\/v2\/categories?post=27853"},{"taxonomy":"post_tag","embeddable":true,"href":"https:\/\/staging.sportstarz-aquatics.com\/de\/wp-json\/wp\/v2\/tags?post=27853"}],"curies":[{"name":"wp","href":"https:\/\/api.w.org\/{rel}","templated":true}]}}