{"id":27882,"date":"2018-12-06T09:02:43","date_gmt":"2018-12-06T08:02:43","guid":{"rendered":"https:\/\/staging.sportstarz-aquatics.com\/?page_id=27882"},"modified":"2021-11-04T21:10:10","modified_gmt":"2021-11-04T20:10:10","slug":"gruppenreisen","status":"publish","type":"page","link":"https:\/\/staging.sportstarz-aquatics.com\/de\/gruppenreisen\/","title":{"rendered":"Gruppenreisen Trainingslager f\u00fcr Ihren Verein."},"content":{"rendered":"<div class=\"wpb-content-wrapper\"><p>[vc_row][vc_column width=&#8220;1\/2&#8243;]<div class=\"dt-fancy-separator title-left h1-size style-disabled\" style=\"width: 100%;\"><div class=\"dt-fancy-title\" style=\"color: #2389bc;\"><span class=\"separator-holder separator-left\"><\/span>Gruppenreisen<span class=\"separator-holder separator-right\"><\/span><\/div><\/div><div class=\"dt-fancy-separator title-left h2-size style-disabled\" style=\"width: 100%;\"><div class=\"dt-fancy-title\" style=\"color: #000000;\"><span class=\"separator-holder separator-left\"><\/span>swimcamptravel.nl<span class=\"separator-holder separator-right\"><\/span><\/div><\/div><div class=\"ult-spacer spacer-69dde1c52475b\" data-id=\"69dde1c52475b\" data-height=\"25\" data-height-mobile=\"10\" data-height-tab=\"25\" data-height-tab-portrait=\"25\" data-height-mobile-landscape=\"10\" style=\"clear:both;display:block;\"><\/div>[vc_column_text]<\/p>\n<p class=\"normal\"><span lang=\"UZ-CYR\">Gruppenreisen: Neben individueller Teilnahme bietet SportstarZ auch komplett exklusive Programme f\u00fcr Ihren Club oder Ihre Schwimmgruppe basierend auf Ihren spezifischen W\u00fcnschen an. Mit viel Erfahrung und einem Netzwerk im Schwimmsport, besitzt SportstarZ die M\u00f6glichkeit aus Ihrem Schwimm trainingslager einen gro\u00dfen Erfolg zu machen. Wir organisieren Trainingskurse f\u00fcr Gruppen von zehn bis hundert Schwimmern. SportstarZ wird sich versichern, dass Ihr Besuch erinnernswert sein wird.\u00a0 <\/span><\/p>\n<p class=\"normal\"><span lang=\"UZ-CYR\">Wir sind in der Lage jeglichen Wunsch zu erf\u00fcllen: Schwimmbad, Unterkunft, Transfer, Erholungs Programme, alles ist m\u00f6glich. SportstarZ besitzt ein gro\u00dfes Netzwerk in welchem die besten Pools aus Europa beinhaltet sind. Gem\u00e4\u00df Ihren spezifischen W\u00fcnschen SportstarZ ist au\u00dferdem in der Lage Englisch sprechende, zertifizierte, professionelle Trainer und ein gut ausgewogenes Technik Trainingsprogramm anzubieten. Nat\u00fcrlich k\u00f6nnen Sie auch Ihre eigene Trainer mitbringen und Ihr eigenes Trainingsprogramm zu folgen.<\/span><\/p>\n<p><span lang=\"UZ-CYR\">Sind Sie auf der Suche nach einem Partner der ihre Erwartungen erf\u00fcllt? Und der Ihrem Club oder Gruppe eine lehrreiche und unvergessliche Zeit im Ausland anbieten kann? Z\u00f6gern Sie nicht uns zu kontaktieren, schauen Sie sich unser Kontaktformular an <\/span>[\/vc_column_text][\/vc_column][vc_column width=&#8220;1\/2&#8243;][vc_column_text]Weitere Informationen mailen Sie uns: info@ sportstarz.nl[\/vc_column_text][\/vc_column][\/vc_row][vc_row][vc_column width=&#8220;1\/2&#8243;][vc_single_image image=&#8220;40364&#8243; img_size=&#8220;500&#215;250&#8243;][\/vc_column][vc_column width=&#8220;1\/2&#8243;][vc_single_image image=&#8220;40386&#8243; img_size=&#8220;500&#215;250&#8243;][\/vc_column][\/vc_row][vc_row][vc_column][vc_column_text]<a href=\"https:\/\/staging.sportstarz-aquatics.com\/de\/\">homepage<\/a>\u00a0<a href=\"https:\/\/www.facebook.com\/zwemkamp\/\">facebook<\/a>[\/vc_column_text][\/vc_column][\/vc_row]<\/p>\n<\/div>","protected":false},"excerpt":{"rendered":"<p>[vc_row][vc_column width=&#8220;1\/2&#8243;][vc_column_text] Gruppenreisen: Neben individueller Teilnahme bietet SportstarZ auch komplett exklusive Programme f\u00fcr Ihren Club oder Ihre Schwimmgruppe basierend auf Ihren spezifischen W\u00fcnschen an. Mit viel Erfahrung und einem Netzwerk im Schwimmsport, besitzt SportstarZ die M\u00f6glichkeit aus Ihrem Schwimm trainingslager einen gro\u00dfen Erfolg zu machen. Wir organisieren Trainingskurse f\u00fcr Gruppen von zehn bis hundert Schwimmern.&hellip;<\/p>\n","protected":false},"author":38,"featured_media":0,"parent":0,"menu_order":7,"comment_status":"closed","ping_status":"closed","template":"","meta":{"_acf_changed":false,"footnotes":""},"categories":[],"tags":[],"class_list":["post-27882","page","type-page","status-publish","hentry","description-off"],"acf":[],"yoast_head":"<!-- This site is optimized with the Yoast SEO plugin v25.3 - https:\/\/yoast.com\/wordpress\/plugins\/seo\/ -->\n<title>Gruppenreisen Trainingslager f\u00fcr Ihren Verein. - SportstarZ<\/title>\n<meta name=\"description\" content=\"Gruppenreisen: Neben individueller Teilnahme bietet SportstarZ auch komplett exklusive Programme f\u00fcr Ihren Club oder Ihre Schwimmgruppe.\" \/>\n<meta name=\"robots\" content=\"noindex, follow, max-snippet:-1, max-image-preview:large, max-video-preview:-1\" \/>\n<meta property=\"og:locale\" content=\"de_DE\" \/>\n<meta property=\"og:type\" content=\"article\" \/>\n<meta property=\"og:title\" content=\"Gruppenreisen Trainingslager f\u00fcr Ihren Verein. - SportstarZ\" \/>\n<meta property=\"og:description\" content=\"Gruppenreisen: Neben individueller Teilnahme bietet SportstarZ auch komplett exklusive Programme f\u00fcr Ihren Club oder Ihre Schwimmgruppe.\" \/>\n<meta property=\"og:url\" content=\"https:\/\/staging.sportstarz-aquatics.com\/de\/gruppenreisen\/\" \/>\n<meta property=\"og:site_name\" content=\"SportstarZ\" \/>\n<meta property=\"article:modified_time\" content=\"2021-11-04T20:10:10+00:00\" \/>\n<meta name=\"twitter:card\" content=\"summary_large_image\" \/>\n<meta name=\"twitter:label1\" content=\"Gesch\u00e4tzte Lesezeit\" \/>\n\t<meta name=\"twitter:data1\" content=\"2\u00a0Minuten\" \/>\n<script type=\"application\/ld+json\" class=\"yoast-schema-graph\">{\"@context\":\"https:\/\/schema.org\",\"@graph\":[{\"@type\":\"WebPage\",\"@id\":\"https:\/\/staging.sportstarz-aquatics.com\/de\/gruppenreisen\/\",\"url\":\"https:\/\/staging.sportstarz-aquatics.com\/de\/gruppenreisen\/\",\"name\":\"Gruppenreisen Trainingslager f\u00fcr Ihren Verein. - SportstarZ\",\"isPartOf\":{\"@id\":\"https:\/\/staging.sportstarz-aquatics.com\/#website\"},\"datePublished\":\"2018-12-06T08:02:43+00:00\",\"dateModified\":\"2021-11-04T20:10:10+00:00\",\"description\":\"Gruppenreisen: Neben individueller Teilnahme bietet SportstarZ auch komplett exklusive Programme f\u00fcr Ihren Club oder Ihre Schwimmgruppe.\",\"breadcrumb\":{\"@id\":\"https:\/\/staging.sportstarz-aquatics.com\/de\/gruppenreisen\/#breadcrumb\"},\"inLanguage\":\"de\",\"potentialAction\":[{\"@type\":\"ReadAction\",\"target\":[\"https:\/\/staging.sportstarz-aquatics.com\/de\/gruppenreisen\/\"]}]},{\"@type\":\"BreadcrumbList\",\"@id\":\"https:\/\/staging.sportstarz-aquatics.com\/de\/gruppenreisen\/#breadcrumb\",\"itemListElement\":[{\"@type\":\"ListItem\",\"position\":1,\"name\":\"Home\",\"item\":\"https:\/\/staging.sportstarz-aquatics.com\/de\/\"},{\"@type\":\"ListItem\",\"position\":2,\"name\":\"Gruppenreisen Trainingslager f\u00fcr Ihren Verein.\"}]},{\"@type\":\"WebSite\",\"@id\":\"https:\/\/staging.sportstarz-aquatics.com\/#website\",\"url\":\"https:\/\/staging.sportstarz-aquatics.com\/\",\"name\":\"SportstarZ\",\"description\":\"Swim Camp \",\"potentialAction\":[{\"@type\":\"SearchAction\",\"target\":{\"@type\":\"EntryPoint\",\"urlTemplate\":\"https:\/\/staging.sportstarz-aquatics.com\/?s={search_term_string}\"},\"query-input\":{\"@type\":\"PropertyValueSpecification\",\"valueRequired\":true,\"valueName\":\"search_term_string\"}}],\"inLanguage\":\"de\"}]}<\/script>\n<!-- \/ Yoast SEO plugin. -->","yoast_head_json":{"title":"Gruppenreisen Trainingslager f\u00fcr Ihren Verein. - SportstarZ","description":"Gruppenreisen: Neben individueller Teilnahme bietet SportstarZ auch komplett exklusive Programme f\u00fcr Ihren Club oder Ihre Schwimmgruppe.","robots":{"index":"noindex","follow":"follow","max-snippet":"max-snippet:-1","max-image-preview":"max-image-preview:large","max-video-preview":"max-video-preview:-1"},"og_locale":"de_DE","og_type":"article","og_title":"Gruppenreisen Trainingslager f\u00fcr Ihren Verein. - SportstarZ","og_description":"Gruppenreisen: Neben individueller Teilnahme bietet SportstarZ auch komplett exklusive Programme f\u00fcr Ihren Club oder Ihre Schwimmgruppe.","og_url":"https:\/\/staging.sportstarz-aquatics.com\/de\/gruppenreisen\/","og_site_name":"SportstarZ","article_modified_time":"2021-11-04T20:10:10+00:00","twitter_card":"summary_large_image","twitter_misc":{"Gesch\u00e4tzte Lesezeit":"2\u00a0Minuten"},"schema":{"@context":"https:\/\/schema.org","@graph":[{"@type":"WebPage","@id":"https:\/\/staging.sportstarz-aquatics.com\/de\/gruppenreisen\/","url":"https:\/\/staging.sportstarz-aquatics.com\/de\/gruppenreisen\/","name":"Gruppenreisen Trainingslager f\u00fcr Ihren Verein. - SportstarZ","isPartOf":{"@id":"https:\/\/staging.sportstarz-aquatics.com\/#website"},"datePublished":"2018-12-06T08:02:43+00:00","dateModified":"2021-11-04T20:10:10+00:00","description":"Gruppenreisen: Neben individueller Teilnahme bietet SportstarZ auch komplett exklusive Programme f\u00fcr Ihren Club oder Ihre Schwimmgruppe.","breadcrumb":{"@id":"https:\/\/staging.sportstarz-aquatics.com\/de\/gruppenreisen\/#breadcrumb"},"inLanguage":"de","potentialAction":[{"@type":"ReadAction","target":["https:\/\/staging.sportstarz-aquatics.com\/de\/gruppenreisen\/"]}]},{"@type":"BreadcrumbList","@id":"https:\/\/staging.sportstarz-aquatics.com\/de\/gruppenreisen\/#breadcrumb","itemListElement":[{"@type":"ListItem","position":1,"name":"Home","item":"https:\/\/staging.sportstarz-aquatics.com\/de\/"},{"@type":"ListItem","position":2,"name":"Gruppenreisen Trainingslager f\u00fcr Ihren Verein."}]},{"@type":"WebSite","@id":"https:\/\/staging.sportstarz-aquatics.com\/#website","url":"https:\/\/staging.sportstarz-aquatics.com\/","name":"SportstarZ","description":"Swim Camp ","potentialAction":[{"@type":"SearchAction","target":{"@type":"EntryPoint","urlTemplate":"https:\/\/staging.sportstarz-aquatics.com\/?s={search_term_string}"},"query-input":{"@type":"PropertyValueSpecification","valueRequired":true,"valueName":"search_term_string"}}],"inLanguage":"de"}]}},"_links":{"self":[{"href":"https:\/\/staging.sportstarz-aquatics.com\/de\/wp-json\/wp\/v2\/pages\/27882","targetHints":{"allow":["GET"]}}],"collection":[{"href":"https:\/\/staging.sportstarz-aquatics.com\/de\/wp-json\/wp\/v2\/pages"}],"about":[{"href":"https:\/\/staging.sportstarz-aquatics.com\/de\/wp-json\/wp\/v2\/types\/page"}],"author":[{"embeddable":true,"href":"https:\/\/staging.sportstarz-aquatics.com\/de\/wp-json\/wp\/v2\/users\/38"}],"replies":[{"embeddable":true,"href":"https:\/\/staging.sportstarz-aquatics.com\/de\/wp-json\/wp\/v2\/comments?post=27882"}],"version-history":[{"count":12,"href":"https:\/\/staging.sportstarz-aquatics.com\/de\/wp-json\/wp\/v2\/pages\/27882\/revisions"}],"predecessor-version":[{"id":46412,"href":"https:\/\/staging.sportstarz-aquatics.com\/de\/wp-json\/wp\/v2\/pages\/27882\/revisions\/46412"}],"wp:attachment":[{"href":"https:\/\/staging.sportstarz-aquatics.com\/de\/wp-json\/wp\/v2\/media?parent=27882"}],"wp:term":[{"taxonomy":"category","embeddable":true,"href":"https:\/\/staging.sportstarz-aquatics.com\/de\/wp-json\/wp\/v2\/categories?post=27882"},{"taxonomy":"post_tag","embeddable":true,"href":"https:\/\/staging.sportstarz-aquatics.com\/de\/wp-json\/wp\/v2\/tags?post=27882"}],"curies":[{"name":"wp","href":"https:\/\/api.w.org\/{rel}","templated":true}]}}