{"id":30171,"date":"2018-12-20T11:28:50","date_gmt":"2018-12-20T10:28:50","guid":{"rendered":"https:\/\/staging.sportstarz-aquatics.com\/?page_id=30171"},"modified":"2024-01-08T10:42:52","modified_gmt":"2024-01-08T09:42:52","slug":"stornoversicherung","status":"publish","type":"page","link":"https:\/\/staging.sportstarz-aquatics.com\/de\/ueber-uns\/stornoversicherung\/","title":{"rendered":"Stornoversicherung"},"content":{"rendered":"<div class=\"wpb-content-wrapper\"><p>[vc_row][vc_column width=&#8220;1\/2&#8243;]<div class=\"dt-fancy-separator title-left h1-size style-disabled\" style=\"width: 100%;\"><div class=\"dt-fancy-title\" style=\"color: #2389bc;\"><span class=\"separator-holder separator-left\"><\/span>Reiser\u00fccktritts-Versicherung<span class=\"separator-holder separator-right\"><\/span><\/div><\/div><div class=\"ult-spacer spacer-69ddcf68eaf49\" data-id=\"69ddcf68eaf49\" data-height=\"50\" data-height-mobile=\"25\" data-height-tab=\"50\" data-height-tab-portrait=\"50\" data-height-mobile-landscape=\"25\" style=\"clear:both;display:block;\"><\/div>[vc_column_text]Es besteht die M\u00f6glichkeit, bei der Buchung eine Stornoversicherung abzuschlie\u00dfen. Wenn dies gew\u00fcnscht ist, senden Sie eine Anfrage an <a href=\"mailto:info@staging.sportstarz-aquatics.com\">info@staging.sportstarz-aquatics.com<\/a>. Die Stornoversicherung muss gleichzeitig mit der Anmeldung beantragt werden.[\/vc_column_text][\/vc_column][vc_column width=&#8220;1\/2&#8243;]<div class=\"ult-spacer spacer-69ddcf68eaf83\" data-id=\"69ddcf68eaf83\" data-height=\"100\" data-height-mobile=\"50\" data-height-tab=\"100\" data-height-tab-portrait=\"100\" data-height-mobile-landscape=\"50\" style=\"clear:both;display:block;\"><\/div>[vc_column_text]Die Kosten:<\/p>\n<p>Stornoversicherung = 5,5% der Reisesumme zuz\u00fcglich 21% Versicherungssteuer und Policenkosten 3,50[\/vc_column_text][vc_column_text]<a href=\"https:\/\/www.asr.nl\/asr\/api\/asrnl\/pod\/getpdf?uri=\/POD\/r\/Pdf\/37064.pdf\">Mehr Informationen<\/a>[\/vc_column_text][\/vc_column][\/vc_row]<\/p>\n<\/div>","protected":false},"excerpt":{"rendered":"<p>[vc_row][vc_column width=&#8220;1\/2&#8243;][vc_column_text]Es besteht die M\u00f6glichkeit, bei der Buchung eine Stornoversicherung abzuschlie\u00dfen. Wenn dies gew\u00fcnscht ist, senden Sie eine Anfrage an info@staging.sportstarz-aquatics.com. Die Stornoversicherung muss gleichzeitig mit der Anmeldung beantragt werden.[\/vc_column_text][\/vc_column][vc_column width=&#8220;1\/2&#8243;][vc_column_text]Die Kosten: Stornoversicherung = 5,5% der Reisesumme zuz\u00fcglich 21% Versicherungssteuer und Policenkosten 3,50[\/vc_column_text][vc_column_text]Mehr Informationen[\/vc_column_text][\/vc_column][\/vc_row]<\/p>\n","protected":false},"author":38,"featured_media":0,"parent":27897,"menu_order":6,"comment_status":"closed","ping_status":"closed","template":"","meta":{"_acf_changed":false,"footnotes":""},"categories":[],"tags":[],"class_list":["post-30171","page","type-page","status-publish","hentry","description-off"],"acf":[],"yoast_head":"<!-- This site is optimized with the Yoast SEO plugin v25.3 - https:\/\/yoast.com\/wordpress\/plugins\/seo\/ -->\n<title>Stornoversicherung - SportstarZ<\/title>\n<meta name=\"description\" content=\"Stornoversicherung SportstarZ Swimming Camp Trainings-Lager SportstarZ swim camp\" \/>\n<meta name=\"robots\" content=\"noindex, follow, max-snippet:-1, max-image-preview:large, max-video-preview:-1\" \/>\n<meta property=\"og:locale\" content=\"de_DE\" \/>\n<meta property=\"og:type\" content=\"article\" \/>\n<meta property=\"og:title\" content=\"Stornoversicherung - SportstarZ\" \/>\n<meta property=\"og:description\" content=\"Stornoversicherung SportstarZ Swimming Camp Trainings-Lager SportstarZ swim camp\" \/>\n<meta property=\"og:url\" content=\"https:\/\/staging.sportstarz-aquatics.com\/de\/ueber-uns\/stornoversicherung\/\" \/>\n<meta property=\"og:site_name\" content=\"SportstarZ\" \/>\n<meta property=\"article:modified_time\" content=\"2024-01-08T09:42:52+00:00\" \/>\n<meta name=\"twitter:card\" content=\"summary_large_image\" \/>\n<meta name=\"twitter:label1\" content=\"Gesch\u00e4tzte Lesezeit\" \/>\n\t<meta name=\"twitter:data1\" content=\"1\u00a0Minute\" \/>\n<script type=\"application\/ld+json\" class=\"yoast-schema-graph\">{\"@context\":\"https:\/\/schema.org\",\"@graph\":[{\"@type\":\"WebPage\",\"@id\":\"https:\/\/staging.sportstarz-aquatics.com\/de\/ueber-uns\/stornoversicherung\/\",\"url\":\"https:\/\/staging.sportstarz-aquatics.com\/de\/ueber-uns\/stornoversicherung\/\",\"name\":\"Stornoversicherung - SportstarZ\",\"isPartOf\":{\"@id\":\"https:\/\/staging.sportstarz-aquatics.com\/#website\"},\"datePublished\":\"2018-12-20T10:28:50+00:00\",\"dateModified\":\"2024-01-08T09:42:52+00:00\",\"description\":\"Stornoversicherung SportstarZ Swimming Camp Trainings-Lager SportstarZ swim camp\",\"breadcrumb\":{\"@id\":\"https:\/\/staging.sportstarz-aquatics.com\/de\/ueber-uns\/stornoversicherung\/#breadcrumb\"},\"inLanguage\":\"de\",\"potentialAction\":[{\"@type\":\"ReadAction\",\"target\":[\"https:\/\/staging.sportstarz-aquatics.com\/de\/ueber-uns\/stornoversicherung\/\"]}]},{\"@type\":\"BreadcrumbList\",\"@id\":\"https:\/\/staging.sportstarz-aquatics.com\/de\/ueber-uns\/stornoversicherung\/#breadcrumb\",\"itemListElement\":[{\"@type\":\"ListItem\",\"position\":1,\"name\":\"Home\",\"item\":\"https:\/\/staging.sportstarz-aquatics.com\/de\/\"},{\"@type\":\"ListItem\",\"position\":2,\"name\":\"Contact formulier voor alle vragen en opmerkingen\",\"item\":\"https:\/\/staging.sportstarz-aquatics.com\/de\/ueber-uns\/\"},{\"@type\":\"ListItem\",\"position\":3,\"name\":\"Stornoversicherung\"}]},{\"@type\":\"WebSite\",\"@id\":\"https:\/\/staging.sportstarz-aquatics.com\/#website\",\"url\":\"https:\/\/staging.sportstarz-aquatics.com\/\",\"name\":\"SportstarZ\",\"description\":\"Swim Camp \",\"potentialAction\":[{\"@type\":\"SearchAction\",\"target\":{\"@type\":\"EntryPoint\",\"urlTemplate\":\"https:\/\/staging.sportstarz-aquatics.com\/?s={search_term_string}\"},\"query-input\":{\"@type\":\"PropertyValueSpecification\",\"valueRequired\":true,\"valueName\":\"search_term_string\"}}],\"inLanguage\":\"de\"}]}<\/script>\n<!-- \/ Yoast SEO plugin. -->","yoast_head_json":{"title":"Stornoversicherung - SportstarZ","description":"Stornoversicherung SportstarZ Swimming Camp Trainings-Lager SportstarZ swim camp","robots":{"index":"noindex","follow":"follow","max-snippet":"max-snippet:-1","max-image-preview":"max-image-preview:large","max-video-preview":"max-video-preview:-1"},"og_locale":"de_DE","og_type":"article","og_title":"Stornoversicherung - SportstarZ","og_description":"Stornoversicherung SportstarZ Swimming Camp Trainings-Lager SportstarZ swim camp","og_url":"https:\/\/staging.sportstarz-aquatics.com\/de\/ueber-uns\/stornoversicherung\/","og_site_name":"SportstarZ","article_modified_time":"2024-01-08T09:42:52+00:00","twitter_card":"summary_large_image","twitter_misc":{"Gesch\u00e4tzte Lesezeit":"1\u00a0Minute"},"schema":{"@context":"https:\/\/schema.org","@graph":[{"@type":"WebPage","@id":"https:\/\/staging.sportstarz-aquatics.com\/de\/ueber-uns\/stornoversicherung\/","url":"https:\/\/staging.sportstarz-aquatics.com\/de\/ueber-uns\/stornoversicherung\/","name":"Stornoversicherung - SportstarZ","isPartOf":{"@id":"https:\/\/staging.sportstarz-aquatics.com\/#website"},"datePublished":"2018-12-20T10:28:50+00:00","dateModified":"2024-01-08T09:42:52+00:00","description":"Stornoversicherung SportstarZ Swimming Camp Trainings-Lager SportstarZ swim camp","breadcrumb":{"@id":"https:\/\/staging.sportstarz-aquatics.com\/de\/ueber-uns\/stornoversicherung\/#breadcrumb"},"inLanguage":"de","potentialAction":[{"@type":"ReadAction","target":["https:\/\/staging.sportstarz-aquatics.com\/de\/ueber-uns\/stornoversicherung\/"]}]},{"@type":"BreadcrumbList","@id":"https:\/\/staging.sportstarz-aquatics.com\/de\/ueber-uns\/stornoversicherung\/#breadcrumb","itemListElement":[{"@type":"ListItem","position":1,"name":"Home","item":"https:\/\/staging.sportstarz-aquatics.com\/de\/"},{"@type":"ListItem","position":2,"name":"Contact formulier voor alle vragen en opmerkingen","item":"https:\/\/staging.sportstarz-aquatics.com\/de\/ueber-uns\/"},{"@type":"ListItem","position":3,"name":"Stornoversicherung"}]},{"@type":"WebSite","@id":"https:\/\/staging.sportstarz-aquatics.com\/#website","url":"https:\/\/staging.sportstarz-aquatics.com\/","name":"SportstarZ","description":"Swim Camp ","potentialAction":[{"@type":"SearchAction","target":{"@type":"EntryPoint","urlTemplate":"https:\/\/staging.sportstarz-aquatics.com\/?s={search_term_string}"},"query-input":{"@type":"PropertyValueSpecification","valueRequired":true,"valueName":"search_term_string"}}],"inLanguage":"de"}]}},"_links":{"self":[{"href":"https:\/\/staging.sportstarz-aquatics.com\/de\/wp-json\/wp\/v2\/pages\/30171","targetHints":{"allow":["GET"]}}],"collection":[{"href":"https:\/\/staging.sportstarz-aquatics.com\/de\/wp-json\/wp\/v2\/pages"}],"about":[{"href":"https:\/\/staging.sportstarz-aquatics.com\/de\/wp-json\/wp\/v2\/types\/page"}],"author":[{"embeddable":true,"href":"https:\/\/staging.sportstarz-aquatics.com\/de\/wp-json\/wp\/v2\/users\/38"}],"replies":[{"embeddable":true,"href":"https:\/\/staging.sportstarz-aquatics.com\/de\/wp-json\/wp\/v2\/comments?post=30171"}],"version-history":[{"count":11,"href":"https:\/\/staging.sportstarz-aquatics.com\/de\/wp-json\/wp\/v2\/pages\/30171\/revisions"}],"predecessor-version":[{"id":50201,"href":"https:\/\/staging.sportstarz-aquatics.com\/de\/wp-json\/wp\/v2\/pages\/30171\/revisions\/50201"}],"up":[{"embeddable":true,"href":"https:\/\/staging.sportstarz-aquatics.com\/de\/wp-json\/wp\/v2\/pages\/27897"}],"wp:attachment":[{"href":"https:\/\/staging.sportstarz-aquatics.com\/de\/wp-json\/wp\/v2\/media?parent=30171"}],"wp:term":[{"taxonomy":"category","embeddable":true,"href":"https:\/\/staging.sportstarz-aquatics.com\/de\/wp-json\/wp\/v2\/categories?post=30171"},{"taxonomy":"post_tag","embeddable":true,"href":"https:\/\/staging.sportstarz-aquatics.com\/de\/wp-json\/wp\/v2\/tags?post=30171"}],"curies":[{"name":"wp","href":"https:\/\/api.w.org\/{rel}","templated":true}]}}