{"id":30180,"date":"2018-12-20T11:32:10","date_gmt":"2018-12-20T10:32:10","guid":{"rendered":"https:\/\/staging.sportstarz-aquatics.com\/?page_id=30180"},"modified":"2021-11-04T21:11:44","modified_gmt":"2021-11-04T20:11:44","slug":"jobs","status":"publish","type":"page","link":"https:\/\/staging.sportstarz-aquatics.com\/de\/ueber-uns\/jobs\/","title":{"rendered":"Vacatures"},"content":{"rendered":"<div class=\"wpb-content-wrapper\"><p>[vc_row][vc_column]<div class=\"ult-spacer spacer-69ddccc5c6977\" data-id=\"69ddccc5c6977\" data-height=\"75\" data-height-mobile=\"30\" data-height-tab=\"75\" data-height-tab-portrait=\"75\" data-height-mobile-landscape=\"30\" style=\"clear:both;display:block;\"><\/div><div class=\"dt-fancy-separator title-left h1-size style-disabled\" style=\"width: 100%;\"><div class=\"dt-fancy-title\" style=\"color: #2389bc;\"><span class=\"separator-holder separator-left\"><\/span>Zertifizierte Schwimmtrainer M \/ F<span class=\"separator-holder separator-right\"><\/span><\/div><\/div><div class=\"ult-spacer spacer-69ddccc5c6a17\" data-id=\"69ddccc5c6a17\" data-height=\"75\" data-height-mobile=\"30\" data-height-tab=\"75\" data-height-tab-portrait=\"75\" data-height-mobile-landscape=\"30\" style=\"clear:both;display:block;\"><\/div>[\/vc_column][\/vc_row][vc_row][vc_column width=&#8220;1\/2&#8243;]<div class=\"standard-arrow list-divider bullet-top\"><ul>\n<li class=\"normal\"><span lang=\"UZ-CYR\">Standorte: Europa <\/span><\/li>\n<li class=\"normal\"><span lang=\"UZ-CYR\">Zeitraum: Schulferien (auch Fr\u00fchjahr und Herbst) <\/span><\/li>\n<li class=\"normal\"><span lang=\"UZ-CYR\">Verf\u00fcgbar: Schulferienwochen<\/span><\/li>\n<\/ul>\n<\/div><div class=\"ult-spacer spacer-69ddccc5c6afa\" data-id=\"69ddccc5c6afa\" data-height=\"10\" data-height-mobile=\"5\" data-height-tab=\"10\" data-height-tab-portrait=\"10\" data-height-mobile-landscape=\"5\" style=\"clear:both;display:block;\"><\/div>[vc_text_separator title=&#8220;UNSERE ORGANISATION&#8220; color=&#8220;orange&#8220;][vc_column_text]<\/p>\n<p class=\"normal\"><span lang=\"UZ-CYR\">SportstarZ ist eine professionelle Organisation, die Sportsommercamps f\u00fcr talentierte junge Sportler organisiert. SportstarZ kooperiert mit den besten Trainern, Coaches und Profisportlern an den fortschrittlichsten Sportstandorten innerhalb und au\u00dferhalb der Niederlande. SportstarZ organisiert Schwimm- und Gymnastikcamps f\u00fcr wettbewerbf\u00e4hige junge Teilnehmer (8-18 Jahre), die das Beste aus sich herausholen und eine unvergessliche Ferienwoche erleben m\u00f6chten.<\/span><\/p>\n<p>[\/vc_column_text]<div class=\"ult-spacer spacer-69ddccc5c6b31\" data-id=\"69ddccc5c6b31\" data-height=\"10\" data-height-mobile=\"5\" data-height-tab=\"10\" data-height-tab-portrait=\"10\" data-height-mobile-landscape=\"5\" style=\"clear:both;display:block;\"><\/div>[vc_text_separator title=&#8220;FUNKTION&#8220; color=&#8220;orange&#8220;][vc_column_text]<\/p>\n<p class=\"normal\"><span lang=\"UZ-CYR\">Ambitionierte, gut ausgebildete und begeisterte Trainer, darum geht es bei SportstarZ. Als SportstarZ-Trainer geben Sie immer Ihr Bestes, um Schwimmer zu inspirieren und ihnen zu helfen, ihre Schwimmf\u00e4higkeiten auf das n\u00e4chste Level zu steigern. Sie wissen, wie man eine Gruppe motiviert, k\u00f6nnen aber gleichzeitig die individuellen Bed\u00fcrfnisse der Schwimmer im Auge behalten und darauf reagieren, damit jeder Schwimmer die Aufmerksamkeit erh\u00e4lt, die er \/ sie ben\u00f6tigt. Bei SportstarZ werden Unterwasseraufnahmen gemacht, die Sie individuell mit Ihren Schwimmern analysieren. Sie k\u00f6nnen auch Trockenlandtraining organisieren und durchf\u00fchren und mit dem Blocktraining beginnen. Neben dem sportspezifischen Coaching w\u00e4hrend der ganzen Woche sind Sie Mentor und Vorbild f\u00fcr die Schwimmer. In einem Moment stehen Sie am Pool, im n\u00e4chsten servieren Sie das Abendessen,\u00a0 pr\u00e4sentieren unser lustiges Quiz oder nehmen an einem aufregenden Spiel im Wald teil. Eine Allround-Funktion, in der Ihre Qualit\u00e4ten und Ihr professioneller Auftritt \u00fcberzeugen.<\/span><\/p>\n<p>[\/vc_column_text][\/vc_column][vc_column width=&#8220;1\/2&#8243;][vc_text_separator title=&#8220;SIE SIND:&#8220; color=&#8220;orange&#8220;][vc_column_text]<\/p>\n<ul>\n<li>ein qualifizierter Wettkampfschwimmtrainer mit mindestens 3 Jahren Trainererfahrung;<\/li>\n<li>oder Sie haben ein Zertifikat in h\u00f6herer Sportausbildung mit mindestens 4 Jahren Erfahrung als Sportschwimmtrainer;<\/li>\n<li>Ein g\u00fcltiges Erste-Hilfe-Zertifikat ist ein Vorteil<\/li>\n<li>eine enthusiastische und energiegeladene Pers\u00f6nlichkeit (und Sie wissen, wie man andere einbezieht);<\/li>\n<li>ein einfacher Redner (gegen\u00fcber Gruppen von Teilnehmern, Eltern und Zuschauern);<\/li>\n<li>verantwortlich (Sie haben immer ein Auge auf die Bed\u00fcrfnisse und die Sicherheit unserer Teilnehmer).<\/li>\n<li>Sie sprechen neben Deutsch auch gut Englisch<\/li>\n<\/ul>\n<p>[\/vc_column_text]<div class=\"ult-spacer spacer-69ddccc5c6b80\" data-id=\"69ddccc5c6b80\" data-height=\"10\" data-height-mobile=\"5\" data-height-tab=\"10\" data-height-tab-portrait=\"10\" data-height-mobile-landscape=\"5\" style=\"clear:both;display:block;\"><\/div>[vc_text_separator title=&#8220;WIR BIETEN IHNEN AN:&#8220; color=&#8220;orange&#8220;][vc_column_text]<\/p>\n<ul>\n<li>gute Bezahlung;<\/li>\n<li>Vollpension w\u00e4hrend unserer Campwoche;<\/li>\n<li>Verb\u00fcnde dich mit den ehrgeizigsten Schwimmkollegen und jede Menge M\u00f6glichkeiten f\u00fcr Eigeninitiative und Entwicklung (SportstarZ w\u00e4chst weiter!).<\/li>\n<\/ul>\n<p>[\/vc_column_text][vc_column_text]<\/p>\n<p class=\"normal\"><span lang=\"UZ-CYR\">Dies ist sicherlich kein 9- bis 5-Job. Diese Funktion bietet viel Herausforderung, enge Zusammenarbeit und Bekanntschaft mit anderen internationalen und ambitionierten Schwimmtrainern und ein gro\u00dfartiges Arbeitsumfeld an verschiedenen Standorten. <\/span><\/p>\n<p class=\"normal\"><span lang=\"UZ-CYR\">\u00a0<\/span><span lang=\"UZ-CYR\">Wollen Sie sich einer neuen Herausforderung stellen und sind zuversichtlich, dass dieser Job zu Ihnen passt? Senden Sie Ihren Lebenslauf und Ihr Bewerbungsschreiben an apply@staging.sportstarz-aquatics.com. Wenn Sie f\u00fcr die Arbeit bei SportstarZ ausgew\u00e4hlt werden, m\u00f6chten wir ein F\u00fchrungszeugnis erhalten.<\/span><\/p>\n<p>[\/vc_column_text][\/vc_column][\/vc_row]<\/p>\n<\/div>","protected":false},"excerpt":{"rendered":"<p>[vc_row][vc_column][\/vc_column][\/vc_row][vc_row][vc_column width=&#8220;1\/2&#8243;][vc_text_separator title=&#8220;UNSERE ORGANISATION&#8220; color=&#8220;orange&#8220;][vc_column_text] SportstarZ ist eine professionelle Organisation, die Sportsommercamps f\u00fcr talentierte junge Sportler organisiert. SportstarZ kooperiert mit den besten Trainern, Coaches und Profisportlern an den fortschrittlichsten Sportstandorten innerhalb und au\u00dferhalb der Niederlande. SportstarZ organisiert Schwimm- und Gymnastikcamps f\u00fcr wettbewerbf\u00e4hige junge Teilnehmer (8-18 Jahre), die das Beste aus sich herausholen und eine unvergessliche&hellip;<\/p>\n","protected":false},"author":38,"featured_media":0,"parent":27897,"menu_order":7,"comment_status":"closed","ping_status":"closed","template":"","meta":{"_acf_changed":false,"footnotes":""},"categories":[],"tags":[],"class_list":["post-30180","page","type-page","status-publish","hentry","description-off"],"acf":[],"yoast_head":"<!-- This site is optimized with the Yoast SEO plugin v25.3 - https:\/\/yoast.com\/wordpress\/plugins\/seo\/ -->\n<title>Vacatures - SportstarZ<\/title>\n<meta name=\"robots\" content=\"noindex, follow, max-snippet:-1, max-image-preview:large, max-video-preview:-1\" \/>\n<meta property=\"og:locale\" content=\"de_DE\" \/>\n<meta property=\"og:type\" content=\"article\" \/>\n<meta property=\"og:title\" content=\"Vacatures - SportstarZ\" \/>\n<meta property=\"og:description\" content=\"[vc_row][vc_column][\/vc_column][\/vc_row][vc_row][vc_column width=&#8220;1\/2&#8243;][vc_text_separator title=&#8220;UNSERE ORGANISATION&#8220; color=&#8220;orange&#8220;][vc_column_text] SportstarZ ist eine professionelle Organisation, die Sportsommercamps f\u00fcr talentierte junge Sportler organisiert. SportstarZ kooperiert mit den besten Trainern, Coaches und Profisportlern an den fortschrittlichsten Sportstandorten innerhalb und au\u00dferhalb der Niederlande. SportstarZ organisiert Schwimm- und Gymnastikcamps f\u00fcr wettbewerbf\u00e4hige junge Teilnehmer (8-18 Jahre), die das Beste aus sich herausholen und eine unvergessliche&hellip;\" \/>\n<meta property=\"og:url\" content=\"https:\/\/staging.sportstarz-aquatics.com\/de\/ueber-uns\/jobs\/\" \/>\n<meta property=\"og:site_name\" content=\"SportstarZ\" \/>\n<meta property=\"article:modified_time\" content=\"2021-11-04T20:11:44+00:00\" \/>\n<meta name=\"twitter:card\" content=\"summary_large_image\" \/>\n<meta name=\"twitter:label1\" content=\"Gesch\u00e4tzte Lesezeit\" \/>\n\t<meta name=\"twitter:data1\" content=\"3\u00a0Minuten\" \/>\n<script type=\"application\/ld+json\" class=\"yoast-schema-graph\">{\"@context\":\"https:\/\/schema.org\",\"@graph\":[{\"@type\":\"WebPage\",\"@id\":\"https:\/\/staging.sportstarz-aquatics.com\/de\/ueber-uns\/jobs\/\",\"url\":\"https:\/\/staging.sportstarz-aquatics.com\/de\/ueber-uns\/jobs\/\",\"name\":\"Vacatures - SportstarZ\",\"isPartOf\":{\"@id\":\"https:\/\/staging.sportstarz-aquatics.com\/#website\"},\"datePublished\":\"2018-12-20T10:32:10+00:00\",\"dateModified\":\"2021-11-04T20:11:44+00:00\",\"breadcrumb\":{\"@id\":\"https:\/\/staging.sportstarz-aquatics.com\/de\/ueber-uns\/jobs\/#breadcrumb\"},\"inLanguage\":\"de\",\"potentialAction\":[{\"@type\":\"ReadAction\",\"target\":[\"https:\/\/staging.sportstarz-aquatics.com\/de\/ueber-uns\/jobs\/\"]}]},{\"@type\":\"BreadcrumbList\",\"@id\":\"https:\/\/staging.sportstarz-aquatics.com\/de\/ueber-uns\/jobs\/#breadcrumb\",\"itemListElement\":[{\"@type\":\"ListItem\",\"position\":1,\"name\":\"Home\",\"item\":\"https:\/\/staging.sportstarz-aquatics.com\/de\/\"},{\"@type\":\"ListItem\",\"position\":2,\"name\":\"Contact formulier voor alle vragen en opmerkingen\",\"item\":\"https:\/\/staging.sportstarz-aquatics.com\/de\/ueber-uns\/\"},{\"@type\":\"ListItem\",\"position\":3,\"name\":\"Vacatures\"}]},{\"@type\":\"WebSite\",\"@id\":\"https:\/\/staging.sportstarz-aquatics.com\/#website\",\"url\":\"https:\/\/staging.sportstarz-aquatics.com\/\",\"name\":\"SportstarZ\",\"description\":\"Swim Camp \",\"potentialAction\":[{\"@type\":\"SearchAction\",\"target\":{\"@type\":\"EntryPoint\",\"urlTemplate\":\"https:\/\/staging.sportstarz-aquatics.com\/?s={search_term_string}\"},\"query-input\":{\"@type\":\"PropertyValueSpecification\",\"valueRequired\":true,\"valueName\":\"search_term_string\"}}],\"inLanguage\":\"de\"}]}<\/script>\n<!-- \/ Yoast SEO plugin. -->","yoast_head_json":{"title":"Vacatures - SportstarZ","robots":{"index":"noindex","follow":"follow","max-snippet":"max-snippet:-1","max-image-preview":"max-image-preview:large","max-video-preview":"max-video-preview:-1"},"og_locale":"de_DE","og_type":"article","og_title":"Vacatures - SportstarZ","og_description":"[vc_row][vc_column][\/vc_column][\/vc_row][vc_row][vc_column width=&#8220;1\/2&#8243;][vc_text_separator title=&#8220;UNSERE ORGANISATION&#8220; color=&#8220;orange&#8220;][vc_column_text] SportstarZ ist eine professionelle Organisation, die Sportsommercamps f\u00fcr talentierte junge Sportler organisiert. SportstarZ kooperiert mit den besten Trainern, Coaches und Profisportlern an den fortschrittlichsten Sportstandorten innerhalb und au\u00dferhalb der Niederlande. SportstarZ organisiert Schwimm- und Gymnastikcamps f\u00fcr wettbewerbf\u00e4hige junge Teilnehmer (8-18 Jahre), die das Beste aus sich herausholen und eine unvergessliche&hellip;","og_url":"https:\/\/staging.sportstarz-aquatics.com\/de\/ueber-uns\/jobs\/","og_site_name":"SportstarZ","article_modified_time":"2021-11-04T20:11:44+00:00","twitter_card":"summary_large_image","twitter_misc":{"Gesch\u00e4tzte Lesezeit":"3\u00a0Minuten"},"schema":{"@context":"https:\/\/schema.org","@graph":[{"@type":"WebPage","@id":"https:\/\/staging.sportstarz-aquatics.com\/de\/ueber-uns\/jobs\/","url":"https:\/\/staging.sportstarz-aquatics.com\/de\/ueber-uns\/jobs\/","name":"Vacatures - SportstarZ","isPartOf":{"@id":"https:\/\/staging.sportstarz-aquatics.com\/#website"},"datePublished":"2018-12-20T10:32:10+00:00","dateModified":"2021-11-04T20:11:44+00:00","breadcrumb":{"@id":"https:\/\/staging.sportstarz-aquatics.com\/de\/ueber-uns\/jobs\/#breadcrumb"},"inLanguage":"de","potentialAction":[{"@type":"ReadAction","target":["https:\/\/staging.sportstarz-aquatics.com\/de\/ueber-uns\/jobs\/"]}]},{"@type":"BreadcrumbList","@id":"https:\/\/staging.sportstarz-aquatics.com\/de\/ueber-uns\/jobs\/#breadcrumb","itemListElement":[{"@type":"ListItem","position":1,"name":"Home","item":"https:\/\/staging.sportstarz-aquatics.com\/de\/"},{"@type":"ListItem","position":2,"name":"Contact formulier voor alle vragen en opmerkingen","item":"https:\/\/staging.sportstarz-aquatics.com\/de\/ueber-uns\/"},{"@type":"ListItem","position":3,"name":"Vacatures"}]},{"@type":"WebSite","@id":"https:\/\/staging.sportstarz-aquatics.com\/#website","url":"https:\/\/staging.sportstarz-aquatics.com\/","name":"SportstarZ","description":"Swim Camp ","potentialAction":[{"@type":"SearchAction","target":{"@type":"EntryPoint","urlTemplate":"https:\/\/staging.sportstarz-aquatics.com\/?s={search_term_string}"},"query-input":{"@type":"PropertyValueSpecification","valueRequired":true,"valueName":"search_term_string"}}],"inLanguage":"de"}]}},"_links":{"self":[{"href":"https:\/\/staging.sportstarz-aquatics.com\/de\/wp-json\/wp\/v2\/pages\/30180","targetHints":{"allow":["GET"]}}],"collection":[{"href":"https:\/\/staging.sportstarz-aquatics.com\/de\/wp-json\/wp\/v2\/pages"}],"about":[{"href":"https:\/\/staging.sportstarz-aquatics.com\/de\/wp-json\/wp\/v2\/types\/page"}],"author":[{"embeddable":true,"href":"https:\/\/staging.sportstarz-aquatics.com\/de\/wp-json\/wp\/v2\/users\/38"}],"replies":[{"embeddable":true,"href":"https:\/\/staging.sportstarz-aquatics.com\/de\/wp-json\/wp\/v2\/comments?post=30180"}],"version-history":[{"count":9,"href":"https:\/\/staging.sportstarz-aquatics.com\/de\/wp-json\/wp\/v2\/pages\/30180\/revisions"}],"predecessor-version":[{"id":41144,"href":"https:\/\/staging.sportstarz-aquatics.com\/de\/wp-json\/wp\/v2\/pages\/30180\/revisions\/41144"}],"up":[{"embeddable":true,"href":"https:\/\/staging.sportstarz-aquatics.com\/de\/wp-json\/wp\/v2\/pages\/27897"}],"wp:attachment":[{"href":"https:\/\/staging.sportstarz-aquatics.com\/de\/wp-json\/wp\/v2\/media?parent=30180"}],"wp:term":[{"taxonomy":"category","embeddable":true,"href":"https:\/\/staging.sportstarz-aquatics.com\/de\/wp-json\/wp\/v2\/categories?post=30180"},{"taxonomy":"post_tag","embeddable":true,"href":"https:\/\/staging.sportstarz-aquatics.com\/de\/wp-json\/wp\/v2\/tags?post=30180"}],"curies":[{"name":"wp","href":"https:\/\/api.w.org\/{rel}","templated":true}]}}