{"id":40779,"date":"2019-07-12T12:11:55","date_gmt":"2019-07-12T10:11:55","guid":{"rendered":"https:\/\/staging.sportstarz-aquatics.com\/?page_id=40779"},"modified":"2024-09-17T09:48:40","modified_gmt":"2024-09-17T07:48:40","slug":"schwimm-analysen","status":"publish","type":"page","link":"https:\/\/staging.sportstarz-aquatics.com\/de\/schwimm-analysen\/","title":{"rendered":"Schwimm-Analysen und 100% Urlaub Trainingslager"},"content":{"rendered":"<div class=\"wpb-content-wrapper\"><p>[vc_row type=&#8220;vc_default&#8220; full_width=&#8220;stretch_row_content_no_spaces&#8220;][vc_column]<style type=\"text\/css\" data-type=\"the7_shortcodes-inline-css\">.gallery-shortcode.gallery-masonry-shortcode-id-5f159421e0b5e9ac6a0fbe79cc9a7502 figure,\n.gallery-shortcode.gallery-masonry-shortcode-id-5f159421e0b5e9ac6a0fbe79cc9a7502 .rollover,\n.gallery-shortcode.gallery-masonry-shortcode-id-5f159421e0b5e9ac6a0fbe79cc9a7502 img,\n.gallery-shortcode.gallery-masonry-shortcode-id-5f159421e0b5e9ac6a0fbe79cc9a7502 .gallery-rollover {\n  border-radius: 0px;\n}\n.gallery-shortcode.gallery-masonry-shortcode-id-5f159421e0b5e9ac6a0fbe79cc9a7502.enable-bg-rollover .gallery-rollover {\n  background: -webkit-linear-gradient();\n  background: linear-gradient();\n}\n.gallery-shortcode.gallery-masonry-shortcode-id-5f159421e0b5e9ac6a0fbe79cc9a7502.enable-bg-rollover.hover-scale figure .rollover:after {\n  background: -webkit-linear-gradient();\n  background: linear-gradient();\n}\n.gallery-shortcode.gallery-masonry-shortcode-id-5f159421e0b5e9ac6a0fbe79cc9a7502 .gallery-zoom-ico {\n  width: 44px;\n  height: 44px;\n  line-height: 44px;\n  border-radius: 100px;\n  margin: -22px 0 0 -22px;\n  border-width: 0px;\n  color: #ffffff;\n}\n.dt-icon-bg-on.gallery-shortcode.gallery-masonry-shortcode-id-5f159421e0b5e9ac6a0fbe79cc9a7502 .gallery-zoom-ico {\n  background: rgba(255,255,255,0.3);\n  box-shadow: none;\n}\n.gallery-shortcode.gallery-masonry-shortcode-id-5f159421e0b5e9ac6a0fbe79cc9a7502 .gallery-zoom-ico:before,\n.gallery-shortcode.gallery-masonry-shortcode-id-5f159421e0b5e9ac6a0fbe79cc9a7502 .gallery-zoom-ico span {\n  font-size: 32px;\n  line-height: 44px;\n  color: #ffffff;\n}\n.gallery-shortcode.gallery-masonry-shortcode-id-5f159421e0b5e9ac6a0fbe79cc9a7502:not(.resize-by-browser-width) .dt-css-grid {\n  grid-row-gap: 0px;\n  grid-column-gap: 0px;\n  grid-template-columns: repeat(auto-fill,minmax(,1fr));\n}\n.gallery-shortcode.gallery-masonry-shortcode-id-5f159421e0b5e9ac6a0fbe79cc9a7502:not(.resize-by-browser-width) .dt-css-grid .double-width {\n  grid-column: span 2;\n}\n.cssgridlegacy.no-cssgrid .gallery-shortcode.gallery-masonry-shortcode-id-5f159421e0b5e9ac6a0fbe79cc9a7502:not(.resize-by-browser-width) .dt-css-grid,\n.no-cssgridlegacy.no-cssgrid .gallery-shortcode.gallery-masonry-shortcode-id-5f159421e0b5e9ac6a0fbe79cc9a7502:not(.resize-by-browser-width) .dt-css-grid {\n  display: flex;\n  flex-flow: row wrap;\n  margin: 0px;\n}\n.cssgridlegacy.no-cssgrid .gallery-shortcode.gallery-masonry-shortcode-id-5f159421e0b5e9ac6a0fbe79cc9a7502:not(.resize-by-browser-width) .dt-css-grid .wf-cell,\n.no-cssgridlegacy.no-cssgrid .gallery-shortcode.gallery-masonry-shortcode-id-5f159421e0b5e9ac6a0fbe79cc9a7502:not(.resize-by-browser-width) .dt-css-grid .wf-cell {\n  flex: 1 0 ;\n  max-width: 100%;\n  padding: 0px;\n  box-sizing: border-box;\n}\n.gallery-shortcode.gallery-masonry-shortcode-id-5f159421e0b5e9ac6a0fbe79cc9a7502.resize-by-browser-width .dt-css-grid {\n  grid-template-columns: repeat(6,1fr);\n  grid-template-rows: auto;\n  grid-column-gap: 0px;\n  grid-row-gap: 0px;\n}\n.gallery-shortcode.gallery-masonry-shortcode-id-5f159421e0b5e9ac6a0fbe79cc9a7502.resize-by-browser-width .dt-css-grid .double-width {\n  grid-column: span 2;\n}\n.cssgridlegacy.no-cssgrid .gallery-shortcode.gallery-masonry-shortcode-id-5f159421e0b5e9ac6a0fbe79cc9a7502.resize-by-browser-width .dt-css-grid {\n  margin: 0px;\n}\n.cssgridlegacy.no-cssgrid .gallery-shortcode.gallery-masonry-shortcode-id-5f159421e0b5e9ac6a0fbe79cc9a7502.resize-by-browser-width .dt-css-grid .wf-cell {\n  width: 16.666666666667%;\n  padding: 0px;\n}\n.cssgridlegacy.no-cssgrid .gallery-shortcode.gallery-masonry-shortcode-id-5f159421e0b5e9ac6a0fbe79cc9a7502.resize-by-browser-width .dt-css-grid .wf-cell.double-width {\n  width: calc(16.666666666667%) * 2;\n}\n.gallery-shortcode.gallery-masonry-shortcode-id-5f159421e0b5e9ac6a0fbe79cc9a7502.resize-by-browser-width:not(.centered-layout-list):not(.content-bg-on) .dt-css-grid {\n  grid-row-gap: 0px - ;\n}\n@media screen and (max-width: 1199px) {\n  .gallery-shortcode.gallery-masonry-shortcode-id-5f159421e0b5e9ac6a0fbe79cc9a7502.resize-by-browser-width .dt-css-grid {\n    grid-template-columns: repeat(4,1fr);\n  }\n  .cssgridlegacy.no-cssgrid .gallery-shortcode.gallery-masonry-shortcode-id-5f159421e0b5e9ac6a0fbe79cc9a7502.resize-by-browser-width .dt-css-grid .wf-cell,\n  .no-cssgridlegacy.no-cssgrid .gallery-shortcode.gallery-masonry-shortcode-id-5f159421e0b5e9ac6a0fbe79cc9a7502.resize-by-browser-width .dt-css-grid .wf-cell {\n    width: 25%;\n  }\n  .cssgridlegacy.no-cssgrid .gallery-shortcode.gallery-masonry-shortcode-id-5f159421e0b5e9ac6a0fbe79cc9a7502.resize-by-browser-width .dt-css-grid .wf-cell.double-width,\n  .no-cssgridlegacy.no-cssgrid .gallery-shortcode.gallery-masonry-shortcode-id-5f159421e0b5e9ac6a0fbe79cc9a7502.resize-by-browser-width .dt-css-grid .wf-cell.double-width {\n    width: calc(25%)*2;\n  }\n}\n@media screen and (max-width: 991px) {\n  .gallery-shortcode.gallery-masonry-shortcode-id-5f159421e0b5e9ac6a0fbe79cc9a7502.resize-by-browser-width .dt-css-grid {\n    grid-template-columns: repeat(3,1fr);\n  }\n  .cssgridlegacy.no-cssgrid .gallery-shortcode.gallery-masonry-shortcode-id-5f159421e0b5e9ac6a0fbe79cc9a7502.resize-by-browser-width .dt-css-grid .wf-cell,\n  .no-cssgridlegacy.no-cssgrid .gallery-shortcode.gallery-masonry-shortcode-id-5f159421e0b5e9ac6a0fbe79cc9a7502.resize-by-browser-width .dt-css-grid .wf-cell {\n    width: 33.333333333333%;\n  }\n  .cssgridlegacy.no-cssgrid .gallery-shortcode.gallery-masonry-shortcode-id-5f159421e0b5e9ac6a0fbe79cc9a7502.resize-by-browser-width .dt-css-grid .wf-cell.double-width,\n  .no-cssgridlegacy.no-cssgrid .gallery-shortcode.gallery-masonry-shortcode-id-5f159421e0b5e9ac6a0fbe79cc9a7502.resize-by-browser-width .dt-css-grid .wf-cell.double-width {\n    width: calc(33.333333333333%)*2;\n  }\n}\n@media screen and (max-width: 767px) {\n  .gallery-shortcode.gallery-masonry-shortcode-id-5f159421e0b5e9ac6a0fbe79cc9a7502.resize-by-browser-width .dt-css-grid {\n    grid-template-columns: repeat(2,1fr);\n  }\n  .cssgridlegacy.no-cssgrid .gallery-shortcode.gallery-masonry-shortcode-id-5f159421e0b5e9ac6a0fbe79cc9a7502.resize-by-browser-width .dt-css-grid .wf-cell,\n  .no-cssgridlegacy.no-cssgrid .gallery-shortcode.gallery-masonry-shortcode-id-5f159421e0b5e9ac6a0fbe79cc9a7502.resize-by-browser-width .dt-css-grid .wf-cell {\n    width: 50%;\n  }\n  .cssgridlegacy.no-cssgrid .gallery-shortcode.gallery-masonry-shortcode-id-5f159421e0b5e9ac6a0fbe79cc9a7502.resize-by-browser-width .dt-css-grid .wf-cell.double-width,\n  .no-cssgridlegacy.no-cssgrid .gallery-shortcode.gallery-masonry-shortcode-id-5f159421e0b5e9ac6a0fbe79cc9a7502.resize-by-browser-width .dt-css-grid .wf-cell.double-width {\n    width: calc(50%)*2;\n  }\n}\n<\/style><div class=\"gallery-shortcode dt-gallery-container gallery-masonry-shortcode-id-5f159421e0b5e9ac6a0fbe79cc9a7502 mode-masonry jquery-filter dt-icon-bg-off quick-scale-img enable-bg-rollover resize-by-browser-width  hover-fade loading-effect-none description-on-hover\" data-padding=\"0px\" data-cur-page=\"1\" data-post-limit=\"-1\" data-pagination-mode=\"none\" data-desktop-columns-num=\"6\" data-v-tablet-columns-num=\"3\" data-h-tablet-columns-num=\"4\" data-phone-columns-num=\"2\" data-width=\"0px\" data-columns=\"0\"><div class=\"iso-container\" ><\/div><!-- iso-container|iso-grid --><\/div>[\/vc_column][\/vc_row][vc_row type=&#8220;vc_default&#8220; full_width=&#8220;stretch_row_content&#8220; equal_height=&#8220;yes&#8220; bg_type=&#8220;bg_color&#8220; bg_color_value=&#8220;#f4f4f4&#8243;][vc_column width=&#8220;1\/2&#8243; css=&#8220;.vc_custom_1545332125753{padding-right: 80px !important;padding-left: 80px !important;}&#8220;][vc_row_inner equal_height=&#8220;yes&#8220;][\/vc_row_inner]<div class=\"ult-spacer spacer-69ddcefcdb23c\" data-id=\"69ddcefcdb23c\" data-height=\"150\" data-height-mobile=\"50\" data-height-tab=\"150\" data-height-tab-portrait=\"150\" data-height-mobile-landscape=\"50\" style=\"clear:both;display:block;\"><\/div><div class=\"dt-fancy-separator title-left h1-size style-disabled\" style=\"width: 100%;\"><div class=\"dt-fancy-title\" style=\"color: #2389bc;\"><span class=\"separator-holder separator-left\"><\/span>Video<span class=\"separator-holder separator-right\"><\/span><\/div><\/div><div class=\"dt-fancy-separator title-left h2-size style-disabled\" style=\"width: 100%;\"><div class=\"dt-fancy-title\" style=\"color: #000000;\"><span class=\"separator-holder separator-left\"><\/span>Schwimm-Analysen<span class=\"separator-holder separator-right\"><\/span><\/div><\/div><div class=\"ult-spacer spacer-69ddcefcdb31a\" data-id=\"69ddcefcdb31a\" data-height=\"25\" data-height-mobile=\"15\" data-height-tab=\"25\" data-height-tab-portrait=\"25\" data-height-mobile-landscape=\"15\" style=\"clear:both;display:block;\"><\/div>[vc_column_text css=&#8220;&#8220;]<\/p>\n<p class=\"normal\"><span lang=\"UZ-CYR\">Schwimm-Analysen. Eine gute Schwimmtechnik ist die Grundlage f\u00fcr jeden Sportschwimmer, besonders in dieser Altersgruppe. Um die richtigen Techniken w\u00e4hrend unseres schwimmlagers zu erlernen und zu verbessern, verwenden wir High-Tech-Videokameras unter und \u00fcber Wasser, um Schwimmz\u00fcge, Starts und Wendungen extensiv zu analysieren. In Zusammenarbeit mit dem nationalen <a href=\"https:\/\/islt.nl\/en\/\">Trainingszentrum &amp; Schwimmlabor<\/a>\u00a0und <a href=\"http:\/\/www.winnercam.com\">WinnerCam<\/a> in Eindhoven k\u00f6nnen wir Ihnen die fortschrittlichsten elektronischen Trainingsger\u00e4te anbieten, mit denen Sie Ihre Schwimmf\u00e4higkeiten analysieren und verbessern k\u00f6nnen.<\/span><\/p>\n<p class=\"normal\"><span lang=\"UZ-CYR\">W\u00e4hrend unseres f\u00fcnft\u00e4gigen Summerlagers werden die Schwimm-Analysen zusammen mit dem Teilnehmer ausgewertet. Eltern \/ Betreuer erhalten bis Ende der Woche umfangreiche Analysen und Feedback per E-Mail. Die Teilnehmer erhalten einen eigenen Cloud Speicher mit Aufzeichnungen.<\/span><\/p>\n<p><span lang=\"UZ-CYR\">Trainiere deine Techniken weiter! Wir empfehlen Ihnen, Ihrem Vereinstrainer Ihre Aufnahmen vorzuf\u00fchren, um zus\u00e4tzliche Informationen \u00fcber Ihre Unterwassertechnik zu erhalten.<\/span>[\/vc_column_text]<div class=\"ult-spacer spacer-69ddcefcdb34c\" data-id=\"69ddcefcdb34c\" data-height=\"100\" data-height-mobile=\"50\" data-height-tab=\"100\" data-height-tab-portrait=\"100\" data-height-mobile-landscape=\"50\" style=\"clear:both;display:block;\"><\/div>[vc_btn title=&#8220;Registrieren&#8220; style=&#8220;custom&#8220; custom_background=&#8220;#ffa916&#8243; custom_text=&#8220;#ffffff&#8220; shape=&#8220;round&#8220; size=&#8220;lg&#8220; align=&#8220;right&#8220; css_animation=&#8220;fadeIn&#8220; link=&#8220;url:http%3A%2F%2Fstaging.sportstarz-aquatics.com%2Finschrijven%2F|||&#8220;][\/vc_column][vc_column css_animation=&#8220;slideInRight&#8220; width=&#8220;1\/2&#8243; css=&#8220;.vc_custom_1725615458534{background-image: url(https:\/\/staging.sportstarz-aquatics.com\/wp-content\/uploads\/2024\/09\/87E08143-26F2-4693-80E6-F1A108985101-scaled.jpeg?id=50619) !important;background-position: center !important;background-repeat: no-repeat !important;background-size: cover !important;}&#8220;]<div class=\"ult-spacer spacer-69ddcefcdb399\" data-id=\"69ddcefcdb399\" data-height=\"800\" data-height-mobile=\"300\" data-height-tab=\"800\" data-height-tab-portrait=\"800\" data-height-mobile-landscape=\"300\" style=\"clear:both;display:block;\"><\/div>[\/vc_column][\/vc_row][vc_row type=&#8220;vc_default&#8220; full_width=&#8220;stretch_row_content&#8220; equal_height=&#8220;yes&#8220; bg_type=&#8220;bg_color&#8220; bg_color_value=&#8220;#f4f4f4&#8243;][vc_column css_animation=&#8220;slideInLeft&#8220; width=&#8220;1\/2&#8243; css=&#8220;.vc_custom_1558894159220{background-image: url(https:\/\/staging.sportstarz-aquatics.com\/wp-content\/uploads\/2019\/05\/video-analyses-groep.jpg?id=38344) !important;background-position: center !important;background-repeat: no-repeat !important;background-size: cover !important;}&#8220;]<div class=\"ult-spacer spacer-69ddcefcdb3d0\" data-id=\"69ddcefcdb3d0\" data-height=\"800\" data-height-mobile=\"300\" data-height-tab=\"800\" data-height-tab-portrait=\"800\" data-height-mobile-landscape=\"300\" style=\"clear:both;display:block;\"><\/div>[\/vc_column][vc_column width=&#8220;1\/2&#8243; css=&#8220;.vc_custom_1545332125753{padding-right: 80px !important;padding-left: 80px !important;}&#8220;][vc_row_inner equal_height=&#8220;yes&#8220;][\/vc_row_inner]<div class=\"ult-spacer spacer-69ddcefcdb3fb\" data-id=\"69ddcefcdb3fb\" data-height=\"150\" data-height-mobile=\"75\" data-height-tab=\"150\" data-height-tab-portrait=\"150\" data-height-mobile-landscape=\"75\" style=\"clear:both;display:block;\"><\/div><div class=\"dt-fancy-separator title-left h1-size style-disabled\" style=\"width: 100%;\"><div class=\"dt-fancy-title\" style=\"color: #2389bc;\"><span class=\"separator-holder separator-left\"><\/span>100%<span class=\"separator-holder separator-right\"><\/span><\/div><\/div><div class=\"dt-fancy-separator title-left h2-size style-disabled\" style=\"width: 100%;\"><div class=\"dt-fancy-title\" style=\"color: #000000;\"><span class=\"separator-holder separator-left\"><\/span>Urlaub<span class=\"separator-holder separator-right\"><\/span><\/div><\/div><div class=\"ult-spacer spacer-69ddcefcdb48c\" data-id=\"69ddcefcdb48c\" data-height=\"25\" data-height-mobile=\"25\" data-height-tab=\"25\" data-height-tab-portrait=\"\" data-height-mobile-landscape=\"\" style=\"clear:both;display:block;\"><\/div>[vc_column_text]<\/p>\n<p class=\"normal\"><span lang=\"UZ-CYR\">Es ist Ihr Urlaub, deswegen haben Sie neben Ihrem t\u00e4glichen Training viel Zeit, um die\u00a0anderen Aktivit\u00e4ten zu genie\u00dfen. Einige Aktivit\u00e4ten werden wir mit der Gruppe unternehmen, aber es wird nat\u00fcrlich Zeit geben, sich zu entspannen, ein Buch zu lesen oder mit Ihren (neuen) Freunden zu plaudern.<\/span><\/p>\n<p class=\"normal\"><span lang=\"UZ-CYR\">Die von uns angebotenen Freizeitaktivit\u00e4ten variieren je nach Ort und Alter der Gruppe.\u00a0<\/span><\/p>\n<p class=\"normal\"><span lang=\"UZ-CYR\">Neben dem Spa\u00df wird es auch ernstere Aktivit\u00e4ten geben, die dem Alter der Gruppe entsprechen. Workshops zu Ern\u00e4hrung, mentales Training oder Techniken. Selbstverst\u00e4ndlich werden mit den (Unterwasser-) Aufzeichnungen Ihre F\u00e4higkeiten analysiert und bewertet. Sehr beliebt sind auch unsere Landtrainingsstunden unserer Niederl\u00e4ndischen Topschwimmern.<\/span><\/p>\n<p>[\/vc_column_text]<div class=\"ult-spacer spacer-69ddcefcdb4b6\" data-id=\"69ddcefcdb4b6\" data-height=\"100\" data-height-mobile=\"50\" data-height-tab=\"100\" data-height-tab-portrait=\"100\" data-height-mobile-landscape=\"50\" style=\"clear:both;display:block;\"><\/div>[vc_btn title=&#8220;Registrieren&#8220; style=&#8220;custom&#8220; custom_background=&#8220;#ffa916&#8243; custom_text=&#8220;#ffffff&#8220; shape=&#8220;round&#8220; size=&#8220;lg&#8220; align=&#8220;left&#8220; css_animation=&#8220;fadeIn&#8220; link=&#8220;url:https%3A%2F%2Fstaging.sportstarz-aquatics.com%2Fde%2Fbuchen-sie-hier%2F|||&#8220;][\/vc_column][\/vc_row]<\/p>\n<\/div>","protected":false},"excerpt":{"rendered":"<p>[vc_row type=&#8220;vc_default&#8220; full_width=&#8220;stretch_row_content_no_spaces&#8220;][vc_column][\/vc_column][\/vc_row][vc_row type=&#8220;vc_default&#8220; full_width=&#8220;stretch_row_content&#8220; equal_height=&#8220;yes&#8220; bg_type=&#8220;bg_color&#8220; bg_color_value=&#8220;#f4f4f4&#8243;][vc_column width=&#8220;1\/2&#8243; css=&#8220;.vc_custom_1545332125753{padding-right: 80px !important;padding-left: 80px !important;}&#8220;][vc_row_inner equal_height=&#8220;yes&#8220;][\/vc_row_inner][vc_column_text css=&#8220;&#8220;] Schwimm-Analysen. Eine gute Schwimmtechnik ist die Grundlage f\u00fcr jeden Sportschwimmer, besonders in dieser Altersgruppe. Um die richtigen Techniken w\u00e4hrend unseres schwimmlagers zu erlernen und zu verbessern, verwenden wir High-Tech-Videokameras unter und \u00fcber Wasser, um Schwimmz\u00fcge, Starts und Wendungen extensiv&hellip;<\/p>\n","protected":false},"author":36,"featured_media":0,"parent":0,"menu_order":0,"comment_status":"closed","ping_status":"closed","template":"","meta":{"_acf_changed":false,"footnotes":""},"categories":[],"tags":[],"class_list":["post-40779","page","type-page","status-publish","hentry","description-off"],"acf":[],"yoast_head":"<!-- This site is optimized with the Yoast SEO plugin v25.3 - https:\/\/yoast.com\/wordpress\/plugins\/seo\/ -->\n<title>Schwimm-Analysen und 100% Urlaub Trainingslager - SportstarZ<\/title>\n<meta name=\"description\" content=\"Schwimm-Analysen. Eine gute Schwimmtechnik ist die Grundlage f\u00fcr jeden Sportschwimmer, besonders in dieser Altersgruppe. Trainiere deine Techniken weiter!\" \/>\n<meta name=\"robots\" content=\"noindex, follow, max-snippet:-1, max-image-preview:large, max-video-preview:-1\" \/>\n<meta property=\"og:locale\" content=\"de_DE\" \/>\n<meta property=\"og:type\" content=\"article\" \/>\n<meta property=\"og:title\" content=\"Schwimm-Analysen und 100% Urlaub Trainingslager - SportstarZ\" \/>\n<meta property=\"og:description\" content=\"Schwimm-Analysen. Eine gute Schwimmtechnik ist die Grundlage f\u00fcr jeden Sportschwimmer, besonders in dieser Altersgruppe. Trainiere deine Techniken weiter!\" \/>\n<meta property=\"og:url\" content=\"https:\/\/staging.sportstarz-aquatics.com\/de\/schwimm-analysen\/\" \/>\n<meta property=\"og:site_name\" content=\"SportstarZ\" \/>\n<meta property=\"article:modified_time\" content=\"2024-09-17T07:48:40+00:00\" \/>\n<meta name=\"twitter:card\" content=\"summary_large_image\" \/>\n<meta name=\"twitter:label1\" content=\"Gesch\u00e4tzte Lesezeit\" \/>\n\t<meta name=\"twitter:data1\" content=\"2\u00a0Minuten\" \/>\n<script type=\"application\/ld+json\" class=\"yoast-schema-graph\">{\"@context\":\"https:\/\/schema.org\",\"@graph\":[{\"@type\":\"WebPage\",\"@id\":\"https:\/\/staging.sportstarz-aquatics.com\/de\/schwimm-analysen\/\",\"url\":\"https:\/\/staging.sportstarz-aquatics.com\/de\/schwimm-analysen\/\",\"name\":\"Schwimm-Analysen und 100% Urlaub Trainingslager - SportstarZ\",\"isPartOf\":{\"@id\":\"https:\/\/staging.sportstarz-aquatics.com\/#website\"},\"datePublished\":\"2019-07-12T10:11:55+00:00\",\"dateModified\":\"2024-09-17T07:48:40+00:00\",\"description\":\"Schwimm-Analysen. Eine gute Schwimmtechnik ist die Grundlage f\u00fcr jeden Sportschwimmer, besonders in dieser Altersgruppe. Trainiere deine Techniken weiter!\",\"breadcrumb\":{\"@id\":\"https:\/\/staging.sportstarz-aquatics.com\/de\/schwimm-analysen\/#breadcrumb\"},\"inLanguage\":\"de\",\"potentialAction\":[{\"@type\":\"ReadAction\",\"target\":[\"https:\/\/staging.sportstarz-aquatics.com\/de\/schwimm-analysen\/\"]}]},{\"@type\":\"BreadcrumbList\",\"@id\":\"https:\/\/staging.sportstarz-aquatics.com\/de\/schwimm-analysen\/#breadcrumb\",\"itemListElement\":[{\"@type\":\"ListItem\",\"position\":1,\"name\":\"Home\",\"item\":\"https:\/\/staging.sportstarz-aquatics.com\/de\/\"},{\"@type\":\"ListItem\",\"position\":2,\"name\":\"Schwimm-Analysen und 100% Urlaub Trainingslager\"}]},{\"@type\":\"WebSite\",\"@id\":\"https:\/\/staging.sportstarz-aquatics.com\/#website\",\"url\":\"https:\/\/staging.sportstarz-aquatics.com\/\",\"name\":\"SportstarZ\",\"description\":\"Swim Camp \",\"potentialAction\":[{\"@type\":\"SearchAction\",\"target\":{\"@type\":\"EntryPoint\",\"urlTemplate\":\"https:\/\/staging.sportstarz-aquatics.com\/?s={search_term_string}\"},\"query-input\":{\"@type\":\"PropertyValueSpecification\",\"valueRequired\":true,\"valueName\":\"search_term_string\"}}],\"inLanguage\":\"de\"}]}<\/script>\n<!-- \/ Yoast SEO plugin. -->","yoast_head_json":{"title":"Schwimm-Analysen und 100% Urlaub Trainingslager - SportstarZ","description":"Schwimm-Analysen. Eine gute Schwimmtechnik ist die Grundlage f\u00fcr jeden Sportschwimmer, besonders in dieser Altersgruppe. Trainiere deine Techniken weiter!","robots":{"index":"noindex","follow":"follow","max-snippet":"max-snippet:-1","max-image-preview":"max-image-preview:large","max-video-preview":"max-video-preview:-1"},"og_locale":"de_DE","og_type":"article","og_title":"Schwimm-Analysen und 100% Urlaub Trainingslager - SportstarZ","og_description":"Schwimm-Analysen. Eine gute Schwimmtechnik ist die Grundlage f\u00fcr jeden Sportschwimmer, besonders in dieser Altersgruppe. Trainiere deine Techniken weiter!","og_url":"https:\/\/staging.sportstarz-aquatics.com\/de\/schwimm-analysen\/","og_site_name":"SportstarZ","article_modified_time":"2024-09-17T07:48:40+00:00","twitter_card":"summary_large_image","twitter_misc":{"Gesch\u00e4tzte Lesezeit":"2\u00a0Minuten"},"schema":{"@context":"https:\/\/schema.org","@graph":[{"@type":"WebPage","@id":"https:\/\/staging.sportstarz-aquatics.com\/de\/schwimm-analysen\/","url":"https:\/\/staging.sportstarz-aquatics.com\/de\/schwimm-analysen\/","name":"Schwimm-Analysen und 100% Urlaub Trainingslager - SportstarZ","isPartOf":{"@id":"https:\/\/staging.sportstarz-aquatics.com\/#website"},"datePublished":"2019-07-12T10:11:55+00:00","dateModified":"2024-09-17T07:48:40+00:00","description":"Schwimm-Analysen. Eine gute Schwimmtechnik ist die Grundlage f\u00fcr jeden Sportschwimmer, besonders in dieser Altersgruppe. Trainiere deine Techniken weiter!","breadcrumb":{"@id":"https:\/\/staging.sportstarz-aquatics.com\/de\/schwimm-analysen\/#breadcrumb"},"inLanguage":"de","potentialAction":[{"@type":"ReadAction","target":["https:\/\/staging.sportstarz-aquatics.com\/de\/schwimm-analysen\/"]}]},{"@type":"BreadcrumbList","@id":"https:\/\/staging.sportstarz-aquatics.com\/de\/schwimm-analysen\/#breadcrumb","itemListElement":[{"@type":"ListItem","position":1,"name":"Home","item":"https:\/\/staging.sportstarz-aquatics.com\/de\/"},{"@type":"ListItem","position":2,"name":"Schwimm-Analysen und 100% Urlaub Trainingslager"}]},{"@type":"WebSite","@id":"https:\/\/staging.sportstarz-aquatics.com\/#website","url":"https:\/\/staging.sportstarz-aquatics.com\/","name":"SportstarZ","description":"Swim Camp ","potentialAction":[{"@type":"SearchAction","target":{"@type":"EntryPoint","urlTemplate":"https:\/\/staging.sportstarz-aquatics.com\/?s={search_term_string}"},"query-input":{"@type":"PropertyValueSpecification","valueRequired":true,"valueName":"search_term_string"}}],"inLanguage":"de"}]}},"_links":{"self":[{"href":"https:\/\/staging.sportstarz-aquatics.com\/de\/wp-json\/wp\/v2\/pages\/40779","targetHints":{"allow":["GET"]}}],"collection":[{"href":"https:\/\/staging.sportstarz-aquatics.com\/de\/wp-json\/wp\/v2\/pages"}],"about":[{"href":"https:\/\/staging.sportstarz-aquatics.com\/de\/wp-json\/wp\/v2\/types\/page"}],"author":[{"embeddable":true,"href":"https:\/\/staging.sportstarz-aquatics.com\/de\/wp-json\/wp\/v2\/users\/36"}],"replies":[{"embeddable":true,"href":"https:\/\/staging.sportstarz-aquatics.com\/de\/wp-json\/wp\/v2\/comments?post=40779"}],"version-history":[{"count":18,"href":"https:\/\/staging.sportstarz-aquatics.com\/de\/wp-json\/wp\/v2\/pages\/40779\/revisions"}],"predecessor-version":[{"id":50964,"href":"https:\/\/staging.sportstarz-aquatics.com\/de\/wp-json\/wp\/v2\/pages\/40779\/revisions\/50964"}],"wp:attachment":[{"href":"https:\/\/staging.sportstarz-aquatics.com\/de\/wp-json\/wp\/v2\/media?parent=40779"}],"wp:term":[{"taxonomy":"category","embeddable":true,"href":"https:\/\/staging.sportstarz-aquatics.com\/de\/wp-json\/wp\/v2\/categories?post=40779"},{"taxonomy":"post_tag","embeddable":true,"href":"https:\/\/staging.sportstarz-aquatics.com\/de\/wp-json\/wp\/v2\/tags?post=40779"}],"curies":[{"name":"wp","href":"https:\/\/api.w.org\/{rel}","templated":true}]}}