{"id":40818,"date":"2019-07-12T13:58:20","date_gmt":"2019-07-12T11:58:20","guid":{"rendered":"https:\/\/staging.sportstarz-aquatics.com\/?page_id=40818"},"modified":"2025-06-13T14:04:35","modified_gmt":"2025-06-13T12:04:35","slug":"saison-preise","status":"publish","type":"page","link":"https:\/\/staging.sportstarz-aquatics.com\/de\/saison-preise\/","title":{"rendered":"Saison Preise Schwimm-trainingslager"},"content":{"rendered":"<div class=\"wpb-content-wrapper\"><p>[vc_row][vc_column]<div class=\"dt-fancy-separator title-left h1-size style-disabled\" style=\"width: 100%;\"><div class=\"dt-fancy-title\" style=\"color: #2389bc;\"><span class=\"separator-holder separator-left\"><\/span>Datum * Preise * Optionen<span class=\"separator-holder separator-right\"><\/span><\/div><\/div><div class=\"ult-spacer spacer-69dde1fe06998\" data-id=\"69dde1fe06998\" data-height=\"100\" data-height-mobile=\"50\" data-height-tab=\"100\" data-height-tab-portrait=\"100\" data-height-mobile-landscape=\"50\" style=\"clear:both;display:block;\"><\/div>[\/vc_column][\/vc_row][vc_row][vc_column width=&#8220;1\/2&#8243;]<div class=\"ult-spacer spacer-69dde1fe069d9\" data-id=\"69dde1fe069d9\" data-height=\"75\" data-height-mobile=\"30\" data-height-tab=\"75\" data-height-tab-portrait=\"75\" data-height-mobile-landscape=\"30\" style=\"clear:both;display:block;\"><\/div>[vc_column_text css=&#8220;&#8220;]<\/p>\n<p class=\"normal\"><span lang=\"UZ-CYR\">Saison Preise basieren sich auf das all-inclusive Schwimm-trainingslager. Preise beinhalten Vollpension, Trainingsprogramme mit Aufsicht und Coaching, Schwimmb\u00e4der, Erholungsprogramm, SportstarZ Badem\u00fctze und Wasserflasche, Nascht\u00fcten, Getr\u00e4nke, Reinigungskosten und Steuern.<\/span><\/p>\n<p>[\/vc_column_text][\/vc_column][vc_column width=&#8220;1\/2&#8243;][vc_single_image image=&#8220;52045&#8243; img_size=&#8220;medium&#8220; alignment=&#8220;center&#8220; css=&#8220;&#8220;][vc_column_text css=&#8220;&#8220;]<\/p>\n<h4 style=\"text-align: center;\">SportstarZ ist seit sechzehn Jahren der gr\u00f6\u00dfte in Europa<\/h4>\n<p>[\/vc_column_text][\/vc_column][\/vc_row][vc_row][vc_column]<div class=\"ult-spacer spacer-69dde1fe06a10\" data-id=\"69dde1fe06a10\" data-height=\"50\" data-height-mobile=\"25\" data-height-tab=\"50\" data-height-tab-portrait=\"50\" data-height-mobile-landscape=\"25\" style=\"clear:both;display:block;\"><\/div><div class=\"ult-spacer spacer-69dde1fe06a41\" data-id=\"69dde1fe06a41\" data-height=\"50\" data-height-mobile=\"25\" data-height-tab=\"50\" data-height-tab-portrait=\"50\" data-height-mobile-landscape=\"25\" style=\"clear:both;display:block;\"><\/div>[vc_text_separator title=&#8220;Programm 2025&#8243; color=&#8220;orange&#8220; css=&#8220;&#8220;]<div class=\"standard-arrow list-divider bullet-top\"><div class=\"flex-shrink-0 flex flex-col relative items-end\">\n<div>\n<div class=\"pt-0\">\n<h4 class=\"gizmo-bot-avatar flex h-8 w-8 items-center justify-center overflow-hidden rounded-full\">Winter<\/h4>\n<\/div>\n<\/div>\n<\/div>\n<div class=\"group\/conversation-turn relative flex w-full min-w-0 flex-col agent-turn\">\n<div class=\"flex-col gap-1 md:gap-3\">\n<div class=\"flex max-w-full flex-col flex-grow\">\n<div class=\"min-h-[20px] text-message flex w-full flex-col items-end gap-2 whitespace-normal break-words [.text-message+&amp;]:mt-5 overflow-x-auto\" dir=\"auto\" data-message-author-role=\"assistant\" data-message-id=\"3e19366c-38b3-4abf-8369-474b74d7f6ec\">\n<div class=\"flex w-full flex-col gap-1 empty:hidden first:pt-[3px]\">\n<div class=\"markdown prose w-full break-words dark:prose-invert dark\">\n<ul>\n<li>2. bis 4. Januar | Starts und Wende | Geldrop | \u00dcbernachtung Geldrop (NL) \u20ac398,-<\/li>\n<\/ul>\n<p>&nbsp;<\/p>\n<\/div>\n<h4>Sommer<\/h4>\n<div class=\"markdown prose w-full break-words dark:prose-invert dark\">\n<ul>\n<li>14. bis 18. Juli | YoungstarZ | Eindhoven | \u00dcbernachtung Geldrop (NL) \u20ac522,-<span style=\"color: #ff0000;\"><strong>Ausgebucht<\/strong><\/span><strong><span style=\"color: #ff6600;\">\u00a0<\/span><\/strong><\/li>\n<li>21. bis 25. Juli | YoungstarZ | Eindhoven | \u00dcbernachtung Geldrop (NL) \u20ac522,-<span style=\"color: #ff0000;\"><strong>Ausgebucht<\/strong><\/span><strong><span style=\"color: #ff6600;\">\u00a0<\/span><\/strong><\/li>\n<li>21. bis 25. Juli | TalentstarZ &amp; JuniorstarZ | Eindhoven | \u00dcbernachtung Lierop (NL) \u20ac724,-\u00a0<span style=\"color: #ff0000;\"><strong>Ausgebucht<\/strong><\/span><\/li>\n<li>28. Juli bis 1. August | YoungstarZ | Eindhoven | \u00dcbernachtung Geldrop (NL) \u20ac522,-\u00a0<span style=\"color: #ff0000;\"><strong>Ausgebucht<\/strong><\/span><strong><span style=\"color: #ff6600;\">\u00a0<\/span><\/strong><\/li>\n<li>28. Juli bis 1. August | TalentstarZ | Eindhoven | \u00dcbernachtung Lierop (NL) \u20ac774,- <span style=\"color: #ff0000;\"><strong>Ausgebucht<\/strong><\/span><\/li>\n<li>4. bis 8. August | JuniorstarZ | Eindhoven | \u00dcbernachtung Geldrop (NL) \u20ac522,-\u00a0<span style=\"color: #ff0000;\"><strong>Ausgebucht<\/strong><\/span><strong><span style=\"color: #ff6600;\">\u00a0<\/span><\/strong><\/li>\n<li>4. bis 8. August | TalentstarZ | Eindhoven | \u00dcbernachtung Lierop (NL) \u20ac774,-\u00a0(<strong><span style=\"color: #ff6600;\">Fast) ausgebucht\u00a0<\/span><\/strong><\/li>\n<li>11. bis 15. August | YoungstarZ | Eindhoven | \u00dcbernachtung Geldrop (NL) \u20ac522,- <span style=\"color: #ff0000;\"><strong>Ausgebucht<\/strong><\/span><strong><span style=\"color: #ff6600;\">\u00a0<\/span><\/strong><\/li>\n<li>11. bis 15. August | TalentstarZ | Eindhoven | \u00dcbernachtung Lierop (NL) \u20ac774,- <span style=\"color: #ff0000;\"><strong>Ausgebucht<\/strong><\/span><strong><span style=\"color: #ff6600;\">\u00a0<\/span><\/strong><\/li>\n<li>18. bis 22. August | TalentstarZ | Eindhoven | \u00dcbernachtung Lierop (NL) \u20ac774,- <span style=\"color: #ff0000;\"><strong>Ausgebucht<\/strong><\/span><strong><span style=\"color: #ff6600;\">\u00a0<\/span><\/strong><\/li>\n<\/ul>\n<\/div>\n<\/div>\n<\/div>\n<\/div>\n<\/div>\n<\/div>\n<\/div>[\/vc_column][\/vc_row][vc_row][vc_column width=&#8220;1\/2&#8243;][vc_text_separator title=&#8220;Exclusiv&#8220; color=&#8220;orange&#8220;]<div class=\"standard-arrow list-divider bullet-top\"><ul>\n<li class=\"normal\"><span lang=\"UZ-CYR\">Buchungsgeb\u00fchr \u20ac 25,- pro Buchung p.p<\/span><\/li>\n<li class=\"normal\">Videoanalyse mit kostenlosem WinnerCam-Armband \u20ac 44,95<\/li>\n<li class=\"normal\"><span lang=\"UZ-CYR\">Touristen Steuer<\/span><\/li>\n<\/ul>\n<\/div>[\/vc_column][vc_column width=&#8220;1\/2&#8243;][vc_text_separator title=&#8220;Zahlungsbedingungen&#8220; color=&#8220;orange&#8220;]<div class=\"standard-arrow list-divider bullet-top\"><ul>\n<li class=\"normal\"><span lang=\"UZ-CYR\">1. Zahlungsbedingung (45%) bei der Buchung.\u00a0 <\/span><\/li>\n<li class=\"normal\"><span lang=\"UZ-CYR\">2. Zahlungsbedingung (55%) mindestens 45 tage vor dem Anfang des Camps<\/span><\/li>\n<li class=\"normal\"><span lang=\"UZ-CYR\">Zahlung mit SOFORTbanking \/ Trustly \/ Ideal \/ Bancontact \/ Mister Cash\u00a0<\/span><\/li>\n<li class=\"normal\"><span lang=\"UZ-CYR\">Oder bank zu bank<\/span><\/li>\n<\/ul>\n<\/div><div class=\"ult-spacer spacer-69dde1fe06ea9\" data-id=\"69dde1fe06ea9\" data-height=\"35\" data-height-mobile=\"20\" data-height-tab=\"35\" data-height-tab-portrait=\"35\" data-height-mobile-landscape=\"20\" style=\"clear:both;display:block;\"><\/div>[vc_text_separator title=&#8220;VERSICHERUNG&#8220; color=&#8220;orange&#8220;]<div class=\"standard-arrow list-divider bullet-top\"><ul>\n<li><span lang=\"UZ-CYR\">SportstarZ kann auf Bedarf deine <a href=\"https:\/\/staging.sportstarz-aquatics.com\/de\/ueber-uns\/versicherungen\/\">Stonierungsvesicherung<\/a> arrangieren<\/span><\/li>\n<\/ul>\n<\/div><div class=\"ult-spacer spacer-69dde1fe06f5f\" data-id=\"69dde1fe06f5f\" data-height=\"35\" data-height-mobile=\"20\" data-height-tab=\"35\" data-height-tab-portrait=\"35\" data-height-mobile-landscape=\"20\" style=\"clear:both;display:block;\"><\/div>[\/vc_column][\/vc_row][vc_row][vc_column width=&#8220;1\/2&#8243;][\/vc_column][vc_column width=&#8220;1\/2&#8243;][vc_btn title=&#8220;Registrieren&#8220; style=&#8220;custom&#8220; custom_background=&#8220;#ffa916&#8243; custom_text=&#8220;#ffffff&#8220; shape=&#8220;round&#8220; size=&#8220;lg&#8220; align=&#8220;center&#8220; css_animation=&#8220;fadeIn&#8220; link=&#8220;url:https%3A%2F%2Fstaging.sportstarz-aquatics.com%2Fde%2Fbuchen-sie-hier%2F|||&#8220;][\/vc_column][\/vc_row][vc_row][vc_column]<div class=\"ult-spacer spacer-69dde1fe06f93\" data-id=\"69dde1fe06f93\" data-height=\"50\" data-height-mobile=\"25\" data-height-tab=\"50\" data-height-tab-portrait=\"50\" data-height-mobile-landscape=\"25\" style=\"clear:both;display:block;\"><\/div>[\/vc_column][\/vc_row][vc_row][vc_column][vc_column_text]<a href=\"https:\/\/www.dein-dlrp.de\/reiseplanung\/reisezeit\/schulferien-europa.html\">Schulferien Europa<\/a>[\/vc_column_text][\/vc_column][\/vc_row][vc_row][vc_column]<div class=\"ult-spacer spacer-69dde1fe06fbf\" data-id=\"69dde1fe06fbf\" data-height=\"50\" data-height-mobile=\"25\" data-height-tab=\"50\" data-height-tab-portrait=\"50\" data-height-mobile-landscape=\"25\" style=\"clear:both;display:block;\"><\/div>[\/vc_column][\/vc_row]<\/p>\n<\/div>","protected":false},"excerpt":{"rendered":"<p>[vc_row][vc_column][\/vc_column][\/vc_row][vc_row][vc_column width=&#8220;1\/2&#8243;][vc_column_text css=&#8220;&#8220;] Saison Preise basieren sich auf das all-inclusive Schwimm-trainingslager. Preise beinhalten Vollpension, Trainingsprogramme mit Aufsicht und Coaching, Schwimmb\u00e4der, Erholungsprogramm, SportstarZ Badem\u00fctze und Wasserflasche, Nascht\u00fcten, Getr\u00e4nke, Reinigungskosten und Steuern. [\/vc_column_text][\/vc_column][vc_column width=&#8220;1\/2&#8243;][vc_single_image image=&#8220;52045&#8243; img_size=&#8220;medium&#8220; alignment=&#8220;center&#8220; css=&#8220;&#8220;][vc_column_text css=&#8220;&#8220;] SportstarZ ist seit sechzehn Jahren der gr\u00f6\u00dfte in Europa [\/vc_column_text][\/vc_column][\/vc_row][vc_row][vc_column][vc_text_separator title=&#8220;Programm 2025&#8243; color=&#8220;orange&#8220; css=&#8220;&#8220;][\/vc_column][\/vc_row][vc_row][vc_column width=&#8220;1\/2&#8243;][vc_text_separator title=&#8220;Exclusiv&#8220; color=&#8220;orange&#8220;][\/vc_column][vc_column width=&#8220;1\/2&#8243;][vc_text_separator&hellip;<\/p>\n","protected":false},"author":36,"featured_media":0,"parent":0,"menu_order":0,"comment_status":"closed","ping_status":"closed","template":"","meta":{"_acf_changed":false,"footnotes":""},"categories":[],"tags":[],"class_list":["post-40818","page","type-page","status-publish","hentry","description-off"],"acf":[],"yoast_head":"<!-- This site is optimized with the Yoast SEO plugin v25.3 - https:\/\/yoast.com\/wordpress\/plugins\/seo\/ -->\n<title>Saison Preise Schwimm-trainingslager - SportstarZ<\/title>\n<meta name=\"description\" content=\"Saison Preise basieren sich auf das all-inclusive Schwimm-trainingslager. Preise beinhalten Vollpension und Trainingsprogramme.\" \/>\n<meta name=\"robots\" content=\"noindex, follow, max-snippet:-1, max-image-preview:large, max-video-preview:-1\" \/>\n<meta property=\"og:locale\" content=\"de_DE\" \/>\n<meta property=\"og:type\" content=\"article\" \/>\n<meta property=\"og:title\" content=\"Saison Preise Schwimm-trainingslager - SportstarZ\" \/>\n<meta property=\"og:description\" content=\"Saison Preise basieren sich auf das all-inclusive Schwimm-trainingslager. Preise beinhalten Vollpension und Trainingsprogramme.\" \/>\n<meta property=\"og:url\" content=\"https:\/\/staging.sportstarz-aquatics.com\/de\/saison-preise\/\" \/>\n<meta property=\"og:site_name\" content=\"SportstarZ\" \/>\n<meta property=\"article:modified_time\" content=\"2025-06-13T12:04:35+00:00\" \/>\n<meta name=\"twitter:card\" content=\"summary_large_image\" \/>\n<meta name=\"twitter:label1\" content=\"Gesch\u00e4tzte Lesezeit\" \/>\n\t<meta name=\"twitter:data1\" content=\"2\u00a0Minuten\" \/>\n<script type=\"application\/ld+json\" class=\"yoast-schema-graph\">{\"@context\":\"https:\/\/schema.org\",\"@graph\":[{\"@type\":\"WebPage\",\"@id\":\"https:\/\/staging.sportstarz-aquatics.com\/de\/saison-preise\/\",\"url\":\"https:\/\/staging.sportstarz-aquatics.com\/de\/saison-preise\/\",\"name\":\"Saison Preise Schwimm-trainingslager - SportstarZ\",\"isPartOf\":{\"@id\":\"https:\/\/staging.sportstarz-aquatics.com\/#website\"},\"datePublished\":\"2019-07-12T11:58:20+00:00\",\"dateModified\":\"2025-06-13T12:04:35+00:00\",\"description\":\"Saison Preise basieren sich auf das all-inclusive Schwimm-trainingslager. Preise beinhalten Vollpension und Trainingsprogramme.\",\"breadcrumb\":{\"@id\":\"https:\/\/staging.sportstarz-aquatics.com\/de\/saison-preise\/#breadcrumb\"},\"inLanguage\":\"de\",\"potentialAction\":[{\"@type\":\"ReadAction\",\"target\":[\"https:\/\/staging.sportstarz-aquatics.com\/de\/saison-preise\/\"]}]},{\"@type\":\"BreadcrumbList\",\"@id\":\"https:\/\/staging.sportstarz-aquatics.com\/de\/saison-preise\/#breadcrumb\",\"itemListElement\":[{\"@type\":\"ListItem\",\"position\":1,\"name\":\"Home\",\"item\":\"https:\/\/staging.sportstarz-aquatics.com\/de\/\"},{\"@type\":\"ListItem\",\"position\":2,\"name\":\"Saison Preise Schwimm-trainingslager\"}]},{\"@type\":\"WebSite\",\"@id\":\"https:\/\/staging.sportstarz-aquatics.com\/#website\",\"url\":\"https:\/\/staging.sportstarz-aquatics.com\/\",\"name\":\"SportstarZ\",\"description\":\"Swim Camp \",\"potentialAction\":[{\"@type\":\"SearchAction\",\"target\":{\"@type\":\"EntryPoint\",\"urlTemplate\":\"https:\/\/staging.sportstarz-aquatics.com\/?s={search_term_string}\"},\"query-input\":{\"@type\":\"PropertyValueSpecification\",\"valueRequired\":true,\"valueName\":\"search_term_string\"}}],\"inLanguage\":\"de\"}]}<\/script>\n<!-- \/ Yoast SEO plugin. -->","yoast_head_json":{"title":"Saison Preise Schwimm-trainingslager - SportstarZ","description":"Saison Preise basieren sich auf das all-inclusive Schwimm-trainingslager. Preise beinhalten Vollpension und Trainingsprogramme.","robots":{"index":"noindex","follow":"follow","max-snippet":"max-snippet:-1","max-image-preview":"max-image-preview:large","max-video-preview":"max-video-preview:-1"},"og_locale":"de_DE","og_type":"article","og_title":"Saison Preise Schwimm-trainingslager - SportstarZ","og_description":"Saison Preise basieren sich auf das all-inclusive Schwimm-trainingslager. Preise beinhalten Vollpension und Trainingsprogramme.","og_url":"https:\/\/staging.sportstarz-aquatics.com\/de\/saison-preise\/","og_site_name":"SportstarZ","article_modified_time":"2025-06-13T12:04:35+00:00","twitter_card":"summary_large_image","twitter_misc":{"Gesch\u00e4tzte Lesezeit":"2\u00a0Minuten"},"schema":{"@context":"https:\/\/schema.org","@graph":[{"@type":"WebPage","@id":"https:\/\/staging.sportstarz-aquatics.com\/de\/saison-preise\/","url":"https:\/\/staging.sportstarz-aquatics.com\/de\/saison-preise\/","name":"Saison Preise Schwimm-trainingslager - SportstarZ","isPartOf":{"@id":"https:\/\/staging.sportstarz-aquatics.com\/#website"},"datePublished":"2019-07-12T11:58:20+00:00","dateModified":"2025-06-13T12:04:35+00:00","description":"Saison Preise basieren sich auf das all-inclusive Schwimm-trainingslager. Preise beinhalten Vollpension und Trainingsprogramme.","breadcrumb":{"@id":"https:\/\/staging.sportstarz-aquatics.com\/de\/saison-preise\/#breadcrumb"},"inLanguage":"de","potentialAction":[{"@type":"ReadAction","target":["https:\/\/staging.sportstarz-aquatics.com\/de\/saison-preise\/"]}]},{"@type":"BreadcrumbList","@id":"https:\/\/staging.sportstarz-aquatics.com\/de\/saison-preise\/#breadcrumb","itemListElement":[{"@type":"ListItem","position":1,"name":"Home","item":"https:\/\/staging.sportstarz-aquatics.com\/de\/"},{"@type":"ListItem","position":2,"name":"Saison Preise Schwimm-trainingslager"}]},{"@type":"WebSite","@id":"https:\/\/staging.sportstarz-aquatics.com\/#website","url":"https:\/\/staging.sportstarz-aquatics.com\/","name":"SportstarZ","description":"Swim Camp ","potentialAction":[{"@type":"SearchAction","target":{"@type":"EntryPoint","urlTemplate":"https:\/\/staging.sportstarz-aquatics.com\/?s={search_term_string}"},"query-input":{"@type":"PropertyValueSpecification","valueRequired":true,"valueName":"search_term_string"}}],"inLanguage":"de"}]}},"_links":{"self":[{"href":"https:\/\/staging.sportstarz-aquatics.com\/de\/wp-json\/wp\/v2\/pages\/40818","targetHints":{"allow":["GET"]}}],"collection":[{"href":"https:\/\/staging.sportstarz-aquatics.com\/de\/wp-json\/wp\/v2\/pages"}],"about":[{"href":"https:\/\/staging.sportstarz-aquatics.com\/de\/wp-json\/wp\/v2\/types\/page"}],"author":[{"embeddable":true,"href":"https:\/\/staging.sportstarz-aquatics.com\/de\/wp-json\/wp\/v2\/users\/36"}],"replies":[{"embeddable":true,"href":"https:\/\/staging.sportstarz-aquatics.com\/de\/wp-json\/wp\/v2\/comments?post=40818"}],"version-history":[{"count":129,"href":"https:\/\/staging.sportstarz-aquatics.com\/de\/wp-json\/wp\/v2\/pages\/40818\/revisions"}],"predecessor-version":[{"id":52708,"href":"https:\/\/staging.sportstarz-aquatics.com\/de\/wp-json\/wp\/v2\/pages\/40818\/revisions\/52708"}],"wp:attachment":[{"href":"https:\/\/staging.sportstarz-aquatics.com\/de\/wp-json\/wp\/v2\/media?parent=40818"}],"wp:term":[{"taxonomy":"category","embeddable":true,"href":"https:\/\/staging.sportstarz-aquatics.com\/de\/wp-json\/wp\/v2\/categories?post=40818"},{"taxonomy":"post_tag","embeddable":true,"href":"https:\/\/staging.sportstarz-aquatics.com\/de\/wp-json\/wp\/v2\/tags?post=40818"}],"curies":[{"name":"wp","href":"https:\/\/api.w.org\/{rel}","templated":true}]}}