{"id":46879,"date":"2021-01-27T10:51:43","date_gmt":"2021-01-27T09:51:43","guid":{"rendered":"https:\/\/staging.sportstarz-aquatics.com\/?page_id=46879"},"modified":"2021-03-21T10:02:48","modified_gmt":"2021-03-21T09:02:48","slug":"korcsoportok","status":"publish","type":"page","link":"https:\/\/staging.sportstarz-aquatics.com\/hu\/korcsoportok\/","title":{"rendered":"Korcsoportok : A SportstarZ \u00fasz\u00f3i k\u00fcl\u00f6nb\u00f6z\u0151"},"content":{"rendered":"<div class=\"wpb-content-wrapper\"><p>[vc_row][vc_column][vc_column_text]Korcsoportok : A SportstarZ \u00fasz\u00f3i k\u00fcl\u00f6nb\u00f6z\u0151 koroszt\u00e1lyok k\u00f6z\u00f6tt v\u00e1laszthatnak, ez\u00e9rt megtal\u00e1lhatj\u00e1k az Ig\u00e9nyeinek legink\u00e1bb megfelel\u0151 t\u00e1bort.[\/vc_column_text][vc_column_text]Korcsoportok : A legnagyobb k\u00fcl\u00f6nbs\u00e9g az \u00fasz\u00e1s edz\u00e9s\u00e9nek m\u00f3dja, de olyan k\u00e9rd\u00e9sek is, mint a szabadid\u0151s tev\u00e9kenys\u00e9gek, az elm\u00e9let, az alv\u00e1si id\u0151 \u00e9s a sz\u00e1razf\u00f6ldi edz\u00e9s, a k\u00fcl\u00f6nb\u00f6z\u0151 \u00e9letkorok k\u00fcl\u00f6nb\u00f6z\u0151 k\u00e9pess\u00e9geihez \u00e9s ig\u00e9nyeihez igazodnak.[\/vc_column_text]<div class=\"ult-spacer spacer-69ddce928c701\" data-id=\"69ddce928c701\" data-height=\"15\" data-height-mobile=\"5\" data-height-tab=\"15\" data-height-tab-portrait=\"15\" data-height-mobile-landscape=\"5\" style=\"clear:both;display:block;\"><\/div><div class=\"dt-fancy-separator h1-size style-disabled\" style=\"width: 100%;\"><div class=\"dt-fancy-title\" style=\"color: #2389bc;\"><span class=\"separator-holder separator-left\"><\/span>TalentstarZ<span class=\"separator-holder separator-right\"><\/span><\/div><\/div><div class=\"ult-spacer spacer-69ddce928c7a9\" data-id=\"69ddce928c7a9\" data-height=\"50\" data-height-mobile=\"25\" data-height-tab=\"50\" data-height-tab-portrait=\"50\" data-height-mobile-landscape=\"25\" style=\"clear:both;display:block;\"><\/div>[\/vc_column][\/vc_row][vc_row type=&#8221;vc_default&#8221;][vc_column width=&#8221;1\/2&#8243;][vc_single_image image=&#8221;38613&#8243; img_size=&#8221;400&#215;260&#8243; alignment=&#8221;center&#8221;]<div class=\"ult-spacer spacer-69ddce928c7e0\" data-id=\"69ddce928c7e0\" data-height=\"15\" data-height-mobile=\"5\" data-height-tab=\"15\" data-height-tab-portrait=\"15\" data-height-mobile-landscape=\"5\" style=\"clear:both;display:block;\"><\/div>[vc_column_text]Korcsoportok ; Te vagy az az \u00fasz\u00f3, akit n\u00e9h\u00e1ny \u00e9ven bel\u00fcl megtal\u00e1lhatunk a hazai \u00e9s nemzetk\u00f6zi versenyeken? Ha \u00e9lsz \u00e9s halsz az \u00fasz\u00e1s\u00e9rt, 12 \u00e9ves vagy ann\u00e1l id\u0151sebb, \u00e9s legal\u00e1bb egy SportstarZ-TalentstarZ-hat\u00e1r\u00e9rt\u00e9ket * tartasz egy vagy t\u00f6bb t\u00e1von? Ebben az esetben ez a TalentZ t\u00e1bor mindenk\u00e9ppen az \u00d6n sz\u00e1m\u00e1ra lesz! Az \u00f6sszes (vizes) foglalkoz\u00e1s sor\u00e1n videok\u00e9sz\u00fcl\u00e9k \u00e1ll rendelkez\u00e9sre a v\u00edz alatti technik\u00e1k elemz\u00e9s\u00e9re. A v\u00edzi edz\u00e9seken k\u00edv\u00fcl profi ment\u00e1lis sport edz\u0151 is rendelkez\u00e9sre \u00e1ll.[\/vc_column_text][\/vc_column][vc_column width=&#8221;1\/2&#8243;]<style type=\"text\/css\" data-type=\"the7_shortcodes-inline-css\">#default-btn-4c6009e4ab7016f4059e5f3cd89a9aee {\n  border-radius: 0px;\n  font-size: 16px;\n  line-height: 18px;\n}\n.btn-shadow#default-btn-4c6009e4ab7016f4059e5f3cd89a9aee {\n  box-shadow: 0 1px 6px rgba(0,0,0,0.12);\n  transition: box-shadow 0.2s ease-out, opacity 0.45s;\n}\n.btn-shadow#default-btn-4c6009e4ab7016f4059e5f3cd89a9aee:hover {\n  box-shadow: 0 5px 11px 0 rgba(0,0,0,0.18), 0 4px 15px 0 rgba(0,0,0,0.15);\n}\n.btn-3d#default-btn-4c6009e4ab7016f4059e5f3cd89a9aee {\n  box-shadow: 0px 2px 0px 0px #669f3c;\n}\n.btn-3d#default-btn-4c6009e4ab7016f4059e5f3cd89a9aee:hover {\n  box-shadow: 0px 2px 0px 0px #c28216;\n}\n.btn-flat#default-btn-4c6009e4ab7016f4059e5f3cd89a9aee {\n  box-shadow: none;\n}\n.btn-flat#default-btn-4c6009e4ab7016f4059e5f3cd89a9aee:hover {\n  box-shadow: none;\n}\n#default-btn-4c6009e4ab7016f4059e5f3cd89a9aee.ico-right-side > i {\n  margin-right: 0px;\n  margin-left: 8px;\n}\n#default-btn-4c6009e4ab7016f4059e5f3cd89a9aee > i {\n  margin-right: 8px;\n  font-size: 16px;\n}\n#default-btn-4c6009e4ab7016f4059e5f3cd89a9aee:not(:hover) {\n  border-width: 0px;\n  color: #ffffff;\n  background: #81d742 !important;\n  padding: 10px 18px 10px 16px;\n}\n#default-btn-4c6009e4ab7016f4059e5f3cd89a9aee:not(:hover) * {\n  color: #ffffff;\n}\n#default-btn-4c6009e4ab7016f4059e5f3cd89a9aee:hover {\n  border-width: 0px;\n  color: #ffffff;\n  background: #ffa916 !important;\n  padding: 10px 18px 10px 16px;\n}\n#default-btn-4c6009e4ab7016f4059e5f3cd89a9aee:hover * {\n  color: #ffffff;\n}\n#default-btn-4c6009e4ab7016f4059e5f3cd89a9aee.ico-right-side > i {\n  margin-right: 0px;\n  margin-left: 8px;\n}\n#default-btn-4c6009e4ab7016f4059e5f3cd89a9aee > i {\n  margin-right: 8px;\n}\n<\/style><a href=\"https:\/\/staging.sportstarz-aquatics.com\/es\/magyarorszag-budapest\/\" class=\"default-btn-shortcode dt-btn link-hover-off anchor-link btn-inline-left btn-flat \" id=\"default-btn-4c6009e4ab7016f4059e5f3cd89a9aee\" title=\"Lees meer\"><span>TalentstarZ Budapest<\/span><\/a><div class=\"ult-spacer spacer-69ddce928c974\" data-id=\"69ddce928c974\" data-height=\"10\" data-height-mobile=\"5\" data-height-tab=\"10\" data-height-tab-portrait=\"10\" data-height-mobile-landscape=\"5\" style=\"clear:both;display:block;\"><\/div><style type=\"text\/css\" data-type=\"the7_shortcodes-inline-css\">#default-btn-566ccd504be805a9d1d39a70d199f8b4 {\n  border-radius: 0px;\n  font-size: 16px;\n  line-height: 18px;\n}\n.btn-shadow#default-btn-566ccd504be805a9d1d39a70d199f8b4 {\n  box-shadow: 0 1px 6px rgba(0,0,0,0.12);\n  transition: box-shadow 0.2s ease-out, opacity 0.45s;\n}\n.btn-shadow#default-btn-566ccd504be805a9d1d39a70d199f8b4:hover {\n  box-shadow: 0 5px 11px 0 rgba(0,0,0,0.18), 0 4px 15px 0 rgba(0,0,0,0.15);\n}\n.btn-3d#default-btn-566ccd504be805a9d1d39a70d199f8b4 {\n  box-shadow: 0px 2px 0px 0px #2a5e78;\n}\n.btn-3d#default-btn-566ccd504be805a9d1d39a70d199f8b4:hover {\n  box-shadow: 0px 2px 0px 0px #c28216;\n}\n.btn-flat#default-btn-566ccd504be805a9d1d39a70d199f8b4 {\n  box-shadow: none;\n}\n.btn-flat#default-btn-566ccd504be805a9d1d39a70d199f8b4:hover {\n  box-shadow: none;\n}\n#default-btn-566ccd504be805a9d1d39a70d199f8b4.ico-right-side > i {\n  margin-right: 0px;\n  margin-left: 8px;\n}\n#default-btn-566ccd504be805a9d1d39a70d199f8b4 > i {\n  margin-right: 8px;\n  font-size: 16px;\n}\n#default-btn-566ccd504be805a9d1d39a70d199f8b4:not(:hover) {\n  border-width: 0px;\n  color: #ffffff;\n  background: #2389bc !important;\n  padding: 10px 18px 10px 16px;\n}\n#default-btn-566ccd504be805a9d1d39a70d199f8b4:not(:hover) * {\n  color: #ffffff;\n}\n#default-btn-566ccd504be805a9d1d39a70d199f8b4:hover {\n  border-width: 0px;\n  color: #ffffff;\n  background: #ffa916 !important;\n  padding: 10px 18px 10px 16px;\n}\n#default-btn-566ccd504be805a9d1d39a70d199f8b4:hover * {\n  color: #ffffff;\n}\n#default-btn-566ccd504be805a9d1d39a70d199f8b4.ico-right-side > i {\n  margin-right: 0px;\n  margin-left: 8px;\n}\n#default-btn-566ccd504be805a9d1d39a70d199f8b4 > i {\n  margin-right: 8px;\n}\n<\/style><a href=\"https:\/\/staging.sportstarz-aquatics.com\/es\/locaties\/magyarorszag-eindhoven\/\" class=\"default-btn-shortcode dt-btn link-hover-off anchor-link btn-inline-left btn-flat \" id=\"default-btn-566ccd504be805a9d1d39a70d199f8b4\" title=\"Lees meer\"><span>TalentstarZ Eindhoven (NL)<\/span><\/a><div class=\"ult-spacer spacer-69ddce928caa2\" data-id=\"69ddce928caa2\" data-height=\"25\" data-height-mobile=\"15\" data-height-tab=\"25\" data-height-tab-portrait=\"25\" data-height-mobile-landscape=\"15\" style=\"clear:both;display:block;\"><\/div><div class=\"ult-spacer spacer-69ddce928cad6\" data-id=\"69ddce928cad6\" data-height=\"50\" data-height-mobile=\"25\" data-height-tab=\"50\" data-height-tab-portrait=\"50\" data-height-mobile-landscape=\"25\" style=\"clear:both;display:block;\"><\/div><div class=\"ult-spacer spacer-69ddce928cb02\" data-id=\"69ddce928cb02\" data-height=\"50\" data-height-mobile=\"25\" data-height-tab=\"50\" data-height-tab-portrait=\"50\" data-height-mobile-landscape=\"25\" style=\"clear:both;display:block;\"><\/div>[vc_btn title=&#8221;Regisztr\u00e1lj&#8221; shape=&#8221;round&#8221; color=&#8221;warning&#8221; size=&#8221;lg&#8221; link=&#8221;url:https%3A%2F%2Fstaging.sportstarz-aquatics.com%2Fhu%2Fregisztralja%2F&#8221; css=&#8221;.vc_custom_1614790846067{background-color: #ffffff !important;}&#8221;][\/vc_column][\/vc_row][vc_row][vc_column]<div class=\"ult-spacer spacer-69ddce928cb2e\" data-id=\"69ddce928cb2e\" data-height=\"75\" data-height-mobile=\"35\" data-height-tab=\"75\" data-height-tab-portrait=\"75\" data-height-mobile-landscape=\"35\" style=\"clear:both;display:block;\"><\/div>[\/vc_column][\/vc_row][vc_row][vc_column width=&#8221;1\/2&#8243;][vc_column_text]<\/p>\n<p style=\"text-align: center;\"><strong>SportstarZ TalentstarZ-Chart Fi\u00fak <\/strong>(100 m r\u00f6vid p\u00e1lya)<\/p>\n<p>[\/vc_column_text][vc_single_image image=&#8221;45758&#8243; img_size=&#8221;full&#8221; alignment=&#8221;center&#8221;][\/vc_column][vc_column width=&#8221;1\/2&#8243;][vc_column_text]<\/p>\n<p style=\"text-align: center;\"><strong>SportstarZ TalentstarZ-Chart\u00a0L\u00e1nyok<\/strong> (100 m r\u00f6vid p\u00e1lya)<\/p>\n<p>[\/vc_column_text][vc_single_image image=&#8221;45770&#8243; img_size=&#8221;full&#8221; alignment=&#8221;center&#8221;][\/vc_column][\/vc_row][vc_row][vc_column][vc_column_text]<a href=\"https:\/\/www.google.nl\/maps\/@47.5410793,19.0613383,3a,75y,279.64h,72.7t\/data=!3m8!1e1!3m6!1sAF1QipP9iFoyWkCI-jxo2jF1xZsaZEOyKov7CH5ZXOXw!2e10!3e11!6shttps:%2F%2Flh5.googleusercontent.com%2Fp%2FAF1QipP9iFoyWkCI-jxo2jF1xZsaZEOyKov7CH5ZXOXw%3Dw203-h100-k-no-pi-0-ya21.419706-ro-0-fo100!7i5612!8i2806\">streetview<\/a>[\/vc_column_text][\/vc_column][\/vc_row]<\/p>\n<\/div>","protected":false},"excerpt":{"rendered":"<p>[vc_row][vc_column][vc_column_text]Korcsoportok : A SportstarZ \u00fasz\u00f3i k\u00fcl\u00f6nb\u00f6z\u0151 koroszt\u00e1lyok k\u00f6z\u00f6tt v\u00e1laszthatnak, ez\u00e9rt megtal\u00e1lhatj\u00e1k az Ig\u00e9nyeinek legink\u00e1bb megfelel\u0151 t\u00e1bort.[\/vc_column_text][vc_column_text]Korcsoportok : A legnagyobb k\u00fcl\u00f6nbs\u00e9g az \u00fasz\u00e1s edz\u00e9s\u00e9nek m\u00f3dja, de olyan k\u00e9rd\u00e9sek is, mint a szabadid\u0151s tev\u00e9kenys\u00e9gek, az elm\u00e9let, az alv\u00e1si id\u0151 \u00e9s a sz\u00e1razf\u00f6ldi edz\u00e9s, a k\u00fcl\u00f6nb\u00f6z\u0151 \u00e9letkorok k\u00fcl\u00f6nb\u00f6z\u0151 k\u00e9pess\u00e9geihez \u00e9s ig\u00e9nyeihez igazodnak.[\/vc_column_text][\/vc_column][\/vc_row][vc_row type=&#8221;vc_default&#8221;][vc_column width=&#8221;1\/2&#8243;][vc_single_image image=&#8221;38613&#8243; img_size=&#8221;400&#215;260&#8243; alignment=&#8221;center&#8221;][vc_column_text]Korcsoportok ;&hellip;<\/p>\n","protected":false},"author":36,"featured_media":0,"parent":0,"menu_order":11,"comment_status":"closed","ping_status":"closed","template":"","meta":{"_acf_changed":false,"footnotes":""},"categories":[],"tags":[],"class_list":["post-46879","page","type-page","status-publish","hentry","description-off"],"acf":[],"yoast_head":"<!-- This site is optimized with the Yoast SEO plugin v25.3 - https:\/\/yoast.com\/wordpress\/plugins\/seo\/ -->\n<title>Korcsoportok : A SportstarZ \u00fasz\u00f3i k\u00fcl\u00f6nb\u00f6z\u0151 - SportstarZ<\/title>\n<meta name=\"description\" content=\"Korcsoportok: A legnagyobb k\u00fcl\u00f6nbs\u00e9g az \u00fasz\u00e1s edz\u00e9s\u00e9nek m\u00f3dja, de olyan k\u00e9rd\u00e9sek is, mint a szabadid\u0151s tev\u00e9kenys\u00e9gek, az elm\u00e9let, ...\" \/>\n<meta name=\"robots\" content=\"noindex, follow, max-snippet:-1, max-image-preview:large, max-video-preview:-1\" \/>\n<meta property=\"og:locale\" content=\"hu_HU\" \/>\n<meta property=\"og:type\" content=\"article\" \/>\n<meta property=\"og:title\" content=\"Korcsoportok : A SportstarZ \u00fasz\u00f3i k\u00fcl\u00f6nb\u00f6z\u0151 - SportstarZ\" \/>\n<meta property=\"og:description\" content=\"Korcsoportok: A legnagyobb k\u00fcl\u00f6nbs\u00e9g az \u00fasz\u00e1s edz\u00e9s\u00e9nek m\u00f3dja, de olyan k\u00e9rd\u00e9sek is, mint a szabadid\u0151s tev\u00e9kenys\u00e9gek, az elm\u00e9let, ...\" \/>\n<meta property=\"og:url\" content=\"https:\/\/staging.sportstarz-aquatics.com\/leeftijdsgroepen\/\" \/>\n<meta property=\"og:site_name\" content=\"SportstarZ\" \/>\n<meta property=\"article:modified_time\" content=\"2021-03-21T09:02:48+00:00\" \/>\n<meta name=\"twitter:card\" content=\"summary_large_image\" \/>\n<meta name=\"twitter:label1\" content=\"Becs\u00fclt olvas\u00e1si id\u0151\" \/>\n\t<meta name=\"twitter:data1\" content=\"2 perc\" \/>\n<script type=\"application\/ld+json\" class=\"yoast-schema-graph\">{\"@context\":\"https:\/\/schema.org\",\"@graph\":[{\"@type\":\"WebPage\",\"@id\":\"https:\/\/staging.sportstarz-aquatics.com\/leeftijdsgroepen\/\",\"url\":\"https:\/\/staging.sportstarz-aquatics.com\/leeftijdsgroepen\/\",\"name\":\"Korcsoportok : A SportstarZ \u00fasz\u00f3i k\u00fcl\u00f6nb\u00f6z\u0151 - SportstarZ\",\"isPartOf\":{\"@id\":\"https:\/\/staging.sportstarz-aquatics.com\/#website\"},\"datePublished\":\"2021-01-27T09:51:43+00:00\",\"dateModified\":\"2021-03-21T09:02:48+00:00\",\"description\":\"Korcsoportok: A legnagyobb k\u00fcl\u00f6nbs\u00e9g az \u00fasz\u00e1s edz\u00e9s\u00e9nek m\u00f3dja, de olyan k\u00e9rd\u00e9sek is, mint a szabadid\u0151s tev\u00e9kenys\u00e9gek, az elm\u00e9let, ...\",\"breadcrumb\":{\"@id\":\"https:\/\/staging.sportstarz-aquatics.com\/leeftijdsgroepen\/#breadcrumb\"},\"inLanguage\":\"hu\",\"potentialAction\":[{\"@type\":\"ReadAction\",\"target\":[\"https:\/\/staging.sportstarz-aquatics.com\/leeftijdsgroepen\/\"]}]},{\"@type\":\"BreadcrumbList\",\"@id\":\"https:\/\/staging.sportstarz-aquatics.com\/leeftijdsgroepen\/#breadcrumb\",\"itemListElement\":[{\"@type\":\"ListItem\",\"position\":1,\"name\":\"Home\",\"item\":\"https:\/\/staging.sportstarz-aquatics.com\/hu\/\"},{\"@type\":\"ListItem\",\"position\":2,\"name\":\"Korcsoportok : A SportstarZ \u00fasz\u00f3i k\u00fcl\u00f6nb\u00f6z\u0151\"}]},{\"@type\":\"WebSite\",\"@id\":\"https:\/\/staging.sportstarz-aquatics.com\/#website\",\"url\":\"https:\/\/staging.sportstarz-aquatics.com\/\",\"name\":\"SportstarZ\",\"description\":\"Swim Camp \",\"potentialAction\":[{\"@type\":\"SearchAction\",\"target\":{\"@type\":\"EntryPoint\",\"urlTemplate\":\"https:\/\/staging.sportstarz-aquatics.com\/?s={search_term_string}\"},\"query-input\":{\"@type\":\"PropertyValueSpecification\",\"valueRequired\":true,\"valueName\":\"search_term_string\"}}],\"inLanguage\":\"hu\"}]}<\/script>\n<!-- \/ Yoast SEO plugin. -->","yoast_head_json":{"title":"Korcsoportok : A SportstarZ \u00fasz\u00f3i k\u00fcl\u00f6nb\u00f6z\u0151 - SportstarZ","description":"Korcsoportok: A legnagyobb k\u00fcl\u00f6nbs\u00e9g az \u00fasz\u00e1s edz\u00e9s\u00e9nek m\u00f3dja, de olyan k\u00e9rd\u00e9sek is, mint a szabadid\u0151s tev\u00e9kenys\u00e9gek, az elm\u00e9let, ...","robots":{"index":"noindex","follow":"follow","max-snippet":"max-snippet:-1","max-image-preview":"max-image-preview:large","max-video-preview":"max-video-preview:-1"},"og_locale":"hu_HU","og_type":"article","og_title":"Korcsoportok : A SportstarZ \u00fasz\u00f3i k\u00fcl\u00f6nb\u00f6z\u0151 - SportstarZ","og_description":"Korcsoportok: A legnagyobb k\u00fcl\u00f6nbs\u00e9g az \u00fasz\u00e1s edz\u00e9s\u00e9nek m\u00f3dja, de olyan k\u00e9rd\u00e9sek is, mint a szabadid\u0151s tev\u00e9kenys\u00e9gek, az elm\u00e9let, ...","og_url":"https:\/\/staging.sportstarz-aquatics.com\/leeftijdsgroepen\/","og_site_name":"SportstarZ","article_modified_time":"2021-03-21T09:02:48+00:00","twitter_card":"summary_large_image","twitter_misc":{"Becs\u00fclt olvas\u00e1si id\u0151":"2 perc"},"schema":{"@context":"https:\/\/schema.org","@graph":[{"@type":"WebPage","@id":"https:\/\/staging.sportstarz-aquatics.com\/leeftijdsgroepen\/","url":"https:\/\/staging.sportstarz-aquatics.com\/leeftijdsgroepen\/","name":"Korcsoportok : A SportstarZ \u00fasz\u00f3i k\u00fcl\u00f6nb\u00f6z\u0151 - SportstarZ","isPartOf":{"@id":"https:\/\/staging.sportstarz-aquatics.com\/#website"},"datePublished":"2021-01-27T09:51:43+00:00","dateModified":"2021-03-21T09:02:48+00:00","description":"Korcsoportok: A legnagyobb k\u00fcl\u00f6nbs\u00e9g az \u00fasz\u00e1s edz\u00e9s\u00e9nek m\u00f3dja, de olyan k\u00e9rd\u00e9sek is, mint a szabadid\u0151s tev\u00e9kenys\u00e9gek, az elm\u00e9let, ...","breadcrumb":{"@id":"https:\/\/staging.sportstarz-aquatics.com\/leeftijdsgroepen\/#breadcrumb"},"inLanguage":"hu","potentialAction":[{"@type":"ReadAction","target":["https:\/\/staging.sportstarz-aquatics.com\/leeftijdsgroepen\/"]}]},{"@type":"BreadcrumbList","@id":"https:\/\/staging.sportstarz-aquatics.com\/leeftijdsgroepen\/#breadcrumb","itemListElement":[{"@type":"ListItem","position":1,"name":"Home","item":"https:\/\/staging.sportstarz-aquatics.com\/hu\/"},{"@type":"ListItem","position":2,"name":"Korcsoportok : A SportstarZ \u00fasz\u00f3i k\u00fcl\u00f6nb\u00f6z\u0151"}]},{"@type":"WebSite","@id":"https:\/\/staging.sportstarz-aquatics.com\/#website","url":"https:\/\/staging.sportstarz-aquatics.com\/","name":"SportstarZ","description":"Swim Camp ","potentialAction":[{"@type":"SearchAction","target":{"@type":"EntryPoint","urlTemplate":"https:\/\/staging.sportstarz-aquatics.com\/?s={search_term_string}"},"query-input":{"@type":"PropertyValueSpecification","valueRequired":true,"valueName":"search_term_string"}}],"inLanguage":"hu"}]}},"_links":{"self":[{"href":"https:\/\/staging.sportstarz-aquatics.com\/hu\/wp-json\/wp\/v2\/pages\/46879","targetHints":{"allow":["GET"]}}],"collection":[{"href":"https:\/\/staging.sportstarz-aquatics.com\/hu\/wp-json\/wp\/v2\/pages"}],"about":[{"href":"https:\/\/staging.sportstarz-aquatics.com\/hu\/wp-json\/wp\/v2\/types\/page"}],"author":[{"embeddable":true,"href":"https:\/\/staging.sportstarz-aquatics.com\/hu\/wp-json\/wp\/v2\/users\/36"}],"replies":[{"embeddable":true,"href":"https:\/\/staging.sportstarz-aquatics.com\/hu\/wp-json\/wp\/v2\/comments?post=46879"}],"version-history":[{"count":10,"href":"https:\/\/staging.sportstarz-aquatics.com\/hu\/wp-json\/wp\/v2\/pages\/46879\/revisions"}],"predecessor-version":[{"id":47862,"href":"https:\/\/staging.sportstarz-aquatics.com\/hu\/wp-json\/wp\/v2\/pages\/46879\/revisions\/47862"}],"wp:attachment":[{"href":"https:\/\/staging.sportstarz-aquatics.com\/hu\/wp-json\/wp\/v2\/media?parent=46879"}],"wp:term":[{"taxonomy":"category","embeddable":true,"href":"https:\/\/staging.sportstarz-aquatics.com\/hu\/wp-json\/wp\/v2\/categories?post=46879"},{"taxonomy":"post_tag","embeddable":true,"href":"https:\/\/staging.sportstarz-aquatics.com\/hu\/wp-json\/wp\/v2\/tags?post=46879"}],"curies":[{"name":"wp","href":"https:\/\/api.w.org\/{rel}","templated":true}]}}