{"id":47001,"date":"2021-01-27T11:31:40","date_gmt":"2021-01-27T10:31:40","guid":{"rendered":"https:\/\/staging.sportstarz-aquatics.com\/?page_id=47001"},"modified":"2021-03-03T18:01:34","modified_gmt":"2021-03-03T17:01:34","slug":"helyszinek","status":"publish","type":"page","link":"https:\/\/staging.sportstarz-aquatics.com\/hu\/helyszinek\/","title":{"rendered":"Helysz\u00ednek SportstarZ swim camp Hungary"},"content":{"rendered":"<div class=\"wpb-content-wrapper\"><p>[vc_section][vc_row][vc_column]<div class=\"ult-spacer spacer-69ddcd892d182\" data-id=\"69ddcd892d182\" data-height=\"50\" data-height-mobile=\"25\" data-height-tab=\"50\" data-height-tab-portrait=\"50\" data-height-mobile-landscape=\"25\" style=\"clear:both;display:block;\"><\/div>[vc_column_text]Helysz\u00ednek : A SportstarZ a min\u0151s\u00e9get jelenti. Ez\u00e9rt gondosan v\u00e1logatjuk ki a felejthetetlen sportt\u00e1borok legjobb helysz\u00edneit. Sporthelyeink az orsz\u00e1gok legjobbjai k\u00f6z\u00e9 tartoznak, lehet\u0151leg olimpiai m\u00e9ret\u0171ek, \u00e9s mindig a leg\u00fajabb (sport) technik\u00e1kkal vannak felszerelve.<\/p>\n<p>A sz\u00e1ll\u00e1sunkon is csak azt a kis extr\u00e1t v\u00e1lasztjuk, nincs hord\u00e1gyakkal vagy s\u00e1trakkal val\u00f3 ny\u00fczsg\u00e9s, de remek l\u00e9gk\u00f6r, k\u00e9nyelem \u00e9s sportos k\u00f6rnyezet. El\u00e9g sz\u00f3rakoztat\u00f3 rekre\u00e1ci\u00f3s ter\u00fclettel \u00e9s k\u00e9nyelmes, val\u00f3di \u00e1gyakkal egy\u00fctt nagyszer\u0171 lehet\u0151s\u00e9g vel\u00fcnk maradni. B\u00e1rmelyik helyet is v\u00e1lasztja, a SportstarZ biztos\u00edtja, hogy teljes m\u00e9rt\u00e9kben a legfontosabbakra koncentr\u00e1lhasson; \u00e9lvezze a felejthetetlen sportos id\u0151t a SportstarZ seg\u00edts\u00e9g\u00e9vel.[\/vc_column_text]<div class=\"ult-spacer spacer-69ddcd892d1d5\" data-id=\"69ddcd892d1d5\" data-height=\"50\" data-height-mobile=\"25\" data-height-tab=\"50\" data-height-tab-portrait=\"50\" data-height-mobile-landscape=\"25\" style=\"clear:both;display:block;\"><\/div>[\/vc_column][\/vc_row][\/vc_section][vc_row type=&#8221;vc_default&#8221;][vc_column width=&#8221;1\/2&#8243;]<div class=\"dt-fancy-separator h1-size style-disabled\" style=\"width: 100%;\"><div class=\"dt-fancy-title\" style=\"color: #2389bc;\"><span class=\"separator-holder separator-left\"><\/span>Budapest TalentstarZ<span class=\"separator-holder separator-right\"><\/span><\/div><\/div><div class=\"dt-fancy-separator h1-size style-disabled\" style=\"width: 100%;\"><div class=\"dt-fancy-title\" style=\"color: #2389bc;\"><span class=\"separator-holder separator-left\"><\/span>(HU)<span class=\"separator-holder separator-right\"><\/span><\/div><\/div><div class=\"ult-spacer spacer-69ddcd892d2e5\" data-id=\"69ddcd892d2e5\" data-height=\"15\" data-height-mobile=\"5\" data-height-tab=\"15\" data-height-tab-portrait=\"15\" data-height-mobile-landscape=\"5\" style=\"clear:both;display:block;\"><\/div>[vc_single_image image=&#8221;46034&#8243; img_size=&#8221;400&#215;260&#8243; alignment=&#8221;center&#8221; onclick=&#8221;custom_link&#8221; link=&#8221;https:\/\/staging.sportstarz-aquatics.com\/es\/magyarorszag-budapest\/&#8221;]<div class=\"ult-spacer spacer-69ddcd892d31c\" data-id=\"69ddcd892d31c\" data-height=\"15\" data-height-mobile=\"5\" data-height-tab=\"15\" data-height-tab-portrait=\"15\" data-height-mobile-landscape=\"5\" style=\"clear:both;display:block;\"><\/div>[vc_column_text]A budapesti TalentstarZ \u00fasz\u00f3 t\u00e1borban k\u00e9t medenc\u00e9t haszn\u00e1lunk. Mindkett\u0151ben edzeni fog. A legh\u00edresebb medence a Duna-Arena. A Duna Ar\u00e9na Kelet-Eur\u00f3pa legnagyobb \u00e9s legh\u00edresebb medenc\u00e9je. A Duna Ar\u00e9na minden \u00e9vben a FINA Vil\u00e1gkupa egyik helysz\u00edne. A m\u00e1sik medence, ahol edzeni fogunk, a Sportuszoda.<\/p>\n<p>Term\u00e9szetesen mindk\u00e9t helysz\u00edn omega start blokkokkal van felszerelve.[\/vc_column_text]<div class=\"ult-spacer spacer-69ddcd892d34e\" data-id=\"69ddcd892d34e\" data-height=\"5\" data-height-mobile=\"3\" data-height-tab=\"5\" data-height-tab-portrait=\"5\" data-height-mobile-landscape=\"3\" style=\"clear:both;display:block;\"><\/div>[\/vc_column][vc_column width=&#8221;1\/2&#8243;]<div class=\"dt-fancy-separator h1-size style-disabled\" style=\"width: 100%;\"><div class=\"dt-fancy-title\" style=\"color: #2389bc;\"><span class=\"separator-holder separator-left\"><\/span>Eindhoven TalentstarZ<span class=\"separator-holder separator-right\"><\/span><\/div><\/div><div class=\"dt-fancy-separator h1-size style-disabled\" style=\"width: 100%;\"><div class=\"dt-fancy-title\" style=\"color: #2389bc;\"><span class=\"separator-holder separator-left\"><\/span>(NL)<span class=\"separator-holder separator-right\"><\/span><\/div><\/div><div class=\"ult-spacer spacer-69ddcd892d3ea\" data-id=\"69ddcd892d3ea\" data-height=\"15\" data-height-mobile=\"5\" data-height-tab=\"15\" data-height-tab-portrait=\"15\" data-height-mobile-landscape=\"5\" style=\"clear:both;display:block;\"><\/div>[vc_single_image image=&#8221;38724&#8243; img_size=&#8221;400&#215;260&#8243; alignment=&#8221;center&#8221; onclick=&#8221;custom_link&#8221; link=&#8221;https:\/\/staging.sportstarz-aquatics.com\/es\/locaties\/magyarorszag-eindhoven\/&#8221;]<div class=\"ult-spacer spacer-69ddcd892d423\" data-id=\"69ddcd892d423\" data-height=\"15\" data-height-mobile=\"5\" data-height-tab=\"15\" data-height-tab-portrait=\"15\" data-height-mobile-landscape=\"5\" style=\"clear:both;display:block;\"><\/div>[vc_column_text]Naponta k\u00e9tszer edz\u00fcnk Eur\u00f3pa legnagyobb \u00e9s legszebb \u00fasz\u00f3medenc\u00e9j\u00e9ben, az eindhoveni \u201ePieter van de Hoogenband \u00fasz\u00f3stadionban\u201d. Ez a cs\u00facstechnol\u00f3gi\u00e1j\u00fa \u00fasz\u00f3komplexum a hazai cs\u00facskateg\u00f3ri\u00e1s \u00fasz\u00f3sportol\u00f3k otthona. Az 50 m\u00e9teres (10 s\u00e1vos) olimpiai m\u00e9ret\u0171 uszod\u00e1t \u00e9s a 4 s\u00e1vos edz\u0151medenc\u00e9t haszn\u00e1ljuk. Eur\u00f3pa egyik szuper helysz\u00edne. \u00dasz\u00e1s ut\u00e1n optim\u00e1lis sportk\u00f6rnyezetben tart\u00f3zkodunk, hogy \u00fajra felt\u00f6lt\u0151dj\u00fcnk. A Sports Hotel &#8216;de Moorsselse Hoeve tizenn\u00e9gy modern \u00e9s nagyon k\u00e9nyelmes n\u00e9gy\u00e1gyas h\u00e1l\u00f3szob\u00e1t k\u00edn\u00e1l, kiv\u00e1l\u00f3 \u00e1gyakkal a nagy pihen\u00e9shez, \u00e9s mindegyikhez saj\u00e1t f\u00fcrd\u0151szoba tartozik.\u00a0Helysz\u00ednek[\/vc_column_text]<div class=\"ult-spacer spacer-69ddcd892d44e\" data-id=\"69ddcd892d44e\" data-height=\"5\" data-height-mobile=\"3\" data-height-tab=\"5\" data-height-tab-portrait=\"5\" data-height-mobile-landscape=\"3\" style=\"clear:both;display:block;\"><\/div>[\/vc_column][\/vc_row][vc_row][vc_column width=&#8221;1\/2&#8243;]<style type=\"text\/css\" data-type=\"the7_shortcodes-inline-css\">#default-btn-d765d88eab5eaca0052bac4d32601461 {\n  border-radius: 0px;\n  font-size: 16px;\n  line-height: 18px;\n}\n.btn-shadow#default-btn-d765d88eab5eaca0052bac4d32601461 {\n  box-shadow: 0 1px 6px rgba(0,0,0,0.12);\n  transition: box-shadow 0.2s ease-out, opacity 0.45s;\n}\n.btn-shadow#default-btn-d765d88eab5eaca0052bac4d32601461:hover {\n  box-shadow: 0 5px 11px 0 rgba(0,0,0,0.18), 0 4px 15px 0 rgba(0,0,0,0.15);\n}\n.btn-3d#default-btn-d765d88eab5eaca0052bac4d32601461 {\n  box-shadow: 0px 2px 0px 0px #2a5e78;\n}\n.btn-3d#default-btn-d765d88eab5eaca0052bac4d32601461:hover {\n  box-shadow: 0px 2px 0px 0px #c28216;\n}\n.btn-flat#default-btn-d765d88eab5eaca0052bac4d32601461 {\n  box-shadow: none;\n}\n.btn-flat#default-btn-d765d88eab5eaca0052bac4d32601461:hover {\n  box-shadow: none;\n}\n#default-btn-d765d88eab5eaca0052bac4d32601461.ico-right-side > i {\n  margin-right: 0px;\n  margin-left: 8px;\n}\n#default-btn-d765d88eab5eaca0052bac4d32601461 > i {\n  margin-right: 8px;\n  font-size: 16px;\n}\n#default-btn-d765d88eab5eaca0052bac4d32601461:not(:hover) {\n  border-width: 0px;\n  color: #ffffff;\n  background: #2389bc !important;\n  padding: 10px 18px 10px 16px;\n}\n#default-btn-d765d88eab5eaca0052bac4d32601461:not(:hover) * {\n  color: #ffffff;\n}\n#default-btn-d765d88eab5eaca0052bac4d32601461:hover {\n  border-width: 0px;\n  color: #ffffff;\n  background: #ffa916 !important;\n  padding: 10px 18px 10px 16px;\n}\n#default-btn-d765d88eab5eaca0052bac4d32601461:hover * {\n  color: #ffffff;\n}\n#default-btn-d765d88eab5eaca0052bac4d32601461.ico-right-side > i {\n  margin-right: 0px;\n  margin-left: 8px;\n}\n#default-btn-d765d88eab5eaca0052bac4d32601461 > i {\n  margin-right: 8px;\n}\n<\/style><div class=\"btn-align-center\"><a href=\"https:\/\/staging.sportstarz-aquatics.com\/es\/magyarorszag-budapest\/\" class=\"default-btn-shortcode dt-btn link-hover-off anchor-link btn-flat \" id=\"default-btn-d765d88eab5eaca0052bac4d32601461\" title=\"Lees meer\"><span>Budapest TalentstarZ<\/span><\/a><\/div><div class=\"ult-spacer spacer-69ddcd892d58c\" data-id=\"69ddcd892d58c\" data-height=\"15\" data-height-mobile=\"10\" data-height-tab=\"15\" data-height-tab-portrait=\"15\" data-height-mobile-landscape=\"10\" style=\"clear:both;display:block;\"><\/div>[\/vc_column][vc_column width=&#8221;1\/2&#8243;]<style type=\"text\/css\" data-type=\"the7_shortcodes-inline-css\">#default-btn-91f548e2c516b9f42aa57bff9e603268 {\n  border-radius: 0px;\n  font-size: 16px;\n  line-height: 18px;\n}\n.btn-shadow#default-btn-91f548e2c516b9f42aa57bff9e603268 {\n  box-shadow: 0 1px 6px rgba(0,0,0,0.12);\n  transition: box-shadow 0.2s ease-out, opacity 0.45s;\n}\n.btn-shadow#default-btn-91f548e2c516b9f42aa57bff9e603268:hover {\n  box-shadow: 0 5px 11px 0 rgba(0,0,0,0.18), 0 4px 15px 0 rgba(0,0,0,0.15);\n}\n.btn-3d#default-btn-91f548e2c516b9f42aa57bff9e603268 {\n  box-shadow: 0px 2px 0px 0px #2a5e78;\n}\n.btn-3d#default-btn-91f548e2c516b9f42aa57bff9e603268:hover {\n  box-shadow: 0px 2px 0px 0px #c28216;\n}\n.btn-flat#default-btn-91f548e2c516b9f42aa57bff9e603268 {\n  box-shadow: none;\n}\n.btn-flat#default-btn-91f548e2c516b9f42aa57bff9e603268:hover {\n  box-shadow: none;\n}\n#default-btn-91f548e2c516b9f42aa57bff9e603268.ico-right-side > i {\n  margin-right: 0px;\n  margin-left: 8px;\n}\n#default-btn-91f548e2c516b9f42aa57bff9e603268 > i {\n  margin-right: 8px;\n  font-size: 16px;\n}\n#default-btn-91f548e2c516b9f42aa57bff9e603268:not(:hover) {\n  border-width: 0px;\n  color: #ffffff;\n  background: #2389bc !important;\n  padding: 10px 18px 10px 16px;\n}\n#default-btn-91f548e2c516b9f42aa57bff9e603268:not(:hover) * {\n  color: #ffffff;\n}\n#default-btn-91f548e2c516b9f42aa57bff9e603268:hover {\n  border-width: 0px;\n  color: #ffffff;\n  background: #ffa916 !important;\n  padding: 10px 18px 10px 16px;\n}\n#default-btn-91f548e2c516b9f42aa57bff9e603268:hover * {\n  color: #ffffff;\n}\n#default-btn-91f548e2c516b9f42aa57bff9e603268.ico-right-side > i {\n  margin-right: 0px;\n  margin-left: 8px;\n}\n#default-btn-91f548e2c516b9f42aa57bff9e603268 > i {\n  margin-right: 8px;\n}\n<\/style><div class=\"btn-align-center\"><a href=\"https:\/\/staging.sportstarz-aquatics.com\/es\/locaties\/magyarorszag-eindhoven\/\" class=\"default-btn-shortcode dt-btn link-hover-off anchor-link btn-flat \" id=\"default-btn-91f548e2c516b9f42aa57bff9e603268\" title=\"Lees meer\"><span>Eindhoven TalentstarZ<\/span><\/a><\/div><div class=\"ult-spacer spacer-69ddcd892d681\" data-id=\"69ddcd892d681\" data-height=\"15\" data-height-mobile=\"10\" data-height-tab=\"15\" data-height-tab-portrait=\"15\" data-height-mobile-landscape=\"10\" style=\"clear:both;display:block;\"><\/div>[\/vc_column][\/vc_row][vc_row][vc_column]<div class=\"ult-spacer spacer-69ddcd892d6ce\" data-id=\"69ddcd892d6ce\" data-height=\"50\" data-height-mobile=\"25\" data-height-tab=\"50\" data-height-tab-portrait=\"50\" data-height-mobile-landscape=\"25\" style=\"clear:both;display:block;\"><\/div><div class=\"hr-thin style-dotted accent-border-color\" style=\"width: 100%;border-top-width: 1px;\"><\/div><div class=\"ult-spacer spacer-69ddcd892d741\" data-id=\"69ddcd892d741\" data-height=\"50\" data-height-mobile=\"25\" data-height-tab=\"50\" data-height-tab-portrait=\"50\" data-height-mobile-landscape=\"25\" style=\"clear:both;display:block;\"><\/div>[\/vc_column][\/vc_row][vc_row][vc_column]<div class=\"ult-spacer spacer-69ddcd892d76e\" data-id=\"69ddcd892d76e\" data-height=\"50\" data-height-mobile=\"25\" data-height-tab=\"50\" data-height-tab-portrait=\"50\" data-height-mobile-landscape=\"25\" style=\"clear:both;display:block;\"><\/div>[\/vc_column][\/vc_row][vc_row][vc_column width=&#8221;5\/6&#8243;][vc_column_text]<\/p>\n<h4 style=\"text-align: center;\">\u00c1ttekint\u00e9s 2021 nyar\u00e1n<\/h4>\n<p>[\/vc_column_text]<div class=\"standard-arrow list-divider bullet-top\"><div class=\"wpb_text_column wpb_content_element \">\n<div class=\"wpb_wrapper\">\n<ul>\n<li>J\u00fanius 28. &#8211; j\u00falius 2. TalentstarZ Budapest (HU)<\/li>\n<li>J\u00falius 19. &#8211; j\u00falius 23. TalentstarZ Eindhoven (NL)<\/li>\n<li>Augusztus 2. &#8211; augusztus 6. TalentstarZ Eindhoven (NL)<\/li>\n<li>Augusztus 16. &#8211; augusztus 20. TalentstarZ Eindhoven (NL)<\/li>\n<li>Augusztus 23. &#8211; augusztus 27. TalentstarZ Eindhoven (NL)<\/li>\n<\/ul>\n<\/div>\n<\/div>\n<\/div>[\/vc_column][vc_column width=&#8221;1\/6&#8243;]<div class=\"ult-spacer spacer-69ddcd892d864\" data-id=\"69ddcd892d864\" data-height=\"50\" data-height-mobile=\"10\" data-height-tab=\"50\" data-height-tab-portrait=\"50\" data-height-mobile-landscape=\"10\" style=\"clear:both;display:block;\"><\/div>[vc_btn title=&#8221;Regisztr\u00e1lj&#8221; style=&#8221;custom&#8221; custom_background=&#8221;#ffa916&#8243; custom_text=&#8221;#666666&#8243; shape=&#8221;round&#8221; size=&#8221;lg&#8221; align=&#8221;left&#8221; link=&#8221;url:https%3A%2F%2Fstaging.sportstarz-aquatics.com%2Fhu%2Fregisztralja%2F&#8221;][\/vc_column][\/vc_row][vc_row][vc_column width=&#8221;1\/4&#8243;][vc_single_image image=&#8221;38778&#8243;][\/vc_column][vc_column width=&#8221;3\/4&#8243;][vc_column_text]Like us on\u00a0<a href=\"https:\/\/www.facebook.com\/zwemkamp\/\" target=\"_blank\" rel=\"noopener noreferrer\">Facebook<\/a>[\/vc_column_text][\/vc_column][\/vc_row]<\/p>\n<\/div>","protected":false},"excerpt":{"rendered":"<p>[vc_section][vc_row][vc_column][vc_column_text]Helysz\u00ednek : A SportstarZ a min\u0151s\u00e9get jelenti. Ez\u00e9rt gondosan v\u00e1logatjuk ki a felejthetetlen sportt\u00e1borok legjobb helysz\u00edneit. Sporthelyeink az orsz\u00e1gok legjobbjai k\u00f6z\u00e9 tartoznak, lehet\u0151leg olimpiai m\u00e9ret\u0171ek, \u00e9s mindig a leg\u00fajabb (sport) technik\u00e1kkal vannak felszerelve. A sz\u00e1ll\u00e1sunkon is csak azt a kis extr\u00e1t v\u00e1lasztjuk, nincs hord\u00e1gyakkal vagy s\u00e1trakkal val\u00f3 ny\u00fczsg\u00e9s, de remek l\u00e9gk\u00f6r, k\u00e9nyelem \u00e9s sportos k\u00f6rnyezet.&hellip;<\/p>\n","protected":false},"author":36,"featured_media":0,"parent":0,"menu_order":5,"comment_status":"closed","ping_status":"closed","template":"","meta":{"_acf_changed":false,"footnotes":""},"categories":[],"tags":[],"class_list":["post-47001","page","type-page","status-publish","hentry","description-off"],"acf":[],"yoast_head":"<!-- This site is optimized with the Yoast SEO plugin v25.3 - https:\/\/yoast.com\/wordpress\/plugins\/seo\/ -->\n<title>Helysz\u00ednek SportstarZ swim camp Hungary - SportstarZ<\/title>\n<meta name=\"description\" content=\"Helysz\u00ednek : A SportstarZ a min\u0151s\u00e9get jelenti. Ez\u00e9rt gondosan v\u00e1logatjuk ki a felejthetetlen sportt\u00e1borok legjobb helysz\u00edneit.\" \/>\n<meta name=\"robots\" content=\"noindex, follow, max-snippet:-1, max-image-preview:large, max-video-preview:-1\" \/>\n<meta property=\"og:locale\" content=\"hu_HU\" \/>\n<meta property=\"og:type\" content=\"article\" \/>\n<meta property=\"og:title\" content=\"Helysz\u00ednek SportstarZ swim camp Hungary - SportstarZ\" \/>\n<meta property=\"og:description\" content=\"Helysz\u00ednek : A SportstarZ a min\u0151s\u00e9get jelenti. Ez\u00e9rt gondosan v\u00e1logatjuk ki a felejthetetlen sportt\u00e1borok legjobb helysz\u00edneit.\" \/>\n<meta property=\"og:url\" content=\"https:\/\/staging.sportstarz-aquatics.com\/locaties\/\" \/>\n<meta property=\"og:site_name\" content=\"SportstarZ\" \/>\n<meta property=\"article:modified_time\" content=\"2021-03-03T17:01:34+00:00\" \/>\n<meta name=\"twitter:card\" content=\"summary_large_image\" \/>\n<meta name=\"twitter:label1\" content=\"Becs\u00fclt olvas\u00e1si id\u0151\" \/>\n\t<meta name=\"twitter:data1\" content=\"2 perc\" \/>\n<script type=\"application\/ld+json\" class=\"yoast-schema-graph\">{\"@context\":\"https:\/\/schema.org\",\"@graph\":[{\"@type\":\"WebPage\",\"@id\":\"https:\/\/staging.sportstarz-aquatics.com\/locaties\/\",\"url\":\"https:\/\/staging.sportstarz-aquatics.com\/locaties\/\",\"name\":\"Helysz\u00ednek SportstarZ swim camp Hungary - SportstarZ\",\"isPartOf\":{\"@id\":\"https:\/\/staging.sportstarz-aquatics.com\/#website\"},\"datePublished\":\"2021-01-27T10:31:40+00:00\",\"dateModified\":\"2021-03-03T17:01:34+00:00\",\"description\":\"Helysz\u00ednek : A SportstarZ a min\u0151s\u00e9get jelenti. Ez\u00e9rt gondosan v\u00e1logatjuk ki a felejthetetlen sportt\u00e1borok legjobb helysz\u00edneit.\",\"breadcrumb\":{\"@id\":\"https:\/\/staging.sportstarz-aquatics.com\/locaties\/#breadcrumb\"},\"inLanguage\":\"hu\",\"potentialAction\":[{\"@type\":\"ReadAction\",\"target\":[\"https:\/\/staging.sportstarz-aquatics.com\/locaties\/\"]}]},{\"@type\":\"BreadcrumbList\",\"@id\":\"https:\/\/staging.sportstarz-aquatics.com\/locaties\/#breadcrumb\",\"itemListElement\":[{\"@type\":\"ListItem\",\"position\":1,\"name\":\"Home\",\"item\":\"https:\/\/staging.sportstarz-aquatics.com\/hu\/\"},{\"@type\":\"ListItem\",\"position\":2,\"name\":\"Helysz\u00ednek SportstarZ swim camp Hungary\"}]},{\"@type\":\"WebSite\",\"@id\":\"https:\/\/staging.sportstarz-aquatics.com\/#website\",\"url\":\"https:\/\/staging.sportstarz-aquatics.com\/\",\"name\":\"SportstarZ\",\"description\":\"Swim Camp \",\"potentialAction\":[{\"@type\":\"SearchAction\",\"target\":{\"@type\":\"EntryPoint\",\"urlTemplate\":\"https:\/\/staging.sportstarz-aquatics.com\/?s={search_term_string}\"},\"query-input\":{\"@type\":\"PropertyValueSpecification\",\"valueRequired\":true,\"valueName\":\"search_term_string\"}}],\"inLanguage\":\"hu\"}]}<\/script>\n<!-- \/ Yoast SEO plugin. -->","yoast_head_json":{"title":"Helysz\u00ednek SportstarZ swim camp Hungary - SportstarZ","description":"Helysz\u00ednek : A SportstarZ a min\u0151s\u00e9get jelenti. Ez\u00e9rt gondosan v\u00e1logatjuk ki a felejthetetlen sportt\u00e1borok legjobb helysz\u00edneit.","robots":{"index":"noindex","follow":"follow","max-snippet":"max-snippet:-1","max-image-preview":"max-image-preview:large","max-video-preview":"max-video-preview:-1"},"og_locale":"hu_HU","og_type":"article","og_title":"Helysz\u00ednek SportstarZ swim camp Hungary - SportstarZ","og_description":"Helysz\u00ednek : A SportstarZ a min\u0151s\u00e9get jelenti. Ez\u00e9rt gondosan v\u00e1logatjuk ki a felejthetetlen sportt\u00e1borok legjobb helysz\u00edneit.","og_url":"https:\/\/staging.sportstarz-aquatics.com\/locaties\/","og_site_name":"SportstarZ","article_modified_time":"2021-03-03T17:01:34+00:00","twitter_card":"summary_large_image","twitter_misc":{"Becs\u00fclt olvas\u00e1si id\u0151":"2 perc"},"schema":{"@context":"https:\/\/schema.org","@graph":[{"@type":"WebPage","@id":"https:\/\/staging.sportstarz-aquatics.com\/locaties\/","url":"https:\/\/staging.sportstarz-aquatics.com\/locaties\/","name":"Helysz\u00ednek SportstarZ swim camp Hungary - SportstarZ","isPartOf":{"@id":"https:\/\/staging.sportstarz-aquatics.com\/#website"},"datePublished":"2021-01-27T10:31:40+00:00","dateModified":"2021-03-03T17:01:34+00:00","description":"Helysz\u00ednek : A SportstarZ a min\u0151s\u00e9get jelenti. Ez\u00e9rt gondosan v\u00e1logatjuk ki a felejthetetlen sportt\u00e1borok legjobb helysz\u00edneit.","breadcrumb":{"@id":"https:\/\/staging.sportstarz-aquatics.com\/locaties\/#breadcrumb"},"inLanguage":"hu","potentialAction":[{"@type":"ReadAction","target":["https:\/\/staging.sportstarz-aquatics.com\/locaties\/"]}]},{"@type":"BreadcrumbList","@id":"https:\/\/staging.sportstarz-aquatics.com\/locaties\/#breadcrumb","itemListElement":[{"@type":"ListItem","position":1,"name":"Home","item":"https:\/\/staging.sportstarz-aquatics.com\/hu\/"},{"@type":"ListItem","position":2,"name":"Helysz\u00ednek SportstarZ swim camp Hungary"}]},{"@type":"WebSite","@id":"https:\/\/staging.sportstarz-aquatics.com\/#website","url":"https:\/\/staging.sportstarz-aquatics.com\/","name":"SportstarZ","description":"Swim Camp ","potentialAction":[{"@type":"SearchAction","target":{"@type":"EntryPoint","urlTemplate":"https:\/\/staging.sportstarz-aquatics.com\/?s={search_term_string}"},"query-input":{"@type":"PropertyValueSpecification","valueRequired":true,"valueName":"search_term_string"}}],"inLanguage":"hu"}]}},"_links":{"self":[{"href":"https:\/\/staging.sportstarz-aquatics.com\/hu\/wp-json\/wp\/v2\/pages\/47001","targetHints":{"allow":["GET"]}}],"collection":[{"href":"https:\/\/staging.sportstarz-aquatics.com\/hu\/wp-json\/wp\/v2\/pages"}],"about":[{"href":"https:\/\/staging.sportstarz-aquatics.com\/hu\/wp-json\/wp\/v2\/types\/page"}],"author":[{"embeddable":true,"href":"https:\/\/staging.sportstarz-aquatics.com\/hu\/wp-json\/wp\/v2\/users\/36"}],"replies":[{"embeddable":true,"href":"https:\/\/staging.sportstarz-aquatics.com\/hu\/wp-json\/wp\/v2\/comments?post=47001"}],"version-history":[{"count":6,"href":"https:\/\/staging.sportstarz-aquatics.com\/hu\/wp-json\/wp\/v2\/pages\/47001\/revisions"}],"predecessor-version":[{"id":47843,"href":"https:\/\/staging.sportstarz-aquatics.com\/hu\/wp-json\/wp\/v2\/pages\/47001\/revisions\/47843"}],"wp:attachment":[{"href":"https:\/\/staging.sportstarz-aquatics.com\/hu\/wp-json\/wp\/v2\/media?parent=47001"}],"wp:term":[{"taxonomy":"category","embeddable":true,"href":"https:\/\/staging.sportstarz-aquatics.com\/hu\/wp-json\/wp\/v2\/categories?post=47001"},{"taxonomy":"post_tag","embeddable":true,"href":"https:\/\/staging.sportstarz-aquatics.com\/hu\/wp-json\/wp\/v2\/tags?post=47001"}],"curies":[{"name":"wp","href":"https:\/\/api.w.org\/{rel}","templated":true}]}}