{"id":47459,"date":"2021-01-27T13:19:16","date_gmt":"2021-01-27T12:19:16","guid":{"rendered":"https:\/\/staging.sportstarz-aquatics.com\/?page_id=47459"},"modified":"2021-01-29T11:51:23","modified_gmt":"2021-01-29T10:51:23","slug":"kapcsolatba","status":"publish","type":"page","link":"https:\/\/staging.sportstarz-aquatics.com\/hu\/kapcsolatba\/","title":{"rendered":"Kapcsolatba"},"content":{"rendered":"<div class=\"wpb-content-wrapper\"><p>[vc_row type=&#8221;vc_default&#8221; margin_top=&#8221;0&#8243; margin_bottom=&#8221;-35&#8243; css=&#8221;.vc_custom_1498572765023{margin-top: 70px !important;margin-bottom: 20px !important;}&#8221;][vc_column offset=&#8221;vc_col-lg-6 vc_col-md-7 vc_col-xs-12&#8243; css=&#8221;.vc_custom_1498821716836{padding-bottom: 40px !important;}&#8221;]<div class=\"dt-fancy-separator title-left h1-size style-disabled\" style=\"width: 100%;\"><div class=\"dt-fancy-title\" style=\"color: #2389bc;\"><span class=\"separator-holder separator-left\"><\/span>Kapcsolatba<span class=\"separator-holder separator-right\"><\/span><\/div><\/div><div class=\"dt-fancy-separator title-left h2-size style-disabled\" style=\"width: 100%;\"><div class=\"dt-fancy-title\" style=\"color: #000000;\"><span class=\"separator-holder separator-left\"><\/span>l\u00e9pni<span class=\"separator-holder separator-right\"><\/span><\/div><\/div><div class=\"ult-spacer spacer-69dde204b6e7c\" data-id=\"69dde204b6e7c\" data-height=\"75\" data-height-mobile=\"30\" data-height-tab=\"75\" data-height-tab-portrait=\"75\" data-height-mobile-landscape=\"30\" style=\"clear:both;display:block;\"><\/div><div class=\"dt-fancy-separator title-left h1-size style-disabled\" style=\"width: 100%;\"><div class=\"dt-fancy-title\" style=\"color: #2389bc;\"><span class=\"separator-holder separator-left\"><\/span>SportstarZ<span class=\"separator-holder separator-right\"><\/span><\/div><\/div><div class=\"ult-spacer spacer-69dde204b6eec\" data-id=\"69dde204b6eec\" data-height=\"50\" data-height-mobile=\"25\" data-height-tab=\"50\" data-height-tab-portrait=\"50\" data-height-mobile-landscape=\"25\" style=\"clear:both;display:block;\"><\/div>[vc_text_separator title=&#8221;sportmenedzsment&#8221; title_align=&#8221;separator_align_left&#8221; color=&#8221;blue&#8221;]<div class=\"ult-spacer spacer-69dde204b6f27\" data-id=\"69dde204b6f27\" data-height=\"20\" data-height-mobile=\"10\" data-height-tab=\"20\" data-height-tab-portrait=\"20\" data-height-mobile-landscape=\"10\" style=\"clear:both;display:block;\"><\/div>[vc_text_separator title=&#8221;sportmarketing&#8221; title_align=&#8221;separator_align_left&#8221; color=&#8221;blue&#8221;]<div class=\"ult-spacer spacer-69dde204b6f5c\" data-id=\"69dde204b6f5c\" data-height=\"20\" data-height-mobile=\"10\" data-height-tab=\"20\" data-height-tab-portrait=\"20\" data-height-mobile-landscape=\"10\" style=\"clear:both;display:block;\"><\/div>[vc_text_separator title=&#8221;esem\u00e9nyek&#8221; title_align=&#8221;separator_align_left&#8221; color=&#8221;blue&#8221;]<div class=\"ult-spacer spacer-69dde204b6f84\" data-id=\"69dde204b6f84\" data-height=\"20\" data-height-mobile=\"10\" data-height-tab=\"20\" data-height-tab-portrait=\"20\" data-height-mobile-landscape=\"10\" style=\"clear:both;display:block;\"><\/div>[vc_text_separator title=&#8221;utaz\u00e1s&#8221; title_align=&#8221;separator_align_left&#8221; color=&#8221;blue&#8221;]<div class=\"ult-spacer spacer-69dde204b6faf\" data-id=\"69dde204b6faf\" data-height=\"20\" data-height-mobile=\"10\" data-height-tab=\"20\" data-height-tab-portrait=\"20\" data-height-mobile-landscape=\"10\" style=\"clear:both;display:block;\"><\/div>[\/vc_column][vc_column offset=&#8221;vc_col-lg-6 vc_col-md-5 vc_col-xs-12&#8243; css=&#8221;.vc_custom_1498572768127{padding-bottom: 50px !important;}&#8221;]<div class=\"dt-fancy-separator title-left h1-size style-disabled\" style=\"width: 100%;\"><div class=\"dt-fancy-title\" style=\"color: #2389bc;\"><span class=\"separator-holder separator-left\"><\/span>K\u00fcldj\u00f6n nek\u00fcnk<span class=\"separator-holder separator-right\"><\/span><\/div><\/div><div class=\"dt-fancy-separator title-left h2-size style-disabled\" style=\"width: 100%;\"><div class=\"dt-fancy-title\" style=\"color: #000000;\"><span class=\"separator-holder separator-left\"><\/span>\u00fczenetet<span class=\"separator-holder separator-right\"><\/span><\/div><\/div>[vc_column_text css=&#8221;.vc_custom_1609689530919{padding-bottom: 30px !important;}&#8221;]K\u00e9rd\u00e9seivel vagy tan\u00e1csokkal t\u00f6ltse ki kapcsolattart\u00e1si \u0171rlapunkat. A lehet\u0151 leghamarabb felvessz\u00fck \u00d6nnel a kapcsolatot.[\/vc_column_text]<div class=\"ult-spacer spacer-69dde204b7066\" data-id=\"69dde204b7066\" data-height=\"20\" data-height-mobile=\"10\" data-height-tab=\"20\" data-height-tab-portrait=\"20\" data-height-mobile-landscape=\"10\" style=\"clear:both;display:block;\"><\/div>\n<div class=\"wpcf7 no-js\" id=\"wpcf7-f47803-o1\" lang=\"nl-NL\" dir=\"ltr\" data-wpcf7-id=\"47803\">\n<div class=\"screen-reader-response\"><p role=\"status\" aria-live=\"polite\" aria-atomic=\"true\"><\/p> <ul><\/ul><\/div>\n<form action=\"\/hu\/wp-json\/wp\/v2\/pages\/47459#wpcf7-f47803-o1\" method=\"post\" class=\"wpcf7-form init\" aria-label=\"Contactformulier\" novalidate=\"novalidate\" data-status=\"init\">\n<div style=\"display: none;\">\n<input type=\"hidden\" name=\"_wpcf7\" value=\"47803\" \/>\n<input type=\"hidden\" name=\"_wpcf7_version\" value=\"6.0.6\" \/>\n<input type=\"hidden\" name=\"_wpcf7_locale\" value=\"nl_NL\" \/>\n<input type=\"hidden\" name=\"_wpcf7_unit_tag\" value=\"wpcf7-f47803-o1\" \/>\n<input type=\"hidden\" name=\"_wpcf7_container_post\" value=\"0\" \/>\n<input type=\"hidden\" name=\"_wpcf7_posted_data_hash\" value=\"\" \/>\n<input type=\"hidden\" name=\"_wpcf7_recaptcha_response\" value=\"\" \/>\n<\/div>\n<p><span class=\"wpcf7-form-control-wrap\" data-name=\"text-naam\"><input size=\"40\" maxlength=\"400\" class=\"wpcf7-form-control wpcf7-text wpcf7-validates-as-required\" aria-required=\"true\" aria-invalid=\"false\" placeholder=\"N\u00e9v *\" value=\"\" type=\"text\" name=\"text-naam\" \/><\/span><span id=\"wpcf7-69dde204bb5b4-wrapper\" class=\"wpcf7-form-control-wrap lastname-wrap\" style=\"display:none !important; visibility:hidden !important;\"><label for=\"wpcf7-69dde204bb5b4-field\" class=\"hp-message\">Gelieve dit veld leeg te laten.<\/label><input id=\"wpcf7-69dde204bb5b4-field\"  class=\"wpcf7-form-control wpcf7-text\" type=\"text\" name=\"lastname\" value=\"\" size=\"40\" tabindex=\"-1\" autocomplete=\"new-password\" \/><\/span><br \/>\n<span class=\"wpcf7-form-control-wrap\" data-name=\"email-persoon\"><input size=\"40\" maxlength=\"400\" class=\"wpcf7-form-control wpcf7-email wpcf7-validates-as-required wpcf7-text wpcf7-validates-as-email\" aria-required=\"true\" aria-invalid=\"false\" placeholder=\"Email *\" value=\"\" type=\"email\" name=\"email-persoon\" \/><\/span><span id=\"wpcf7-69dde204bb67d-wrapper\" class=\"wpcf7-form-control-wrap phone-wrap\" style=\"display:none !important; visibility:hidden !important;\"><label for=\"wpcf7-69dde204bb67d-field\" class=\"hp-message\">Gelieve dit veld leeg te laten.<\/label><input id=\"wpcf7-69dde204bb67d-field\"  class=\"wpcf7-form-control wpcf7-text\" type=\"text\" name=\"phone\" value=\"\" size=\"40\" tabindex=\"-1\" autocomplete=\"new-password\" \/><\/span><br \/>\n<span class=\"wpcf7-form-control-wrap\" data-name=\"telefoon-persoon\"><input size=\"40\" maxlength=\"400\" class=\"wpcf7-form-control wpcf7-tel wpcf7-validates-as-required wpcf7-text wpcf7-validates-as-tel\" aria-required=\"true\" aria-invalid=\"false\" placeholder=\"Telefon *\" value=\"\" type=\"tel\" name=\"telefoon-persoon\" \/><\/span><span id=\"wpcf7-69dde204bb737-wrapper\" class=\"wpcf7-form-control-wrap gender-wrap\" style=\"display:none !important; visibility:hidden !important;\"><label for=\"wpcf7-69dde204bb737-field\" class=\"hp-message\">Gelieve dit veld leeg te laten.<\/label><input id=\"wpcf7-69dde204bb737-field\"  class=\"wpcf7-form-control wpcf7-text\" type=\"text\" name=\"gender\" value=\"\" size=\"40\" tabindex=\"-1\" autocomplete=\"new-password\" \/><\/span><br \/>\n<span class=\"wpcf7-form-control-wrap\" data-name=\"country-persoon\"><input size=\"40\" maxlength=\"400\" class=\"wpcf7-form-control wpcf7-text wpcf7-validates-as-required\" aria-required=\"true\" aria-invalid=\"false\" placeholder=\"Orsz\u00e1g  *\" value=\"\" type=\"text\" name=\"country-persoon\" \/><\/span><br \/>\n<span class=\"wpcf7-form-control-wrap\" data-name=\"textarea-vragen\"><textarea cols=\"40\" rows=\"10\" maxlength=\"2000\" class=\"wpcf7-form-control wpcf7-textarea wpcf7-validates-as-required\" aria-required=\"true\" aria-invalid=\"false\" placeholder=\"k\u00e9rdez *\" name=\"textarea-vragen\"><\/textarea><\/span><br \/>\n<span class=\"wpcf7-form-control-wrap\" data-name=\"acceptance-676\"><span class=\"wpcf7-form-control wpcf7-acceptance\"><span class=\"wpcf7-list-item\"><label><input type=\"checkbox\" name=\"acceptance-676\" value=\"1\" aria-invalid=\"false\" \/><span class=\"wpcf7-list-item-label\">Ezen \u0171rlap haszn\u00e1lat\u00e1val \u00d6n egyet\u00e9rt azzal, hogy adatait ezen a weboldalon t\u00e1rolja \u00e9s kezelje.<\/span><\/label><\/span><\/span><\/span><br \/>\n<input class=\"wpcf7-form-control wpcf7-submit has-spinner\" type=\"submit\" value=\"K\u00fcld\" \/>\n<\/p><div class=\"wpcf7-response-output\" aria-hidden=\"true\"><\/div>\n<\/form>\n<\/div>\n[\/vc_column][\/vc_row]<\/p>\n<\/div>","protected":false},"excerpt":{"rendered":"<p>[vc_row type=&#8221;vc_default&#8221; margin_top=&#8221;0&#8243; margin_bottom=&#8221;-35&#8243; css=&#8221;.vc_custom_1498572765023{margin-top: 70px !important;margin-bottom: 20px !important;}&#8221;][vc_column offset=&#8221;vc_col-lg-6 vc_col-md-7 vc_col-xs-12&#8243; css=&#8221;.vc_custom_1498821716836{padding-bottom: 40px !important;}&#8221;][vc_text_separator title=&#8221;sportmenedzsment&#8221; title_align=&#8221;separator_align_left&#8221; color=&#8221;blue&#8221;][vc_text_separator title=&#8221;sportmarketing&#8221; title_align=&#8221;separator_align_left&#8221; color=&#8221;blue&#8221;][vc_text_separator title=&#8221;esem\u00e9nyek&#8221; title_align=&#8221;separator_align_left&#8221; color=&#8221;blue&#8221;][vc_text_separator title=&#8221;utaz\u00e1s&#8221; title_align=&#8221;separator_align_left&#8221; color=&#8221;blue&#8221;][\/vc_column][vc_column offset=&#8221;vc_col-lg-6 vc_col-md-5 vc_col-xs-12&#8243; css=&#8221;.vc_custom_1498572768127{padding-bottom: 50px !important;}&#8221;][vc_column_text css=&#8221;.vc_custom_1609689530919{padding-bottom: 30px !important;}&#8221;]K\u00e9rd\u00e9seivel vagy tan\u00e1csokkal t\u00f6ltse ki kapcsolattart\u00e1si \u0171rlapunkat. A lehet\u0151 leghamarabb felvessz\u00fck \u00d6nnel a kapcsolatot.[\/vc_column_text][\/vc_column][\/vc_row]<\/p>\n","protected":false},"author":36,"featured_media":0,"parent":0,"menu_order":8,"comment_status":"closed","ping_status":"closed","template":"","meta":{"_acf_changed":false,"footnotes":""},"class_list":["post-47459","page","type-page","status-publish","hentry","description-off"],"acf":[],"yoast_head":"<!-- This site is optimized with the Yoast SEO plugin v25.3 - https:\/\/yoast.com\/wordpress\/plugins\/seo\/ -->\n<title>Kapcsolatba - SportstarZ<\/title>\n<meta name=\"description\" content=\"Kapcsolatba\" \/>\n<meta name=\"robots\" content=\"noindex, follow, max-snippet:-1, max-image-preview:large, max-video-preview:-1\" \/>\n<meta property=\"og:locale\" content=\"hu_HU\" \/>\n<meta property=\"og:type\" content=\"article\" \/>\n<meta property=\"og:title\" content=\"Kapcsolatba - SportstarZ\" \/>\n<meta property=\"og:description\" content=\"Kapcsolatba\" \/>\n<meta property=\"og:url\" content=\"https:\/\/staging.sportstarz-aquatics.com\/over-sportstarz\/\" \/>\n<meta property=\"og:site_name\" content=\"SportstarZ\" \/>\n<meta property=\"article:modified_time\" content=\"2021-01-29T10:51:23+00:00\" \/>\n<meta name=\"twitter:card\" content=\"summary_large_image\" \/>\n<meta name=\"twitter:label1\" content=\"Becs\u00fclt olvas\u00e1si id\u0151\" \/>\n\t<meta name=\"twitter:data1\" content=\"1 perc\" \/>\n<script type=\"application\/ld+json\" class=\"yoast-schema-graph\">{\"@context\":\"https:\/\/schema.org\",\"@graph\":[{\"@type\":\"WebPage\",\"@id\":\"https:\/\/staging.sportstarz-aquatics.com\/over-sportstarz\/\",\"url\":\"https:\/\/staging.sportstarz-aquatics.com\/over-sportstarz\/\",\"name\":\"Kapcsolatba - SportstarZ\",\"isPartOf\":{\"@id\":\"https:\/\/staging.sportstarz-aquatics.com\/#website\"},\"datePublished\":\"2021-01-27T12:19:16+00:00\",\"dateModified\":\"2021-01-29T10:51:23+00:00\",\"description\":\"Kapcsolatba\",\"breadcrumb\":{\"@id\":\"https:\/\/staging.sportstarz-aquatics.com\/over-sportstarz\/#breadcrumb\"},\"inLanguage\":\"hu\",\"potentialAction\":[{\"@type\":\"ReadAction\",\"target\":[\"https:\/\/staging.sportstarz-aquatics.com\/over-sportstarz\/\"]}]},{\"@type\":\"BreadcrumbList\",\"@id\":\"https:\/\/staging.sportstarz-aquatics.com\/over-sportstarz\/#breadcrumb\",\"itemListElement\":[{\"@type\":\"ListItem\",\"position\":1,\"name\":\"Home\",\"item\":\"https:\/\/staging.sportstarz-aquatics.com\/hu\/\"},{\"@type\":\"ListItem\",\"position\":2,\"name\":\"Kapcsolatba\"}]},{\"@type\":\"WebSite\",\"@id\":\"https:\/\/staging.sportstarz-aquatics.com\/#website\",\"url\":\"https:\/\/staging.sportstarz-aquatics.com\/\",\"name\":\"SportstarZ\",\"description\":\"Swim Camp \",\"potentialAction\":[{\"@type\":\"SearchAction\",\"target\":{\"@type\":\"EntryPoint\",\"urlTemplate\":\"https:\/\/staging.sportstarz-aquatics.com\/?s={search_term_string}\"},\"query-input\":{\"@type\":\"PropertyValueSpecification\",\"valueRequired\":true,\"valueName\":\"search_term_string\"}}],\"inLanguage\":\"hu\"}]}<\/script>\n<!-- \/ Yoast SEO plugin. -->","yoast_head_json":{"title":"Kapcsolatba - SportstarZ","description":"Kapcsolatba","robots":{"index":"noindex","follow":"follow","max-snippet":"max-snippet:-1","max-image-preview":"max-image-preview:large","max-video-preview":"max-video-preview:-1"},"og_locale":"hu_HU","og_type":"article","og_title":"Kapcsolatba - SportstarZ","og_description":"Kapcsolatba","og_url":"https:\/\/staging.sportstarz-aquatics.com\/over-sportstarz\/","og_site_name":"SportstarZ","article_modified_time":"2021-01-29T10:51:23+00:00","twitter_card":"summary_large_image","twitter_misc":{"Becs\u00fclt olvas\u00e1si id\u0151":"1 perc"},"schema":{"@context":"https:\/\/schema.org","@graph":[{"@type":"WebPage","@id":"https:\/\/staging.sportstarz-aquatics.com\/over-sportstarz\/","url":"https:\/\/staging.sportstarz-aquatics.com\/over-sportstarz\/","name":"Kapcsolatba - SportstarZ","isPartOf":{"@id":"https:\/\/staging.sportstarz-aquatics.com\/#website"},"datePublished":"2021-01-27T12:19:16+00:00","dateModified":"2021-01-29T10:51:23+00:00","description":"Kapcsolatba","breadcrumb":{"@id":"https:\/\/staging.sportstarz-aquatics.com\/over-sportstarz\/#breadcrumb"},"inLanguage":"hu","potentialAction":[{"@type":"ReadAction","target":["https:\/\/staging.sportstarz-aquatics.com\/over-sportstarz\/"]}]},{"@type":"BreadcrumbList","@id":"https:\/\/staging.sportstarz-aquatics.com\/over-sportstarz\/#breadcrumb","itemListElement":[{"@type":"ListItem","position":1,"name":"Home","item":"https:\/\/staging.sportstarz-aquatics.com\/hu\/"},{"@type":"ListItem","position":2,"name":"Kapcsolatba"}]},{"@type":"WebSite","@id":"https:\/\/staging.sportstarz-aquatics.com\/#website","url":"https:\/\/staging.sportstarz-aquatics.com\/","name":"SportstarZ","description":"Swim Camp ","potentialAction":[{"@type":"SearchAction","target":{"@type":"EntryPoint","urlTemplate":"https:\/\/staging.sportstarz-aquatics.com\/?s={search_term_string}"},"query-input":{"@type":"PropertyValueSpecification","valueRequired":true,"valueName":"search_term_string"}}],"inLanguage":"hu"}]}},"_links":{"self":[{"href":"https:\/\/staging.sportstarz-aquatics.com\/hu\/wp-json\/wp\/v2\/pages\/47459","targetHints":{"allow":["GET"]}}],"collection":[{"href":"https:\/\/staging.sportstarz-aquatics.com\/hu\/wp-json\/wp\/v2\/pages"}],"about":[{"href":"https:\/\/staging.sportstarz-aquatics.com\/hu\/wp-json\/wp\/v2\/types\/page"}],"author":[{"embeddable":true,"href":"https:\/\/staging.sportstarz-aquatics.com\/hu\/wp-json\/wp\/v2\/users\/36"}],"replies":[{"embeddable":true,"href":"https:\/\/staging.sportstarz-aquatics.com\/hu\/wp-json\/wp\/v2\/comments?post=47459"}],"version-history":[{"count":5,"href":"https:\/\/staging.sportstarz-aquatics.com\/hu\/wp-json\/wp\/v2\/pages\/47459\/revisions"}],"predecessor-version":[{"id":47806,"href":"https:\/\/staging.sportstarz-aquatics.com\/hu\/wp-json\/wp\/v2\/pages\/47459\/revisions\/47806"}],"wp:attachment":[{"href":"https:\/\/staging.sportstarz-aquatics.com\/hu\/wp-json\/wp\/v2\/media?parent=47459"}],"curies":[{"name":"wp","href":"https:\/\/api.w.org\/{rel}","templated":true}]}}